{"id":8528,"date":"2023-02-16T20:42:01","date_gmt":"2023-02-16T19:42:01","guid":{"rendered":"https:\/\/www.teehaus-janssen.de\/product\/6021-bio-frucht-baerchen-ohne-gelatine-125g\/"},"modified":"2025-09-30T10:12:53","modified_gmt":"2025-09-30T08:12:53","slug":"6021-bio-frucht-baerchen-ohne-gelatine-125g","status":"publish","type":"product","link":"https:\/\/www.teehaus-janssen.de\/shop\/produkt\/6021-bio-frucht-baerchen-ohne-gelatine-125g\/","title":{"rendered":"6021- BIO FRUCHT-B\u00c4RCHEN &#8211; OHNE GELATINE &#8211; 125g"},"content":{"rendered":"<div class=\"content--title\">\n<h4 class=\"content--title\"><strong>BIO Frucht-B\u00e4rchen ohne Gelatine<\/strong><\/h4>\n<h4 class=\"content--title\"><strong>Intensiv aromatisch-fruchtiger Geschmack mit angenehmer S\u00fc\u00dfe.<\/strong><\/h4>\n<p>Zutaten: Glukosesirup*, R\u00fcbenzucker*, 3,47 % Fruchtsaftkonzentrate*<br \/>\n(Apfel*, Orange*, Zitrone*, schwarze Johannisbeere*, Ananas*,<br \/>\nHimbeere*), Geliermittel: Pektin, S\u00e4ureregulator: Natriumtartrat,<br \/>\nKaliumtartrat, S\u00e4uerungsmittel: Citronens\u00e4ure; f\u00e4rbende Frucht- und<br \/>\nPflanzenausz\u00fcge (Spirulina*, Saflor, K\u00fcrbis*, Apfel*, Karotte*,<br \/>\nHolunder*), nat\u00fcrliche Aromen (Apfel, Zitrone, Ananas, Himbeere,<br \/>\nOrange, schwarze Johannisbeere), \u00dcberzugsmittel: Carnaubawachs*<br \/>\n*aus kontrolliert biologischem Anbau<\/p>\n<p><img loading=\"lazy\" decoding=\"async\" class=\"alignnone wp-image-34478\" src=\"https:\/\/www.teehaus-janssen.de\/shop\/wp-content\/uploads\/2025\/02\/Nicht-EU.png\" alt=\"\" width=\"239\" height=\"239\" \/><\/p>\n<\/div>\n","protected":false},"excerpt":{"rendered":"<div class=\"content--title\">\n<div class=\"content--title\">\n<div class=\"content--title\">\n<div class=\"content--title\">\n<div class=\"content--title\">\n<div class=\"content--title\">\n<h4 class=\"content--title\"><strong>BIO Frucht-B\u00e4rchen ohne Gelatine<\/strong><\/h4>\n<h4 class=\"content--title\"><strong>Intensiv aromatisch-fruchtiger Geschmack mit angenehmer S\u00fc\u00dfe.<\/strong><\/h4>\n<p>Zutaten: Glukosesirup*, R\u00fcbenzucker*, 3,47 % Fruchtsaftkonzentrate*<br \/>\n(Apfel*, Orange*, Zitrone*, schwarze Johannisbeere*, Ananas*,<br \/>\nHimbeere*), Geliermittel: Pektin, S\u00e4ureregulator: Natriumtartrat,<br \/>\nKaliumtartrat, S\u00e4uerungsmittel: Citronens\u00e4ure; f\u00e4rbende Frucht- und<br \/>\nPflanzenausz\u00fcge (Spirulina*, Saflor, K\u00fcrbis*, Apfel*, Karotte*,<br \/>\nHolunder*), nat\u00fcrliche Aromen (Apfel, Zitrone, Ananas, Himbeere,<br \/>\nOrange, schwarze Johannisbeere), \u00dcberzugsmittel: Carnaubawachs*<br \/>\n*aus kontrolliert biologischem Anbau<\/p>\n<p><img loading=\"lazy\" decoding=\"async\" class=\"alignnone wp-image-34478\" src=\"https:\/\/www.teehaus-janssen.de\/shop\/wp-content\/uploads\/2019\/02\/Nicht-EU-700x700.png\" alt=\"\" width=\"239\" height=\"239\" \/><\/p>\n<\/div>\n<\/div>\n<\/div>\n<\/div>\n<\/div>\n<\/div>\n","protected":false},"featured_media":8529,"template":"","meta":{"_acf_changed":false},"product_brand":[],"product_cat":[358],"product_tag":[433,432,434,455,394,419,421,414,429,428,378,437,439,459,463,460,401,400,390,403,440,441,423,424,431,430,408,427,410,409,412,436,435,426,425,417,457,418,420,393,413,415,416,387,388,379,391,438,462,461,402,389,422,404,406,407,396,395,405,411,386,392,458,456],"class_list":{"0":"post-8528","1":"product","2":"type-product","3":"status-publish","4":"has-post-thumbnail","6":"product_cat-6001-6040-zucker-kekse","7":"product_tag-anis-gemahlen","8":"product_tag-bio-anis","9":"product_tag-bio-anis-gemahlen","10":"product_tag-bio-bourbon-vanille-gemahlen","11":"product_tag-bio-bruschettagewuerz","12":"product_tag-bio-ceylon-zimt","13":"product_tag-bio-ceylon-zimt-gemahlen","14":"product_tag-bio-chai-gewuerz","15":"product_tag-bio-fenchel","16":"product_tag-bio-fenchel-gemahlen","17":"product_tag-bio-gewuerze","18":"product_tag-bio-harissa","19":"product_tag-bio-harissa-gewuerz","20":"product_tag-bio-ingwer","21":"product_tag-bio-ingwer-kandiert","22":"product_tag-bio-ingwerstuecke","23":"product_tag-bio-knoblauch","24":"product_tag-bio-knoblauchpulver","25":"product_tag-bio-kraeuter","26":"product_tag-bio-kraeuter-der-provence","27":"product_tag-bio-kuemmel","28":"product_tag-bio-kuemmel-gemahlen","29":"product_tag-bio-kurkuma","30":"product_tag-bio-kurkuma-gemahlen","31":"product_tag-bio-majoran","32":"product_tag-bio-majoran-gerebelt","33":"product_tag-bio-muskatnuss-gemahlen","34":"product_tag-bio-petersilie-gerebelt","35":"product_tag-bio-pfeffer","36":"product_tag-bio-pfeffer-schwarz-gemahlen","37":"product_tag-bio-pizzakraeuter","38":"product_tag-bio-rosmarin","39":"product_tag-bio-rosmarin-geschnitten","40":"product_tag-bio-thymian","41":"product_tag-bio-thymian-gerebelt","42":"product_tag-bio-tzatziki-gewuerz","43":"product_tag-bio-vanille","44":"product_tag-bio-zimt","45":"product_tag-bio-zimt-gemahlen","46":"product_tag-bruschetta-gewuerz","47":"product_tag-chai-gewuerz","48":"product_tag-chai-yogi","49":"product_tag-chai-yogi-teegewuerz","50":"product_tag-garam-masala","51":"product_tag-gartenkraeuter","52":"product_tag-gewuerze-zum-kochen","53":"product_tag-gluehweingewuerz","54":"product_tag-harissa","55":"product_tag-ingwer","56":"product_tag-ingwerstuecke","57":"product_tag-kraeuter-der-provence","58":"product_tag-kraeuter-fuer-dressings","59":"product_tag-kurkuma","60":"product_tag-lebkuchengewuerz","61":"product_tag-liebstoeckelkraut","62":"product_tag-muskatnuss","63":"product_tag-pasta-und-pomodoro","64":"product_tag-pasta-gewuerz","65":"product_tag-pfefferkuchengewuerz","66":"product_tag-pizza-kraeuter","67":"product_tag-premiumbio-gewuerze","68":"product_tag-punschgewuerz","69":"product_tag-rabatt","70":"product_tag-vanille","71":"pa_menge-50-g","72":"pa_menge-100-g","73":"pa_menge-125-g","74":"pa_menge-250-g","75":"pa_menge-500-g","76":"pa_menge-1-kg","78":"first","79":"instock","80":"taxable","81":"shipping-taxable","82":"purchasable","83":"product-type-simple"},"acf":[],"_links":{"self":[{"href":"https:\/\/www.teehaus-janssen.de\/shop\/wp-json\/wp\/v2\/product\/8528","targetHints":{"allow":["GET"]}}],"collection":[{"href":"https:\/\/www.teehaus-janssen.de\/shop\/wp-json\/wp\/v2\/product"}],"about":[{"href":"https:\/\/www.teehaus-janssen.de\/shop\/wp-json\/wp\/v2\/types\/product"}],"wp:featuredmedia":[{"embeddable":true,"href":"https:\/\/www.teehaus-janssen.de\/shop\/wp-json\/wp\/v2\/media\/8529"}],"wp:attachment":[{"href":"https:\/\/www.teehaus-janssen.de\/shop\/wp-json\/wp\/v2\/media?parent=8528"}],"wp:term":[{"taxonomy":"product_brand","embeddable":true,"href":"https:\/\/www.teehaus-janssen.de\/shop\/wp-json\/wp\/v2\/product_brand?post=8528"},{"taxonomy":"product_cat","embeddable":true,"href":"https:\/\/www.teehaus-janssen.de\/shop\/wp-json\/wp\/v2\/product_cat?post=8528"},{"taxonomy":"product_tag","embeddable":true,"href":"https:\/\/www.teehaus-janssen.de\/shop\/wp-json\/wp\/v2\/product_tag?post=8528"}],"curies":[{"name":"wp","href":"https:\/\/api.w.org\/{rel}","templated":true}]}}