{"id":8499,"date":"2021-10-25T13:16:20","date_gmt":"2021-10-25T11:16:20","guid":{"rendered":"https:\/\/www.teehaus-janssen.de\/product\/0055-bio-japan-spring-shincha-okumidori-raritaet-100g-limitierte-edition\/"},"modified":"2025-10-02T14:32:15","modified_gmt":"2025-10-02T12:32:15","slug":"0055-bio-japan-spring-shincha-okumidori-raritaet-limitierte-edition","status":"publish","type":"product","link":"https:\/\/www.teehaus-janssen.de\/shop\/produkt\/0055-bio-japan-spring-shincha-okumidori-raritaet-limitierte-edition\/","title":{"rendered":"0055 &#8211; BIO JAPAN SPRING &#8211; SHINCHA OKUMIDORI &#8211; RARIT\u00c4T limitierte Edition"},"content":{"rendered":"<p><strong>Herkunft:<\/strong> Japan\u00a0PREMIUM FIRST CROP-RARIT\u00c4T<\/p>\n<p><strong>Erl\u00e4uterung: <\/strong>wir freuen uns Ihnen die neue Ernte unseres \u00e4u\u00dferst begehrten Bio Japan\u00a0Shincha\u00a0\u2013 Tees anbieten zu k\u00f6nnen.\u00a0Shincha\u00a0(jap. \u65b0\u8336, neuer Tee) bezeichnet die erste Ernte eines Jahres. Die j\u00fcngsten und feinsten Teebl\u00e4tter werden zu einer exklusiven, limitierten Edition von Japans besten Tees produziert.\u00a0Shincha\u00a0Tees sind eine absolute Rarit\u00e4t und schmecken sehr frisch-blumig mit einer zarten S\u00fc\u00dfe. In Japan wird das Eintreffen der ersten Gr\u00fcntee-Ernte mit einem gro\u00dfen Fr\u00fchlingsfest gefeiert. Wir haben uns eine erlesene Menge einer sehr beliebten\u00a0Sorte sichern k\u00f6nnen und freuen uns, Ihnen hiermit ein neues Geschmackserlebnis erm\u00f6glichen zu k\u00f6nnen.<br \/>\nNormalerweise beschr\u00e4nkt sich die Zeit der\u00a0Shincha-Ernte auf 3-4 Tage. Nat\u00fcrlich spielt auch hier das Wetter eine gro\u00dfe Rolle. Die Bauern pfl\u00fccken den Tee nur an sonnigen Tagen, wenn der Duft der Bl\u00e4tter besonders ausdrucksvoll ist. Die gepfl\u00fcckten Bl\u00e4tter werden noch am selben Tag verarbeitet, damit sie ihre Frische und den Geschmack behalten. Dieser Prozess ist sehr anspruchsvoll und verlangt viel Behutsamkeit und Konzentration.<br \/>\nDa guter\u00a0Shincha\u00a0das h\u00f6chste Ziel eines jeden Teebauern ist, nennt man seine Herstellung ihr Herzst\u00fcck. Viele haben den Prozess des Pfl\u00fcckens und der Herstellung von ihren Eltern gelernt und arbeiten schon seit Jahrzehnten als Teebauern. Nur ein Teebauer mit viel Erfahrung ist schlie\u00dflich qualifiziert einen guten\u00a0Shincha\u00a0herzustellen. Das wiederum gew\u00e4hrleistet einen hochqualitativen Tee, von dem man sagt, dass er das Leben derer verl\u00e4ngere, die ihn trinken.<\/p>\n<p><strong>Sehr frisch-blumig mit zarter S\u00fc\u00dfe.<\/strong><\/p>\n<p><img decoding=\"async\" class=\"alignnone size-large wp-image-34478\" src=\"https:\/\/www.teehaus-janssen.de\/shop\/wp-content\/uploads\/2025\/02\/Nicht-EU.png\" alt=\"\" \/><\/p>\n","protected":false},"excerpt":{"rendered":"<p><strong>Herkunft:<\/strong> Japan\u00a0PREMIUM FIRST CROP-RARIT\u00c4T<\/p>\n<p><strong>Erl\u00e4uterung: <\/strong>wir freuen uns Ihnen die neue Ernte unseres \u00e4u\u00dferst begehrten Bio Japan\u00a0Shincha\u00a0\u2013 Tees anbieten zu k\u00f6nnen.\u00a0Shincha\u00a0(jap. \u65b0\u8336, neuer Tee) bezeichnet die erste Ernte eines Jahres. Die j\u00fcngsten und feinsten Teebl\u00e4tter werden zu einer exklusiven, limitierten Edition von Japans besten Tees produziert.\u00a0Shincha\u00a0Tees sind eine absolute Rarit\u00e4t und schmecken sehr frisch-blumig mit einer zarten S\u00fc\u00dfe. In Japan wird das Eintreffen der ersten Gr\u00fcntee-Ernte mit einem gro\u00dfen Fr\u00fchlingsfest gefeiert. Wir haben uns eine erlesene Menge einer sehr beliebten\u00a0Sorte sichern k\u00f6nnen und freuen uns, Ihnen hiermit ein neues Geschmackserlebnis erm\u00f6glichen zu k\u00f6nnen.<br \/>\nNormalerweise beschr\u00e4nkt sich die Zeit der\u00a0Shincha-Ernte auf 3-4 Tage. Nat\u00fcrlich spielt auch hier das Wetter eine gro\u00dfe Rolle. Die Bauern pfl\u00fccken den Tee nur an sonnigen Tagen, wenn der Duft der Bl\u00e4tter besonders ausdrucksvoll ist. Die gepfl\u00fcckten Bl\u00e4tter werden noch am selben Tag verarbeitet, damit sie ihre Frische und den Geschmack behalten. Dieser Prozess ist sehr anspruchsvoll und verlangt viel Behutsamkeit und Konzentration.<br \/>\nDa guter\u00a0Shincha\u00a0das h\u00f6chste Ziel eines jeden Teebauern ist, nennt man seine Herstellung ihr Herzst\u00fcck. Viele haben den Prozess des Pfl\u00fcckens und der Herstellung von ihren Eltern gelernt und arbeiten schon seit Jahrzehnten als Teebauern. Nur ein Teebauer mit viel Erfahrung ist schlie\u00dflich qualifiziert einen guten\u00a0Shincha\u00a0herzustellen. Das wiederum gew\u00e4hrleistet einen hochqualitativen Tee, von dem man sagt, dass er das Leben derer verl\u00e4ngere, die ihn trinken.<\/p>\n<p><strong>Sehr frisch-blumig mit zarter S\u00fc\u00dfe.<\/strong><\/p>\n<p><img decoding=\"async\" class=\"alignnone size-large wp-image-34478\" src=\"https:\/\/www.teehaus-janssen.de\/shop\/wp-content\/uploads\/2019\/02\/Nicht-EU-700x700.png\" alt=\"\" \/><\/p>\n","protected":false},"featured_media":8500,"template":"","meta":{"_acf_changed":false},"product_brand":[482],"product_cat":[276],"product_tag":[447,314,449,448,452,451,450,446],"class_list":{"0":"post-8499","1":"product","2":"type-product","3":"status-publish","4":"has-post-thumbnail","6":"product_brand-482","7":"product_cat-0001-0049-gruener-weisser-tee-unfermentiert","8":"product_tag-bio-shincha","9":"product_tag-gruener-tee","10":"product_tag-japan-gruentee","11":"product_tag-japan-tee","12":"product_tag-nl5","13":"product_tag-okumidori","14":"product_tag-shincha-aus-japan","15":"product_tag-shincha-tees","16":"pa_menge-50-g","17":"pa_menge-100-g","18":"pa_menge-125-g","19":"pa_menge-250-g","20":"pa_menge-500-g","21":"pa_menge-1-kg","23":"first","24":"instock","25":"taxable","26":"shipping-taxable","27":"purchasable","28":"product-type-variable"},"acf":[],"_links":{"self":[{"href":"https:\/\/www.teehaus-janssen.de\/shop\/wp-json\/wp\/v2\/product\/8499","targetHints":{"allow":["GET"]}}],"collection":[{"href":"https:\/\/www.teehaus-janssen.de\/shop\/wp-json\/wp\/v2\/product"}],"about":[{"href":"https:\/\/www.teehaus-janssen.de\/shop\/wp-json\/wp\/v2\/types\/product"}],"wp:featuredmedia":[{"embeddable":true,"href":"https:\/\/www.teehaus-janssen.de\/shop\/wp-json\/wp\/v2\/media\/8500"}],"wp:attachment":[{"href":"https:\/\/www.teehaus-janssen.de\/shop\/wp-json\/wp\/v2\/media?parent=8499"}],"wp:term":[{"taxonomy":"product_brand","embeddable":true,"href":"https:\/\/www.teehaus-janssen.de\/shop\/wp-json\/wp\/v2\/product_brand?post=8499"},{"taxonomy":"product_cat","embeddable":true,"href":"https:\/\/www.teehaus-janssen.de\/shop\/wp-json\/wp\/v2\/product_cat?post=8499"},{"taxonomy":"product_tag","embeddable":true,"href":"https:\/\/www.teehaus-janssen.de\/shop\/wp-json\/wp\/v2\/product_tag?post=8499"}],"curies":[{"name":"wp","href":"https:\/\/api.w.org\/{rel}","templated":true}]}}