{"id":8481,"date":"2021-07-25T20:23:32","date_gmt":"2021-07-25T18:23:32","guid":{"rendered":"https:\/\/www.teehaus-janssen.de\/product\/4240-bio-harissa-gewuerz-40g\/"},"modified":"2025-09-30T10:11:56","modified_gmt":"2025-09-30T08:11:56","slug":"4240-bio-harissa-gewuerz-40g","status":"publish","type":"product","link":"https:\/\/www.teehaus-janssen.de\/shop\/produkt\/4240-bio-harissa-gewuerz-40g\/","title":{"rendered":"4240- BIO HARISSA-GEW\u00dcRZ- 40g"},"content":{"rendered":"<p><strong><span class=\"JsGRdQ\">Feurig-scharfe Mischung aus Nordafrika.\u00a0<\/span><span class=\"JsGRdQ\">Die klassische Gew\u00fcrzzubereitung f\u00fcr\u00a0<\/span><span class=\"JsGRdQ\">die nordafrikanische K\u00fcche. Mit \u00d6l\u00a0<\/span><span class=\"JsGRdQ\">anger\u00fchrt erh\u00e4lt man eine scharfe Paste zum W\u00fcrzen verschiedenster Gerichte.<\/span><\/strong><\/p>\n<p class=\"_04xlpA direction-ltr align-start para-style-body\"><span class=\"JsGRdQ\">Zutaten: Chillies, Paprika, Knoblauch, Kreuzk\u00fcmmel, Koriander, Salz.\u00a0<\/span><span class=\"JsGRdQ\">Alle Zutaten aus \u00f6kologischem Landbau.\u00a0<\/span><span class=\"JsGRdQ\">Durchschnittliche N\u00e4hrwerte pro 100g:<\/span> <span class=\"JsGRdQ\">Energie in kJ\/kcal 1502\/359.\u00a0<\/span><span class=\"JsGRdQ\">Fett in g 14,7-davon ges\u00e4ttigte Fetts\u00e4uren in g 2,18. Kohlenhydrate in g 34,1-davon Zucker in g 25,3. Eiwei\u00df in g 12,7.\u00a0<\/span><span class=\"JsGRdQ\">Salz in g 5,04.<\/span><\/p>\n<p><img decoding=\"async\" class=\"alignnone size-large wp-image-34457\" src=\"https:\/\/www.teehaus-janssen.de\/shop\/wp-content\/uploads\/2025\/02\/2.png\" alt=\"\" \/><\/p>\n","protected":false},"excerpt":{"rendered":"<p><strong><span class=\"JsGRdQ\">Feurig-scharfe Mischung aus Nordafrika.\u00a0<\/span><span class=\"JsGRdQ\">Die klassische Gew\u00fcrzzubereitung f\u00fcr\u00a0<\/span><span class=\"JsGRdQ\">die nordafrikanische K\u00fcche. Mit \u00d6l\u00a0<\/span><span class=\"JsGRdQ\">anger\u00fchrt erh\u00e4lt man eine scharfe Paste zum W\u00fcrzen verschiedenster Gerichte.<\/span><\/strong><\/p>\n<p class=\"_04xlpA direction-ltr align-start para-style-body\"><span class=\"JsGRdQ\">Zutaten: Chillies, Paprika, Knoblauch, Kreuzk\u00fcmmel, Koriander, Salz.\u00a0<\/span><span class=\"JsGRdQ\">Alle Zutaten aus \u00f6kologischem Landbau.\u00a0<\/span><span class=\"JsGRdQ\">Durchschnittliche N\u00e4hrwerte pro 100g:<\/span> <span class=\"JsGRdQ\">Energie in kJ\/kcal 1502\/359.\u00a0<\/span><span class=\"JsGRdQ\">Fett in g 14,7-davon ges\u00e4ttigte Fetts\u00e4uren in g 2,18. Kohlenhydrate in g 34,1-davon Zucker in g 25,3. Eiwei\u00df in g 12,7.\u00a0<\/span><span class=\"JsGRdQ\">Salz in g 5,04.<\/span><\/p>\n<p><img decoding=\"async\" class=\"alignnone size-large wp-image-34457\" src=\"https:\/\/www.teehaus-janssen.de\/shop\/wp-content\/uploads\/2021\/01\/2-700x700.png\" alt=\"\" \/><\/p>\n","protected":false},"featured_media":8482,"template":"","meta":{"_acf_changed":false},"product_brand":[],"product_cat":[365],"product_tag":[433,432,434,394,419,421,414,429,428,378,437,439,401,400,390,403,423,424,431,430,408,427,410,409,412,436,435,426,425,417,418,420,393,413,415,416,387,388,379,391,438,402,389,422,404,406,407,396,395,405,411,386,392],"class_list":{"0":"post-8481","1":"product","2":"type-product","3":"status-publish","4":"has-post-thumbnail","6":"product_cat-4201-4370-neu-premium-bio-gewuerze-aus-aller-welt","7":"product_tag-anis-gemahlen","8":"product_tag-bio-anis","9":"product_tag-bio-anis-gemahlen","10":"product_tag-bio-bruschettagewuerz","11":"product_tag-bio-ceylon-zimt","12":"product_tag-bio-ceylon-zimt-gemahlen","13":"product_tag-bio-chai-gewuerz","14":"product_tag-bio-fenchel","15":"product_tag-bio-fenchel-gemahlen","16":"product_tag-bio-gewuerze","17":"product_tag-bio-harissa","18":"product_tag-bio-harissa-gewuerz","19":"product_tag-bio-knoblauch","20":"product_tag-bio-knoblauchpulver","21":"product_tag-bio-kraeuter","22":"product_tag-bio-kraeuter-der-provence","23":"product_tag-bio-kurkuma","24":"product_tag-bio-kurkuma-gemahlen","25":"product_tag-bio-majoran","26":"product_tag-bio-majoran-gerebelt","27":"product_tag-bio-muskatnuss-gemahlen","28":"product_tag-bio-petersilie-gerebelt","29":"product_tag-bio-pfeffer","30":"product_tag-bio-pfeffer-schwarz-gemahlen","31":"product_tag-bio-pizzakraeuter","32":"product_tag-bio-rosmarin","33":"product_tag-bio-rosmarin-geschnitten","34":"product_tag-bio-thymian","35":"product_tag-bio-thymian-gerebelt","36":"product_tag-bio-tzatziki-gewuerz","37":"product_tag-bio-zimt","38":"product_tag-bio-zimt-gemahlen","39":"product_tag-bruschetta-gewuerz","40":"product_tag-chai-gewuerz","41":"product_tag-chai-yogi","42":"product_tag-chai-yogi-teegewuerz","43":"product_tag-garam-masala","44":"product_tag-gartenkraeuter","45":"product_tag-gewuerze-zum-kochen","46":"product_tag-gluehweingewuerz","47":"product_tag-harissa","48":"product_tag-kraeuter-der-provence","49":"product_tag-kraeuter-fuer-dressings","50":"product_tag-kurkuma","51":"product_tag-lebkuchengewuerz","52":"product_tag-liebstoeckelkraut","53":"product_tag-muskatnuss","54":"product_tag-pasta-und-pomodoro","55":"product_tag-pasta-gewuerz","56":"product_tag-pfefferkuchengewuerz","57":"product_tag-pizza-kraeuter","58":"product_tag-premiumbio-gewuerze","59":"product_tag-punschgewuerz","60":"pa_menge-50-g","61":"pa_menge-100-g","62":"pa_menge-125-g","63":"pa_menge-250-g","64":"pa_menge-500-g","65":"pa_menge-1-kg","67":"first","68":"instock","69":"taxable","70":"shipping-taxable","71":"purchasable","72":"product-type-simple"},"acf":[],"_links":{"self":[{"href":"https:\/\/www.teehaus-janssen.de\/shop\/wp-json\/wp\/v2\/product\/8481","targetHints":{"allow":["GET"]}}],"collection":[{"href":"https:\/\/www.teehaus-janssen.de\/shop\/wp-json\/wp\/v2\/product"}],"about":[{"href":"https:\/\/www.teehaus-janssen.de\/shop\/wp-json\/wp\/v2\/types\/product"}],"wp:featuredmedia":[{"embeddable":true,"href":"https:\/\/www.teehaus-janssen.de\/shop\/wp-json\/wp\/v2\/media\/8482"}],"wp:attachment":[{"href":"https:\/\/www.teehaus-janssen.de\/shop\/wp-json\/wp\/v2\/media?parent=8481"}],"wp:term":[{"taxonomy":"product_brand","embeddable":true,"href":"https:\/\/www.teehaus-janssen.de\/shop\/wp-json\/wp\/v2\/product_brand?post=8481"},{"taxonomy":"product_cat","embeddable":true,"href":"https:\/\/www.teehaus-janssen.de\/shop\/wp-json\/wp\/v2\/product_cat?post=8481"},{"taxonomy":"product_tag","embeddable":true,"href":"https:\/\/www.teehaus-janssen.de\/shop\/wp-json\/wp\/v2\/product_tag?post=8481"}],"curies":[{"name":"wp","href":"https:\/\/api.w.org\/{rel}","templated":true}]}}