{"id":8472,"date":"2021-07-25T20:10:44","date_gmt":"2021-07-25T18:10:44","guid":{"rendered":"https:\/\/www.teehaus-janssen.de\/product\/4280-bio-majoran-gerebelt-20g\/"},"modified":"2025-09-30T10:11:44","modified_gmt":"2025-09-30T08:11:44","slug":"4280-bio-majoran-gerebelt-20g","status":"publish","type":"product","link":"https:\/\/www.teehaus-janssen.de\/shop\/produkt\/4280-bio-majoran-gerebelt-20g\/","title":{"rendered":"4280 &#8211; BIO MAJORAN- GEREBELT- 20g"},"content":{"rendered":"<p class=\"_04xlpA direction-ltr align-start para-style-body\"><strong><span class=\"JsGRdQ\">Ideal f\u00fcr H\u00fclsenfr\u00fcchte,\u00a0<\/span><span class=\"JsGRdQ\">Kartoffeln, Pilze, Pizza, Omelett und F\u00fcllungen,\u00a0Brot und Backwaren, uvm.<\/span><\/strong><\/p>\n<p class=\"_04xlpA direction-ltr align-start para-style-body\"><span class=\"JsGRdQ\">Zutaten: Majoran gerebelt\u00a0<\/span><span class=\"JsGRdQ\">aus \u00f6kologischem Landbau.\u00a0<\/span><span class=\"JsGRdQ\">Zur besseren Entfaltung seines\u00a0<\/span><span class=\"JsGRdQ\">typischen Aromas sollte Majoran\u00a0<\/span><span class=\"JsGRdQ\">vor Zugabe an die Speisen\u00a0<\/span><span class=\"JsGRdQ\">zwischen den Fingerspitzen\u00a0<\/span><span class=\"JsGRdQ\">leicht zerrieben werden.<\/span><\/p>\n<p class=\"_04xlpA direction-ltr align-start para-style-body\"><img decoding=\"async\" class=\"alignnone size-large wp-image-34458\" src=\"https:\/\/www.teehaus-janssen.de\/shop\/wp-content\/uploads\/2025\/02\/3.png\" alt=\"\" \/><\/p>\n","protected":false},"excerpt":{"rendered":"<p class=\"_04xlpA direction-ltr align-start para-style-body\"><strong><span class=\"JsGRdQ\">Ideal f\u00fcr H\u00fclsenfr\u00fcchte,\u00a0<\/span><span class=\"JsGRdQ\">Kartoffeln, Pilze, Pizza, Omelett und F\u00fcllungen,\u00a0Brot und Backwaren, uvm.<\/span><\/strong><\/p>\n<p class=\"_04xlpA direction-ltr align-start para-style-body\"><span class=\"JsGRdQ\">Zutaten: Majoran gerebelt\u00a0<\/span><span class=\"JsGRdQ\">aus \u00f6kologischem Landbau.\u00a0<\/span><span class=\"JsGRdQ\">Zur besseren Entfaltung seines\u00a0<\/span><span class=\"JsGRdQ\">typischen Aromas sollte Majoran\u00a0<\/span><span class=\"JsGRdQ\">vor Zugabe an die Speisen\u00a0<\/span><span class=\"JsGRdQ\">zwischen den Fingerspitzen\u00a0<\/span><span class=\"JsGRdQ\">leicht zerrieben werden.<\/span><\/p>\n<p class=\"_04xlpA direction-ltr align-start para-style-body\"><img decoding=\"async\" class=\"alignnone size-large wp-image-34458\" src=\"https:\/\/www.teehaus-janssen.de\/shop\/wp-content\/uploads\/2021\/01\/3-700x700.png\" alt=\"\" \/><\/p>\n","protected":false},"featured_media":8473,"template":"","meta":{"_acf_changed":false},"product_brand":[],"product_cat":[365],"product_tag":[394,419,421,414,429,428,378,401,400,390,403,423,424,431,430,408,427,410,409,412,426,425,417,418,420,393,413,415,416,387,388,379,391,402,389,422,404,406,407,396,395,405,411,386,392],"class_list":{"0":"post-8472","1":"product","2":"type-product","3":"status-publish","4":"has-post-thumbnail","6":"product_cat-4201-4370-neu-premium-bio-gewuerze-aus-aller-welt","7":"product_tag-bio-bruschettagewuerz","8":"product_tag-bio-ceylon-zimt","9":"product_tag-bio-ceylon-zimt-gemahlen","10":"product_tag-bio-chai-gewuerz","11":"product_tag-bio-fenchel","12":"product_tag-bio-fenchel-gemahlen","13":"product_tag-bio-gewuerze","14":"product_tag-bio-knoblauch","15":"product_tag-bio-knoblauchpulver","16":"product_tag-bio-kraeuter","17":"product_tag-bio-kraeuter-der-provence","18":"product_tag-bio-kurkuma","19":"product_tag-bio-kurkuma-gemahlen","20":"product_tag-bio-majoran","21":"product_tag-bio-majoran-gerebelt","22":"product_tag-bio-muskatnuss-gemahlen","23":"product_tag-bio-petersilie-gerebelt","24":"product_tag-bio-pfeffer","25":"product_tag-bio-pfeffer-schwarz-gemahlen","26":"product_tag-bio-pizzakraeuter","27":"product_tag-bio-thymian","28":"product_tag-bio-thymian-gerebelt","29":"product_tag-bio-tzatziki-gewuerz","30":"product_tag-bio-zimt","31":"product_tag-bio-zimt-gemahlen","32":"product_tag-bruschetta-gewuerz","33":"product_tag-chai-gewuerz","34":"product_tag-chai-yogi","35":"product_tag-chai-yogi-teegewuerz","36":"product_tag-garam-masala","37":"product_tag-gartenkraeuter","38":"product_tag-gewuerze-zum-kochen","39":"product_tag-gluehweingewuerz","40":"product_tag-kraeuter-der-provence","41":"product_tag-kraeuter-fuer-dressings","42":"product_tag-kurkuma","43":"product_tag-lebkuchengewuerz","44":"product_tag-liebstoeckelkraut","45":"product_tag-muskatnuss","46":"product_tag-pasta-und-pomodoro","47":"product_tag-pasta-gewuerz","48":"product_tag-pfefferkuchengewuerz","49":"product_tag-pizza-kraeuter","50":"product_tag-premiumbio-gewuerze","51":"product_tag-punschgewuerz","52":"pa_menge-50-g","53":"pa_menge-100-g","54":"pa_menge-125-g","55":"pa_menge-250-g","56":"pa_menge-500-g","57":"pa_menge-1-kg","59":"first","60":"instock","61":"taxable","62":"shipping-taxable","63":"purchasable","64":"product-type-simple"},"acf":[],"_links":{"self":[{"href":"https:\/\/www.teehaus-janssen.de\/shop\/wp-json\/wp\/v2\/product\/8472","targetHints":{"allow":["GET"]}}],"collection":[{"href":"https:\/\/www.teehaus-janssen.de\/shop\/wp-json\/wp\/v2\/product"}],"about":[{"href":"https:\/\/www.teehaus-janssen.de\/shop\/wp-json\/wp\/v2\/types\/product"}],"wp:featuredmedia":[{"embeddable":true,"href":"https:\/\/www.teehaus-janssen.de\/shop\/wp-json\/wp\/v2\/media\/8473"}],"wp:attachment":[{"href":"https:\/\/www.teehaus-janssen.de\/shop\/wp-json\/wp\/v2\/media?parent=8472"}],"wp:term":[{"taxonomy":"product_brand","embeddable":true,"href":"https:\/\/www.teehaus-janssen.de\/shop\/wp-json\/wp\/v2\/product_brand?post=8472"},{"taxonomy":"product_cat","embeddable":true,"href":"https:\/\/www.teehaus-janssen.de\/shop\/wp-json\/wp\/v2\/product_cat?post=8472"},{"taxonomy":"product_tag","embeddable":true,"href":"https:\/\/www.teehaus-janssen.de\/shop\/wp-json\/wp\/v2\/product_tag?post=8472"}],"curies":[{"name":"wp","href":"https:\/\/api.w.org\/{rel}","templated":true}]}}