{"id":8457,"date":"2021-07-25T11:57:20","date_gmt":"2021-07-25T09:57:20","guid":{"rendered":"https:\/\/www.teehaus-janssen.de\/product\/4370-bio-zimt-ceylon-gemahlen-40g\/"},"modified":"2025-09-30T10:11:20","modified_gmt":"2025-09-30T08:11:20","slug":"4370-bio-zimt-ceylon-gemahlen-40g","status":"publish","type":"product","link":"https:\/\/www.teehaus-janssen.de\/shop\/produkt\/4370-bio-zimt-ceylon-gemahlen-40g\/","title":{"rendered":"4370 &#8211; BIO ZIMT CEYLON &#8211; GEMAHLEN &#8211; 40g"},"content":{"rendered":"<p class=\"_04xlpA direction-ltr align-start para-style-body\"><strong><span class=\"JsGRdQ\">Mild-aromatische Zimtnote f\u00fcr\u00a0<\/span><span class=\"JsGRdQ\">S\u00fc\u00dfspeisen, Hei\u00dfgetr\u00e4nke und orientalische Gerichte.<\/span><\/strong><\/p>\n<p class=\"_04xlpA direction-ltr align-start para-style-body\"><span class=\"JsGRdQ\">Zutaten: Zimt Ceylon gemahlen\u00a0<\/span><span class=\"JsGRdQ\">aus \u00f6kologischem Landbau.\u00a0<\/span><span class=\"JsGRdQ\">Herkunft: Sri Lanka.\u00a0<\/span><span class=\"JsGRdQ\">Echter Ceylon-Zimt hat den\u00a0<\/span><span class=\"JsGRdQ\">niedrigsten Cumarin-Gehalt\u00a0<\/span><span class=\"JsGRdQ\">aller Zimtarten und ist milder\u00a0<\/span><span class=\"JsGRdQ\">im Geschmack als Cassia-Zimt.<\/span><\/p>\n<p><img decoding=\"async\" class=\"alignnone size-large wp-image-34478\" src=\"https:\/\/www.teehaus-janssen.de\/shop\/wp-content\/uploads\/2025\/02\/Nicht-EU.png\" alt=\"\" \/><\/p>\n","protected":false},"excerpt":{"rendered":"<p class=\"_04xlpA direction-ltr align-start para-style-body\"><strong><span class=\"JsGRdQ\">Mild-aromatische Zimtnote f\u00fcr\u00a0<\/span><span class=\"JsGRdQ\">S\u00fc\u00dfspeisen, Hei\u00dfgetr\u00e4nke und orientalische Gerichte.<\/span><\/strong><\/p>\n<p class=\"_04xlpA direction-ltr align-start para-style-body\"><span class=\"JsGRdQ\">Zutaten: Zimt Ceylon gemahlen\u00a0<\/span><span class=\"JsGRdQ\">aus \u00f6kologischem Landbau.\u00a0<\/span><span class=\"JsGRdQ\">Herkunft: Sri Lanka.\u00a0<\/span><span class=\"JsGRdQ\">Echter Ceylon-Zimt hat den\u00a0<\/span><span class=\"JsGRdQ\">niedrigsten Cumarin-Gehalt\u00a0<\/span><span class=\"JsGRdQ\">aller Zimtarten und ist milder\u00a0<\/span><span class=\"JsGRdQ\">im Geschmack als Cassia-Zimt.<\/span><\/p>\n<p><img decoding=\"async\" class=\"alignnone size-large wp-image-34478\" src=\"https:\/\/www.teehaus-janssen.de\/shop\/wp-content\/uploads\/2019\/02\/Nicht-EU-700x700.png\" alt=\"\" \/><\/p>\n","protected":false},"featured_media":8458,"template":"","meta":{"_acf_changed":false},"product_brand":[],"product_cat":[365],"product_tag":[394,419,421,414,378,401,400,390,403,408,410,409,412,417,418,420,393,413,415,416,387,388,379,391,402,389,404,406,407,396,395,405,411,386,392],"class_list":{"0":"post-8457","1":"product","2":"type-product","3":"status-publish","4":"has-post-thumbnail","6":"product_cat-4201-4370-neu-premium-bio-gewuerze-aus-aller-welt","7":"product_tag-bio-bruschettagewuerz","8":"product_tag-bio-ceylon-zimt","9":"product_tag-bio-ceylon-zimt-gemahlen","10":"product_tag-bio-chai-gewuerz","11":"product_tag-bio-gewuerze","12":"product_tag-bio-knoblauch","13":"product_tag-bio-knoblauchpulver","14":"product_tag-bio-kraeuter","15":"product_tag-bio-kraeuter-der-provence","16":"product_tag-bio-muskatnuss-gemahlen","17":"product_tag-bio-pfeffer","18":"product_tag-bio-pfeffer-schwarz-gemahlen","19":"product_tag-bio-pizzakraeuter","20":"product_tag-bio-tzatziki-gewuerz","21":"product_tag-bio-zimt","22":"product_tag-bio-zimt-gemahlen","23":"product_tag-bruschetta-gewuerz","24":"product_tag-chai-gewuerz","25":"product_tag-chai-yogi","26":"product_tag-chai-yogi-teegewuerz","27":"product_tag-garam-masala","28":"product_tag-gartenkraeuter","29":"product_tag-gewuerze-zum-kochen","30":"product_tag-gluehweingewuerz","31":"product_tag-kraeuter-der-provence","32":"product_tag-kraeuter-fuer-dressings","33":"product_tag-lebkuchengewuerz","34":"product_tag-liebstoeckelkraut","35":"product_tag-muskatnuss","36":"product_tag-pasta-und-pomodoro","37":"product_tag-pasta-gewuerz","38":"product_tag-pfefferkuchengewuerz","39":"product_tag-pizza-kraeuter","40":"product_tag-premiumbio-gewuerze","41":"product_tag-punschgewuerz","42":"pa_menge-50-g","43":"pa_menge-100-g","44":"pa_menge-125-g","45":"pa_menge-250-g","46":"pa_menge-500-g","47":"pa_menge-1-kg","49":"first","50":"instock","51":"taxable","52":"shipping-taxable","53":"purchasable","54":"product-type-simple"},"acf":[],"_links":{"self":[{"href":"https:\/\/www.teehaus-janssen.de\/shop\/wp-json\/wp\/v2\/product\/8457","targetHints":{"allow":["GET"]}}],"collection":[{"href":"https:\/\/www.teehaus-janssen.de\/shop\/wp-json\/wp\/v2\/product"}],"about":[{"href":"https:\/\/www.teehaus-janssen.de\/shop\/wp-json\/wp\/v2\/types\/product"}],"wp:featuredmedia":[{"embeddable":true,"href":"https:\/\/www.teehaus-janssen.de\/shop\/wp-json\/wp\/v2\/media\/8458"}],"wp:attachment":[{"href":"https:\/\/www.teehaus-janssen.de\/shop\/wp-json\/wp\/v2\/media?parent=8457"}],"wp:term":[{"taxonomy":"product_brand","embeddable":true,"href":"https:\/\/www.teehaus-janssen.de\/shop\/wp-json\/wp\/v2\/product_brand?post=8457"},{"taxonomy":"product_cat","embeddable":true,"href":"https:\/\/www.teehaus-janssen.de\/shop\/wp-json\/wp\/v2\/product_cat?post=8457"},{"taxonomy":"product_tag","embeddable":true,"href":"https:\/\/www.teehaus-janssen.de\/shop\/wp-json\/wp\/v2\/product_tag?post=8457"}],"curies":[{"name":"wp","href":"https:\/\/api.w.org\/{rel}","templated":true}]}}