{"id":8451,"date":"2021-07-25T11:41:16","date_gmt":"2021-07-25T09:41:16","guid":{"rendered":"https:\/\/www.teehaus-janssen.de\/product\/4345-bio-chai-yogi-teegewuerz-30g\/"},"modified":"2025-09-30T10:11:12","modified_gmt":"2025-09-30T08:11:12","slug":"4345-bio-chai-yogi-teegewuerz-30g","status":"publish","type":"product","link":"https:\/\/www.teehaus-janssen.de\/shop\/produkt\/4345-bio-chai-yogi-teegewuerz-30g\/","title":{"rendered":"4345 &#8211; BIO CHAI YOGI-TEEGEW\u00dcRZ &#8211; 30g"},"content":{"rendered":"<p><strong><span class=\"JsGRdQ\">Gew\u00fcrzmischung f\u00fcr ein s\u00fc\u00dflich-w\u00e4rmendes Aroma.\u00a0<\/span><span class=\"JsGRdQ\">Besonders geeignet f\u00fcr alle Arten\u00a0<\/span><span class=\"JsGRdQ\">von Tee und zum Backen von\u00a0<\/span><span class=\"JsGRdQ\">z. B. Spekulatius, Weihnachtsgeb\u00e4ck und s\u00fc\u00dfen Getreideaufl\u00e4ufen.<\/span><\/strong><\/p>\n<p class=\"_04xlpA direction-ltr align-start para-style-body\"><span class=\"JsGRdQ\">Zutaten: Zimt-Ceylon, Nelken,\u00a0<\/span><span class=\"JsGRdQ\">Ingwer, Muskatnuss, Piment,\u00a0<\/span><span class=\"JsGRdQ\">Kardamom, Bourbon-Vanille.\u00a0<\/span><span class=\"JsGRdQ\">Alle Zutaten aus \u00f6kologischem\u00a0<\/span><span class=\"JsGRdQ\">Landbau. Dosierung: 20 g (3 EL)\u00a0<\/span><span class=\"JsGRdQ\">f\u00fcr 1 kg Mehl, f\u00fcr Tee\u00a0<\/span><span class=\"JsGRdQ\">eine Prise hinzugeben.<\/span><\/p>\n<p><img decoding=\"async\" class=\"alignnone size-large wp-image-34478\" src=\"https:\/\/www.teehaus-janssen.de\/shop\/wp-content\/uploads\/2025\/02\/Nicht-EU.png\" alt=\"\" \/><\/p>\n","protected":false},"excerpt":{"rendered":"<p><strong><span class=\"JsGRdQ\">Gew\u00fcrzmischung f\u00fcr ein s\u00fc\u00dflich-w\u00e4rmendes Aroma.\u00a0<\/span><span class=\"JsGRdQ\">Besonders geeignet f\u00fcr alle Arten\u00a0<\/span><span class=\"JsGRdQ\">von Tee und zum Backen von\u00a0<\/span><span class=\"JsGRdQ\">z. B. Spekulatius, Weihnachtsgeb\u00e4ck und s\u00fc\u00dfen Getreideaufl\u00e4ufen.<\/span><\/strong><\/p>\n<p class=\"_04xlpA direction-ltr align-start para-style-body\"><span class=\"JsGRdQ\">Zutaten: Zimt-Ceylon, Nelken,\u00a0<\/span><span class=\"JsGRdQ\">Ingwer, Muskatnuss, Piment,\u00a0<\/span><span class=\"JsGRdQ\">Kardamom, Bourbon-Vanille.\u00a0<\/span><span class=\"JsGRdQ\">Alle Zutaten aus \u00f6kologischem\u00a0<\/span><span class=\"JsGRdQ\">Landbau. Dosierung: 20 g (3 EL)\u00a0<\/span><span class=\"JsGRdQ\">f\u00fcr 1 kg Mehl, f\u00fcr Tee\u00a0<\/span><span class=\"JsGRdQ\">eine Prise hinzugeben.<\/span><\/p>\n<p><img decoding=\"async\" class=\"alignnone size-large wp-image-34478\" src=\"https:\/\/www.teehaus-janssen.de\/shop\/wp-content\/uploads\/2019\/02\/Nicht-EU-700x700.png\" alt=\"\" \/><\/p>\n","protected":false},"featured_media":8452,"template":"","meta":{"_acf_changed":false},"product_brand":[],"product_cat":[365],"product_tag":[394,414,378,401,400,390,403,408,410,409,412,393,413,415,416,387,388,379,391,402,389,404,406,407,281,386,392],"class_list":{"0":"post-8451","1":"product","2":"type-product","3":"status-publish","4":"has-post-thumbnail","6":"product_cat-4201-4370-neu-premium-bio-gewuerze-aus-aller-welt","7":"product_tag-bio-bruschettagewuerz","8":"product_tag-bio-chai-gewuerz","9":"product_tag-bio-gewuerze","10":"product_tag-bio-knoblauch","11":"product_tag-bio-knoblauchpulver","12":"product_tag-bio-kraeuter","13":"product_tag-bio-kraeuter-der-provence","14":"product_tag-bio-muskatnuss-gemahlen","15":"product_tag-bio-pfeffer","16":"product_tag-bio-pfeffer-schwarz-gemahlen","17":"product_tag-bio-pizzakraeuter","18":"product_tag-bruschetta-gewuerz","19":"product_tag-chai-gewuerz","20":"product_tag-chai-yogi","21":"product_tag-chai-yogi-teegewuerz","22":"product_tag-garam-masala","23":"product_tag-gartenkraeuter","24":"product_tag-gewuerze-zum-kochen","25":"product_tag-gluehweingewuerz","26":"product_tag-kraeuter-der-provence","27":"product_tag-kraeuter-fuer-dressings","28":"product_tag-lebkuchengewuerz","29":"product_tag-liebstoeckelkraut","30":"product_tag-muskatnuss","31":"product_tag-newsletter","32":"product_tag-premiumbio-gewuerze","33":"product_tag-punschgewuerz","34":"pa_menge-50-g","35":"pa_menge-100-g","36":"pa_menge-125-g","37":"pa_menge-250-g","38":"pa_menge-500-g","39":"pa_menge-1-kg","41":"first","42":"instock","43":"taxable","44":"shipping-taxable","45":"purchasable","46":"product-type-simple"},"acf":[],"_links":{"self":[{"href":"https:\/\/www.teehaus-janssen.de\/shop\/wp-json\/wp\/v2\/product\/8451","targetHints":{"allow":["GET"]}}],"collection":[{"href":"https:\/\/www.teehaus-janssen.de\/shop\/wp-json\/wp\/v2\/product"}],"about":[{"href":"https:\/\/www.teehaus-janssen.de\/shop\/wp-json\/wp\/v2\/types\/product"}],"wp:featuredmedia":[{"embeddable":true,"href":"https:\/\/www.teehaus-janssen.de\/shop\/wp-json\/wp\/v2\/media\/8452"}],"wp:attachment":[{"href":"https:\/\/www.teehaus-janssen.de\/shop\/wp-json\/wp\/v2\/media?parent=8451"}],"wp:term":[{"taxonomy":"product_brand","embeddable":true,"href":"https:\/\/www.teehaus-janssen.de\/shop\/wp-json\/wp\/v2\/product_brand?post=8451"},{"taxonomy":"product_cat","embeddable":true,"href":"https:\/\/www.teehaus-janssen.de\/shop\/wp-json\/wp\/v2\/product_cat?post=8451"},{"taxonomy":"product_tag","embeddable":true,"href":"https:\/\/www.teehaus-janssen.de\/shop\/wp-json\/wp\/v2\/product_tag?post=8451"}],"curies":[{"name":"wp","href":"https:\/\/api.w.org\/{rel}","templated":true}]}}