{"id":8430,"date":"2021-07-23T19:58:32","date_gmt":"2021-07-23T17:58:32","guid":{"rendered":"https:\/\/www.teehaus-janssen.de\/product\/4265-bio-kraeuter-der-provence-30g\/"},"modified":"2025-09-30T10:10:48","modified_gmt":"2025-09-30T08:10:48","slug":"4265-bio-kraeuter-der-provence-30g","status":"publish","type":"product","link":"https:\/\/www.teehaus-janssen.de\/shop\/produkt\/4265-bio-kraeuter-der-provence-30g\/","title":{"rendered":"4265 &#8211; BIO KR\u00c4UTER DER PROVENCE &#8211; 30g"},"content":{"rendered":"<p><strong><span class=\"JsGRdQ\">Gew\u00fcrzmischung f\u00fcr die mediterran inspirierte K\u00fcche.\u00a0F\u00fcr Gem\u00fcsegerichte, Kartoffeln, Eint\u00f6pfe wie Ratatouille, uvm. <\/span><\/strong><\/p>\n<p class=\"_04xlpA direction-ltr align-start para-style-body\"><span class=\"JsGRdQ\">Zutaten: Thymian, Bohnenkraut,\u00a0<\/span><span class=\"JsGRdQ\">Oregano, Rosmarin, Lorbeer,\u00a0<\/span><span class=\"JsGRdQ\">Basilikum, Lavendelbl\u00fcten.\u00a0<\/span><span class=\"JsGRdQ\">Alle Zutaten aus \u00f6kologischem\u00a0<\/span><span class=\"JsGRdQ\">Landbau. Kann Spuren\u00a0<\/span><span class=\"JsGRdQ\">von <\/span><span class=\"JsGRdQ\">Sellerie <\/span><span class=\"JsGRdQ\">enthalten.\u00a0<\/span><span class=\"JsGRdQ\">Aromatische Gew\u00fcrzmischung\u00a0<\/span><span class=\"JsGRdQ\">der franz\u00f6sischen K\u00fcche\u00a0<\/span><span class=\"JsGRdQ\">mit herrlich mediterranem Aroma.<\/span><\/p>\n<p><img decoding=\"async\" class=\"alignnone size-large wp-image-34457\" src=\"https:\/\/www.teehaus-janssen.de\/shop\/wp-content\/uploads\/2025\/02\/2.png\" alt=\"\" \/><\/p>\n<p>&nbsp;<\/p>\n<p>&nbsp;<\/p>\n","protected":false},"excerpt":{"rendered":"<p><strong><span class=\"JsGRdQ\">Gew\u00fcrzmischung f\u00fcr die mediterran inspirierte K\u00fcche.\u00a0F\u00fcr Gem\u00fcsegerichte, Kartoffeln, Eint\u00f6pfe wie Ratatouille, uvm. <\/span><\/strong><\/p>\n<p class=\"_04xlpA direction-ltr align-start para-style-body\"><span class=\"JsGRdQ\">Zutaten: Thymian, Bohnenkraut,\u00a0<\/span><span class=\"JsGRdQ\">Oregano, Rosmarin, Lorbeer,\u00a0<\/span><span class=\"JsGRdQ\">Basilikum, Lavendelbl\u00fcten.\u00a0<\/span><span class=\"JsGRdQ\">Alle Zutaten aus \u00f6kologischem\u00a0<\/span><span class=\"JsGRdQ\">Landbau. Kann Spuren\u00a0<\/span><span class=\"JsGRdQ\">von <\/span><span class=\"JsGRdQ\">Sellerie <\/span><span class=\"JsGRdQ\">enthalten.\u00a0<\/span><span class=\"JsGRdQ\">Aromatische Gew\u00fcrzmischung\u00a0<\/span><span class=\"JsGRdQ\">der franz\u00f6sischen K\u00fcche\u00a0<\/span><span class=\"JsGRdQ\">mit herrlich mediterranem Aroma.<\/span><\/p>\n<p><img decoding=\"async\" class=\"alignnone size-large wp-image-34457\" src=\"https:\/\/www.teehaus-janssen.de\/shop\/wp-content\/uploads\/2021\/01\/2-700x700.png\" alt=\"\" \/><\/p>\n","protected":false},"featured_media":8431,"template":"","meta":{"_acf_changed":false},"product_brand":[],"product_cat":[365],"product_tag":[394,378,401,400,390,403,393,387,388,379,391,402,389,396,395,386,392],"class_list":{"0":"post-8430","1":"product","2":"type-product","3":"status-publish","4":"has-post-thumbnail","6":"product_cat-4201-4370-neu-premium-bio-gewuerze-aus-aller-welt","7":"product_tag-bio-bruschettagewuerz","8":"product_tag-bio-gewuerze","9":"product_tag-bio-knoblauch","10":"product_tag-bio-knoblauchpulver","11":"product_tag-bio-kraeuter","12":"product_tag-bio-kraeuter-der-provence","13":"product_tag-bruschetta-gewuerz","14":"product_tag-garam-masala","15":"product_tag-gartenkraeuter","16":"product_tag-gewuerze-zum-kochen","17":"product_tag-gluehweingewuerz","18":"product_tag-kraeuter-der-provence","19":"product_tag-kraeuter-fuer-dressings","20":"product_tag-pasta-und-pomodoro","21":"product_tag-pasta-gewuerz","22":"product_tag-premiumbio-gewuerze","23":"product_tag-punschgewuerz","24":"pa_menge-50-g","25":"pa_menge-100-g","26":"pa_menge-125-g","27":"pa_menge-250-g","28":"pa_menge-500-g","29":"pa_menge-1-kg","31":"first","32":"instock","33":"taxable","34":"shipping-taxable","35":"purchasable","36":"product-type-simple"},"acf":[],"_links":{"self":[{"href":"https:\/\/www.teehaus-janssen.de\/shop\/wp-json\/wp\/v2\/product\/8430","targetHints":{"allow":["GET"]}}],"collection":[{"href":"https:\/\/www.teehaus-janssen.de\/shop\/wp-json\/wp\/v2\/product"}],"about":[{"href":"https:\/\/www.teehaus-janssen.de\/shop\/wp-json\/wp\/v2\/types\/product"}],"wp:featuredmedia":[{"embeddable":true,"href":"https:\/\/www.teehaus-janssen.de\/shop\/wp-json\/wp\/v2\/media\/8431"}],"wp:attachment":[{"href":"https:\/\/www.teehaus-janssen.de\/shop\/wp-json\/wp\/v2\/media?parent=8430"}],"wp:term":[{"taxonomy":"product_brand","embeddable":true,"href":"https:\/\/www.teehaus-janssen.de\/shop\/wp-json\/wp\/v2\/product_brand?post=8430"},{"taxonomy":"product_cat","embeddable":true,"href":"https:\/\/www.teehaus-janssen.de\/shop\/wp-json\/wp\/v2\/product_cat?post=8430"},{"taxonomy":"product_tag","embeddable":true,"href":"https:\/\/www.teehaus-janssen.de\/shop\/wp-json\/wp\/v2\/product_tag?post=8430"}],"curies":[{"name":"wp","href":"https:\/\/api.w.org\/{rel}","templated":true}]}}