{"id":8421,"date":"2021-07-23T11:22:34","date_gmt":"2021-07-23T09:22:34","guid":{"rendered":"https:\/\/www.teehaus-janssen.de\/product\/4293-bio-pasta-und-pomodoro-40g\/"},"modified":"2025-09-30T10:10:38","modified_gmt":"2025-09-30T08:10:38","slug":"4293-bio-pasta-und-pomodoro-40g","status":"publish","type":"product","link":"https:\/\/www.teehaus-janssen.de\/shop\/produkt\/4293-bio-pasta-und-pomodoro-40g\/","title":{"rendered":"4293 &#8211; BIO PASTA UND POMODORO &#8211; 40g"},"content":{"rendered":"<p class=\"_04xlpA direction-ltr align-start para-style-body\"><strong><span class=\"JsGRdQ\">Gew\u00fcrzzubereitung f\u00fcr die mediterran inspirierte K\u00fcche. Besonders geeignet zum W\u00fcrzen von Tomatenso\u00dfen und -suppen.<\/span><\/strong><\/p>\n<p class=\"_04xlpA direction-ltr align-start para-style-body\"><span class=\"JsGRdQ\">Zutaten: Paprika edels\u00fc\u00df, Tomaten,\u00a0<\/span><span class=\"JsGRdQ\">Basilikum, Oregano, Thymian,\u00a0<\/span><span class=\"JsGRdQ\">Pfeffer wei\u00df, Rosmarin, Lauch, Petersilie, Knoblauch, Lorbeer, Muskatnuss.\u00a0<\/span><span class=\"JsGRdQ\">Alle Zutaten aus \u00f6kologischem Landbau.\u00a0<\/span><span class=\"JsGRdQ\">Durchschnittliche N\u00e4hrwerte pro 100 g:\u00a0<\/span><span class=\"JsGRdQ\">Brennwert 1009 kJ\/241 kcal, Fett 8,7 g |\u00a0<\/span><span class=\"JsGRdQ\">davon ges\u00e4ttigte Fetts\u00e4uren 1,5 g,\u00a0<\/span><span class=\"JsGRdQ\">Kohlenhydrate 29 g | davon Zucker 27 g,\u00a0<\/span><span class=\"JsGRdQ\">Eiwei\u00df 11 g, Salz 0,07 g.\u00a0<\/span><span class=\"JsGRdQ\">Kann Spuren von <\/span><span class=\"JsGRdQ\">Sellerie<\/span><span class=\"JsGRdQ\"> enthalten.<\/span><\/p>\n<p><img decoding=\"async\" class=\"alignnone size-large wp-image-34457\" src=\"https:\/\/www.teehaus-janssen.de\/shop\/wp-content\/uploads\/2025\/02\/2.png\" alt=\"\" \/><\/p>\n<p>&nbsp;<\/p>\n","protected":false},"excerpt":{"rendered":"<p class=\"_04xlpA direction-ltr align-start para-style-body\"><strong><span class=\"JsGRdQ\">Gew\u00fcrzzubereitung f\u00fcr die mediterran inspirierte K\u00fcche. Besonders geeignet zum W\u00fcrzen von Tomatenso\u00dfen und -suppen.<\/span><\/strong><\/p>\n<p class=\"_04xlpA direction-ltr align-start para-style-body\"><span class=\"JsGRdQ\">Zutaten: Paprika edels\u00fc\u00df, Tomaten,\u00a0<\/span><span class=\"JsGRdQ\">Basilikum, Oregano, Thymian,\u00a0<\/span><span class=\"JsGRdQ\">Pfeffer wei\u00df, Rosmarin, Lauch, Petersilie, Knoblauch, Lorbeer, Muskatnuss.\u00a0<\/span><span class=\"JsGRdQ\">Alle Zutaten aus \u00f6kologischem Landbau.\u00a0<\/span><span class=\"JsGRdQ\">Durchschnittliche N\u00e4hrwerte pro 100 g:\u00a0<\/span><span class=\"JsGRdQ\">Brennwert 1009 kJ\/241 kcal, Fett 8,7 g |\u00a0<\/span><span class=\"JsGRdQ\">davon ges\u00e4ttigte Fetts\u00e4uren 1,5 g,\u00a0<\/span><span class=\"JsGRdQ\">Kohlenhydrate 29 g | davon Zucker 27 g,\u00a0<\/span><span class=\"JsGRdQ\">Eiwei\u00df 11 g, Salz 0,07 g.\u00a0<\/span><span class=\"JsGRdQ\">Kann Spuren von <\/span><span class=\"JsGRdQ\">Sellerie<\/span><span class=\"JsGRdQ\"> enthalten.<\/span><\/p>\n<p><img decoding=\"async\" class=\"alignnone size-large wp-image-34457\" src=\"https:\/\/www.teehaus-janssen.de\/shop\/wp-content\/uploads\/2021\/01\/2-700x700.png\" alt=\"\" \/><\/p>\n","protected":false},"featured_media":8422,"template":"","meta":{"_acf_changed":false},"product_brand":[],"product_cat":[365],"product_tag":[394,378,390,393,387,388,379,391,389,396,395,386,392],"class_list":{"0":"post-8421","1":"product","2":"type-product","3":"status-publish","4":"has-post-thumbnail","6":"product_cat-4201-4370-neu-premium-bio-gewuerze-aus-aller-welt","7":"product_tag-bio-bruschettagewuerz","8":"product_tag-bio-gewuerze","9":"product_tag-bio-kraeuter","10":"product_tag-bruschetta-gewuerz","11":"product_tag-garam-masala","12":"product_tag-gartenkraeuter","13":"product_tag-gewuerze-zum-kochen","14":"product_tag-gluehweingewuerz","15":"product_tag-kraeuter-fuer-dressings","16":"product_tag-pasta-und-pomodoro","17":"product_tag-pasta-gewuerz","18":"product_tag-premiumbio-gewuerze","19":"product_tag-punschgewuerz","20":"pa_menge-50-g","21":"pa_menge-100-g","22":"pa_menge-125-g","23":"pa_menge-250-g","24":"pa_menge-500-g","25":"pa_menge-1-kg","27":"first","28":"instock","29":"taxable","30":"shipping-taxable","31":"purchasable","32":"product-type-simple"},"acf":[],"_links":{"self":[{"href":"https:\/\/www.teehaus-janssen.de\/shop\/wp-json\/wp\/v2\/product\/8421","targetHints":{"allow":["GET"]}}],"collection":[{"href":"https:\/\/www.teehaus-janssen.de\/shop\/wp-json\/wp\/v2\/product"}],"about":[{"href":"https:\/\/www.teehaus-janssen.de\/shop\/wp-json\/wp\/v2\/types\/product"}],"wp:featuredmedia":[{"embeddable":true,"href":"https:\/\/www.teehaus-janssen.de\/shop\/wp-json\/wp\/v2\/media\/8422"}],"wp:attachment":[{"href":"https:\/\/www.teehaus-janssen.de\/shop\/wp-json\/wp\/v2\/media?parent=8421"}],"wp:term":[{"taxonomy":"product_brand","embeddable":true,"href":"https:\/\/www.teehaus-janssen.de\/shop\/wp-json\/wp\/v2\/product_brand?post=8421"},{"taxonomy":"product_cat","embeddable":true,"href":"https:\/\/www.teehaus-janssen.de\/shop\/wp-json\/wp\/v2\/product_cat?post=8421"},{"taxonomy":"product_tag","embeddable":true,"href":"https:\/\/www.teehaus-janssen.de\/shop\/wp-json\/wp\/v2\/product_tag?post=8421"}],"curies":[{"name":"wp","href":"https:\/\/api.w.org\/{rel}","templated":true}]}}