{"id":8417,"date":"2021-07-23T11:12:55","date_gmt":"2021-07-23T09:12:55","guid":{"rendered":"https:\/\/www.teehaus-janssen.de\/product\/4205-bio-bruschetta-gewuerz-40g\/"},"modified":"2025-09-30T10:10:34","modified_gmt":"2025-09-30T08:10:34","slug":"4205-bio-bruschetta-gewuerz-40g","status":"publish","type":"product","link":"https:\/\/www.teehaus-janssen.de\/shop\/produkt\/4205-bio-bruschetta-gewuerz-40g\/","title":{"rendered":"4205 &#8211; BIO BRUSCHETTA-GEW\u00dcRZ &#8211; 40g"},"content":{"rendered":"<p class=\"_04xlpA direction-ltr align-start para-style-body\"><strong><span class=\"JsGRdQ\">Gew\u00fcrzzubereitung f\u00fcr die mediterran inspirierte K\u00fcche. Verleiht Bruschetta, Antipasti,\u00a0<\/span><span class=\"JsGRdQ\">Pizza, Hackfleisch, uvm. eine w\u00fcrzig-fruchtige Note.<\/span><\/strong><\/p>\n<p class=\"_04xlpA direction-ltr align-start para-style-body\"><span class=\"JsGRdQ\">Zutaten: Tomaten, Oregano,\u00a0<\/span><span class=\"JsGRdQ\">Knoblauch, Paprika, Basilikum.\u00a0<\/span><span class=\"JsGRdQ\">Alle Zutaten aus \u00f6kologischem Landbau.\u00a0<\/span><span class=\"JsGRdQ\">Kann Spuren von <\/span><span class=\"JsGRdQ\">Sellerie<\/span><span class=\"JsGRdQ\"> enthalten.\u00a0<\/span><span class=\"JsGRdQ\">Durchschnittliche N\u00e4hrwerte pro 100 g:\u00a0<\/span><span class=\"JsGRdQ\">Brennwert: 1285 kJ (427 kcal),\u00a0<\/span><span class=\"JsGRdQ\">Fett 6,5 g | davon ges. Fetts\u00e4uren: 1,3 g,\u00a0<\/span><span class=\"JsGRdQ\">Kohlenhydrate 65 g | davon Zucker: 58 g,\u00a0<\/span><span class=\"JsGRdQ\">Eiwei\u00df: 20 g, Salz: 0,07 g.<\/span><\/p>\n<p><img decoding=\"async\" class=\"alignnone size-large wp-image-34457\" src=\"https:\/\/www.teehaus-janssen.de\/shop\/wp-content\/uploads\/2025\/02\/2.png\" alt=\"\" \/><\/p>\n<p>&nbsp;<\/p>\n","protected":false},"excerpt":{"rendered":"<p class=\"_04xlpA direction-ltr align-start para-style-body\"><strong><span class=\"JsGRdQ\">Gew\u00fcrzzubereitung f\u00fcr die mediterran inspirierte K\u00fcche. Verleiht Bruschetta, Antipasti,\u00a0<\/span><span class=\"JsGRdQ\">Pizza, Hackfleisch, uvm. eine w\u00fcrzig-fruchtige Note.<\/span><\/strong><\/p>\n<p class=\"_04xlpA direction-ltr align-start para-style-body\"><span class=\"JsGRdQ\">Zutaten: Tomaten, Oregano,\u00a0<\/span><span class=\"JsGRdQ\">Knoblauch, Paprika, Basilikum.\u00a0<\/span><span class=\"JsGRdQ\">Alle Zutaten aus \u00f6kologischem Landbau.\u00a0<\/span><span class=\"JsGRdQ\">Kann Spuren von <\/span><span class=\"JsGRdQ\">Sellerie<\/span><span class=\"JsGRdQ\"> enthalten.\u00a0<\/span><span class=\"JsGRdQ\">Durchschnittliche N\u00e4hrwerte pro 100 g:\u00a0<\/span><span class=\"JsGRdQ\">Brennwert: 1285 kJ (427 kcal),\u00a0<\/span><span class=\"JsGRdQ\">Fett 6,5 g | davon ges. Fetts\u00e4uren: 1,3 g,\u00a0<\/span><span class=\"JsGRdQ\">Kohlenhydrate 65 g | davon Zucker: 58 g,\u00a0<\/span><span class=\"JsGRdQ\">Eiwei\u00df: 20 g, Salz: 0,07 g.<\/span><\/p>\n<p><img decoding=\"async\" class=\"alignnone size-large wp-image-34457\" src=\"https:\/\/www.teehaus-janssen.de\/shop\/wp-content\/uploads\/2021\/01\/2-700x700.png\" alt=\"\" \/><\/p>\n<p>&nbsp;<\/p>\n","protected":false},"featured_media":8418,"template":"","meta":{"_acf_changed":false},"product_brand":[],"product_cat":[365],"product_tag":[394,378,390,393,387,388,379,391,389,386,392],"class_list":{"0":"post-8417","1":"product","2":"type-product","3":"status-publish","4":"has-post-thumbnail","6":"product_cat-4201-4370-neu-premium-bio-gewuerze-aus-aller-welt","7":"product_tag-bio-bruschettagewuerz","8":"product_tag-bio-gewuerze","9":"product_tag-bio-kraeuter","10":"product_tag-bruschetta-gewuerz","11":"product_tag-garam-masala","12":"product_tag-gartenkraeuter","13":"product_tag-gewuerze-zum-kochen","14":"product_tag-gluehweingewuerz","15":"product_tag-kraeuter-fuer-dressings","16":"product_tag-premiumbio-gewuerze","17":"product_tag-punschgewuerz","18":"pa_menge-50-g","19":"pa_menge-100-g","20":"pa_menge-125-g","21":"pa_menge-250-g","22":"pa_menge-500-g","23":"pa_menge-1-kg","25":"first","26":"instock","27":"taxable","28":"shipping-taxable","29":"purchasable","30":"product-type-simple"},"acf":[],"_links":{"self":[{"href":"https:\/\/www.teehaus-janssen.de\/shop\/wp-json\/wp\/v2\/product\/8417","targetHints":{"allow":["GET"]}}],"collection":[{"href":"https:\/\/www.teehaus-janssen.de\/shop\/wp-json\/wp\/v2\/product"}],"about":[{"href":"https:\/\/www.teehaus-janssen.de\/shop\/wp-json\/wp\/v2\/types\/product"}],"wp:featuredmedia":[{"embeddable":true,"href":"https:\/\/www.teehaus-janssen.de\/shop\/wp-json\/wp\/v2\/media\/8418"}],"wp:attachment":[{"href":"https:\/\/www.teehaus-janssen.de\/shop\/wp-json\/wp\/v2\/media?parent=8417"}],"wp:term":[{"taxonomy":"product_brand","embeddable":true,"href":"https:\/\/www.teehaus-janssen.de\/shop\/wp-json\/wp\/v2\/product_brand?post=8417"},{"taxonomy":"product_cat","embeddable":true,"href":"https:\/\/www.teehaus-janssen.de\/shop\/wp-json\/wp\/v2\/product_cat?post=8417"},{"taxonomy":"product_tag","embeddable":true,"href":"https:\/\/www.teehaus-janssen.de\/shop\/wp-json\/wp\/v2\/product_tag?post=8417"}],"curies":[{"name":"wp","href":"https:\/\/api.w.org\/{rel}","templated":true}]}}