{"id":8410,"date":"2021-07-19T12:41:54","date_gmt":"2021-07-19T10:41:54","guid":{"rendered":"https:\/\/www.teehaus-janssen.de\/product\/4232-bio-gartenkraeuter-30g\/"},"modified":"2025-09-30T10:10:27","modified_gmt":"2025-09-30T08:10:27","slug":"4232-bio-gartenkraeuter-30g","status":"publish","type":"product","link":"https:\/\/www.teehaus-janssen.de\/shop\/produkt\/4232-bio-gartenkraeuter-30g\/","title":{"rendered":"4232 &#8211; BIO GARTENKR\u00c4UTER &#8211; 30g"},"content":{"rendered":"<p class=\"_04xlpA direction-ltr align-start para-style-body\"><strong><span class=\"JsGRdQ\">Fein-w\u00fcrzige Gew\u00fcrzzubereitung\u00a0<\/span><\/strong><strong><span class=\"JsGRdQ\">f\u00fcr Blattsalate, wohlschmeckende Dressings, Kr\u00e4uterquark, pikante Quarkspeisen, Eier, Kr\u00e4uterso\u00dfe, uvm.<\/span><\/strong><\/p>\n<p class=\"_04xlpA direction-ltr align-start para-style-body\"><span class=\"JsGRdQ\">Zutaten: Schnittlauch, Paprika rot,\u00a0<\/span><span class=\"JsGRdQ\">Schabzigerklee, Kerbel, Petersilie, Dill, SENFSAAT<\/span><span class=\"JsGRdQ\">. Alle Zutaten aus \u00f6kologischem\u00a0<\/span><span class=\"JsGRdQ\">Landbau. Durchschnittliche N\u00e4hrwerte\u00a0<\/span><span class=\"JsGRdQ\">pro 100 g: Brennwert 1113 kJ\/266 kcal\u00a0<\/span><span class=\"JsGRdQ\">Fett 4,6 g | davon ges\u00e4ttigte Fetts\u00e4uren 0,7 g,\u00a0<\/span><span class=\"JsGRdQ\">Kohlenhydrate 24 g | davon Zucker 18 g,\u00a0<\/span><span class=\"JsGRdQ\">Eiwei\u00df 21 g, Salz 0,07 g. Kann Spuren\u00a0<\/span><span class=\"JsGRdQ\">von<\/span><span class=\"JsGRdQ\"> Weizen<\/span><span class=\"JsGRdQ\"> und <\/span><span class=\"JsGRdQ\">Sellerie<\/span><span class=\"JsGRdQ\"> enthalten.<\/span><\/p>\n<p><img decoding=\"async\" class=\"alignnone size-large wp-image-34457\" src=\"https:\/\/www.teehaus-janssen.de\/shop\/wp-content\/uploads\/2025\/02\/2.png\" alt=\"\" \/><\/p>\n","protected":false},"excerpt":{"rendered":"<p class=\"_04xlpA direction-ltr align-start para-style-body\"><strong><span class=\"JsGRdQ\">Fein-w\u00fcrzige Gew\u00fcrzzubereitung\u00a0<\/span><\/strong><strong><span class=\"JsGRdQ\">f\u00fcr Blattsalate, wohlschmeckende Dressings, Kr\u00e4uterquark, pikante Quarkspeisen, Eier, Kr\u00e4uterso\u00dfe, uvm.<\/span><\/strong><\/p>\n<p class=\"_04xlpA direction-ltr align-start para-style-body\"><span class=\"JsGRdQ\">Zutaten: Schnittlauch, Paprika rot,\u00a0<\/span><span class=\"JsGRdQ\">Schabzigerklee, Kerbel, Petersilie, Dill, SENFSAAT<\/span><span class=\"JsGRdQ\">. Alle Zutaten aus \u00f6kologischem\u00a0<\/span><span class=\"JsGRdQ\">Landbau. Durchschnittliche N\u00e4hrwerte\u00a0<\/span><span class=\"JsGRdQ\">pro 100 g: Brennwert 1113 kJ\/266 kcal\u00a0<\/span><span class=\"JsGRdQ\">Fett 4,6 g | davon ges\u00e4ttigte Fetts\u00e4uren 0,7 g,\u00a0<\/span><span class=\"JsGRdQ\">Kohlenhydrate 24 g | davon Zucker 18 g,\u00a0<\/span><span class=\"JsGRdQ\">Eiwei\u00df 21 g, Salz 0,07 g. Kann Spuren\u00a0<\/span><span class=\"JsGRdQ\">von<\/span><span class=\"JsGRdQ\"> Weizen<\/span><span class=\"JsGRdQ\"> und <\/span><span class=\"JsGRdQ\">Sellerie<\/span><span class=\"JsGRdQ\"> enthalten.<\/span><\/p>\n<p><img decoding=\"async\" class=\"alignnone size-large wp-image-34457\" src=\"https:\/\/www.teehaus-janssen.de\/shop\/wp-content\/uploads\/2021\/01\/2-700x700.png\" alt=\"\" \/><\/p>\n","protected":false},"featured_media":8411,"template":"","meta":{"_acf_changed":false},"product_brand":[],"product_cat":[365],"product_tag":[378,390,387,388,379,389,386],"class_list":{"0":"post-8410","1":"product","2":"type-product","3":"status-publish","4":"has-post-thumbnail","6":"product_cat-4201-4370-neu-premium-bio-gewuerze-aus-aller-welt","7":"product_tag-bio-gewuerze","8":"product_tag-bio-kraeuter","9":"product_tag-garam-masala","10":"product_tag-gartenkraeuter","11":"product_tag-gewuerze-zum-kochen","12":"product_tag-kraeuter-fuer-dressings","13":"product_tag-premiumbio-gewuerze","14":"pa_menge-50-g","15":"pa_menge-100-g","16":"pa_menge-125-g","17":"pa_menge-250-g","18":"pa_menge-500-g","19":"pa_menge-1-kg","21":"first","22":"instock","23":"taxable","24":"shipping-taxable","25":"purchasable","26":"product-type-simple"},"acf":[],"_links":{"self":[{"href":"https:\/\/www.teehaus-janssen.de\/shop\/wp-json\/wp\/v2\/product\/8410","targetHints":{"allow":["GET"]}}],"collection":[{"href":"https:\/\/www.teehaus-janssen.de\/shop\/wp-json\/wp\/v2\/product"}],"about":[{"href":"https:\/\/www.teehaus-janssen.de\/shop\/wp-json\/wp\/v2\/types\/product"}],"wp:featuredmedia":[{"embeddable":true,"href":"https:\/\/www.teehaus-janssen.de\/shop\/wp-json\/wp\/v2\/media\/8411"}],"wp:attachment":[{"href":"https:\/\/www.teehaus-janssen.de\/shop\/wp-json\/wp\/v2\/media?parent=8410"}],"wp:term":[{"taxonomy":"product_brand","embeddable":true,"href":"https:\/\/www.teehaus-janssen.de\/shop\/wp-json\/wp\/v2\/product_brand?post=8410"},{"taxonomy":"product_cat","embeddable":true,"href":"https:\/\/www.teehaus-janssen.de\/shop\/wp-json\/wp\/v2\/product_cat?post=8410"},{"taxonomy":"product_tag","embeddable":true,"href":"https:\/\/www.teehaus-janssen.de\/shop\/wp-json\/wp\/v2\/product_tag?post=8410"}],"curies":[{"name":"wp","href":"https:\/\/api.w.org\/{rel}","templated":true}]}}