{"id":8401,"date":"2021-07-17T12:15:02","date_gmt":"2021-07-17T10:15:02","guid":{"rendered":"https:\/\/www.teehaus-janssen.de\/product\/4230-bio-garam-masala-30g\/"},"modified":"2025-09-30T10:10:20","modified_gmt":"2025-09-30T08:10:20","slug":"4230-bio-garam-masala-30g","status":"publish","type":"product","link":"https:\/\/www.teehaus-janssen.de\/shop\/produkt\/4230-bio-garam-masala-30g\/","title":{"rendered":"4230 &#8211; BIO GARAM MASALA &#8211; 30g"},"content":{"rendered":"<p><strong><span class=\"JsGRdQ\">Ideal f\u00fcr Suppen, So\u00dfen, Gem\u00fcse, Fleisch, Fisch und Reis.<\/span><\/strong><\/p>\n<p><strong><span class=\"JsGRdQ\">Typisch nordindische Gew\u00fcrzmischung mit warmer Zimtnote.<\/span><\/strong><\/p>\n<p class=\"_04xlpA direction-ltr align-start para-style-body\"><span class=\"JsGRdQ\">Zutaten: Koriander, Cumin,\u00a0<\/span><span class=\"JsGRdQ\">Pfeffer schwarz, Muskatnuss,\u00a0<\/span><span class=\"JsGRdQ\">Zimt-Cassia, Kardamom, Nelken.\u00a0<\/span><span class=\"JsGRdQ\">Alle Zutaten aus\u00a0<\/span><span class=\"JsGRdQ\">\u00f6kologischem Landbau.\u00a0<\/span><span class=\"JsGRdQ\">Kann Spuren von\u00a0<\/span><span class=\"JsGRdQ\">Weizen<\/span><span class=\"JsGRdQ\"> enthalten.<\/span><\/p>\n<p><img decoding=\"async\" class=\"alignnone size-large wp-image-34457\" src=\"https:\/\/www.teehaus-janssen.de\/shop\/wp-content\/uploads\/2025\/02\/2.png\" alt=\"\" \/><\/p>\n","protected":false},"excerpt":{"rendered":"<p><strong><span class=\"JsGRdQ\">Ideal f\u00fcr Suppen, So\u00dfen, Gem\u00fcse, Fleisch, Fisch und Reis.<\/span><\/strong><\/p>\n<p><strong><span class=\"JsGRdQ\">Typisch nordindische Gew\u00fcrzmischung mit warmer Zimtnote.<\/span><\/strong><\/p>\n<p class=\"_04xlpA direction-ltr align-start para-style-body\"><span class=\"JsGRdQ\">Zutaten: Koriander, Cumin,\u00a0<\/span><span class=\"JsGRdQ\">Pfeffer schwarz, Muskatnuss,\u00a0<\/span><span class=\"JsGRdQ\">Zimt-Cassia, Kardamom, Nelken.\u00a0<\/span><span class=\"JsGRdQ\">Alle Zutaten aus\u00a0<\/span><span class=\"JsGRdQ\">\u00f6kologischem Landbau.\u00a0<\/span><span class=\"JsGRdQ\">Kann Spuren von\u00a0<\/span><span class=\"JsGRdQ\">Weizen<\/span><span class=\"JsGRdQ\"> enthalten.<\/span><\/p>\n<p><img decoding=\"async\" class=\"alignnone size-large wp-image-34457\" src=\"https:\/\/www.teehaus-janssen.de\/shop\/wp-content\/uploads\/2021\/01\/2-700x700.png\" alt=\"\" \/><\/p>\n","protected":false},"featured_media":8402,"template":"","meta":{"_acf_changed":false},"product_brand":[],"product_cat":[365],"product_tag":[378,387,379,386],"class_list":{"0":"post-8401","1":"product","2":"type-product","3":"status-publish","4":"has-post-thumbnail","6":"product_cat-4201-4370-neu-premium-bio-gewuerze-aus-aller-welt","7":"product_tag-bio-gewuerze","8":"product_tag-garam-masala","9":"product_tag-gewuerze-zum-kochen","10":"product_tag-premiumbio-gewuerze","11":"pa_menge-50-g","12":"pa_menge-100-g","13":"pa_menge-125-g","14":"pa_menge-250-g","15":"pa_menge-500-g","16":"pa_menge-1-kg","18":"first","19":"instock","20":"taxable","21":"shipping-taxable","22":"purchasable","23":"product-type-simple"},"acf":[],"_links":{"self":[{"href":"https:\/\/www.teehaus-janssen.de\/shop\/wp-json\/wp\/v2\/product\/8401","targetHints":{"allow":["GET"]}}],"collection":[{"href":"https:\/\/www.teehaus-janssen.de\/shop\/wp-json\/wp\/v2\/product"}],"about":[{"href":"https:\/\/www.teehaus-janssen.de\/shop\/wp-json\/wp\/v2\/types\/product"}],"wp:featuredmedia":[{"embeddable":true,"href":"https:\/\/www.teehaus-janssen.de\/shop\/wp-json\/wp\/v2\/media\/8402"}],"wp:attachment":[{"href":"https:\/\/www.teehaus-janssen.de\/shop\/wp-json\/wp\/v2\/media?parent=8401"}],"wp:term":[{"taxonomy":"product_brand","embeddable":true,"href":"https:\/\/www.teehaus-janssen.de\/shop\/wp-json\/wp\/v2\/product_brand?post=8401"},{"taxonomy":"product_cat","embeddable":true,"href":"https:\/\/www.teehaus-janssen.de\/shop\/wp-json\/wp\/v2\/product_cat?post=8401"},{"taxonomy":"product_tag","embeddable":true,"href":"https:\/\/www.teehaus-janssen.de\/shop\/wp-json\/wp\/v2\/product_tag?post=8401"}],"curies":[{"name":"wp","href":"https:\/\/api.w.org\/{rel}","templated":true}]}}