{"id":8382,"date":"2021-03-11T16:04:31","date_gmt":"2021-03-11T15:04:31","guid":{"rendered":"https:\/\/www.teehaus-janssen.de\/product\/4630-bio-orangenschalen-geschnitten\/"},"modified":"2025-09-30T10:12:08","modified_gmt":"2025-09-30T08:12:08","slug":"4630-bio-orangenschalen-geschnitten","status":"publish","type":"product","link":"https:\/\/www.teehaus-janssen.de\/shop\/produkt\/4630-bio-orangenschalen-geschnitten\/","title":{"rendered":"4630 &#8211; BIO ORANGENSCHALEN &#8211; geschnitten"},"content":{"rendered":"<p><strong>Lat.:\u00a0<\/strong>Cortex citri aurantii<\/p>\n<p><strong>Erl\u00e4uterung:<\/strong>\u00a0Orangenschalen finden duftgebend im Lebensmittel- und Gew\u00fcrzbereich sowie duftgebend f\u00fcr kosmetische Produkte und nat\u00fcrliche Teemischungen Verwendung. Orangen\u00f6l aus den Schalen und Fr\u00fcchten wird f\u00fcr Beduftungszwecke verwendet.<\/p>\n<p><strong>Herb orangen-zitrusduftig.<\/strong><\/p>\n<p><img decoding=\"async\" class=\"alignnone size-large wp-image-34457\" src=\"https:\/\/www.teehaus-janssen.de\/shop\/wp-content\/uploads\/2025\/02\/2.png\" alt=\"\" \/><\/p>\n","protected":false},"excerpt":{"rendered":"<p><strong>Lat.:\u00a0<\/strong>Cortex citri aurantii<\/p>\n<p><strong>Erl\u00e4uterung:<\/strong>\u00a0Orangenschalen finden duftgebend im Lebensmittel- und Gew\u00fcrzbereich sowie duftgebend f\u00fcr kosmetische Produkte und nat\u00fcrliche Teemischungen Verwendung. Orangen\u00f6l aus den Schalen und Fr\u00fcchten wird f\u00fcr Beduftungszwecke verwendet.<\/p>\n<p><strong>Herb orangen-zitrusduftig.<\/strong><\/p>\n<p><img decoding=\"async\" class=\"alignnone size-large wp-image-34457\" src=\"https:\/\/www.teehaus-janssen.de\/shop\/wp-content\/uploads\/2021\/01\/2-700x700.png\" alt=\"\" \/><\/p>\n","protected":false},"featured_media":8383,"template":"","meta":{"_acf_changed":false},"product_brand":[],"product_cat":[310],"product_tag":[],"class_list":{"0":"post-8382","1":"product","2":"type-product","3":"status-publish","4":"has-post-thumbnail","6":"product_cat-4600-4650-einzelkraeuter-und-pflanzliche-rohstoffe","7":"pa_menge-50-g","8":"pa_menge-100-g","9":"pa_menge-125-g","10":"pa_menge-250-g","11":"pa_menge-500-g","12":"pa_menge-1-kg","14":"first","15":"instock","16":"taxable","17":"shipping-taxable","18":"purchasable","19":"product-type-variable","20":"has-default-attributes"},"acf":[],"_links":{"self":[{"href":"https:\/\/www.teehaus-janssen.de\/shop\/wp-json\/wp\/v2\/product\/8382","targetHints":{"allow":["GET"]}}],"collection":[{"href":"https:\/\/www.teehaus-janssen.de\/shop\/wp-json\/wp\/v2\/product"}],"about":[{"href":"https:\/\/www.teehaus-janssen.de\/shop\/wp-json\/wp\/v2\/types\/product"}],"wp:featuredmedia":[{"embeddable":true,"href":"https:\/\/www.teehaus-janssen.de\/shop\/wp-json\/wp\/v2\/media\/8383"}],"wp:attachment":[{"href":"https:\/\/www.teehaus-janssen.de\/shop\/wp-json\/wp\/v2\/media?parent=8382"}],"wp:term":[{"taxonomy":"product_brand","embeddable":true,"href":"https:\/\/www.teehaus-janssen.de\/shop\/wp-json\/wp\/v2\/product_brand?post=8382"},{"taxonomy":"product_cat","embeddable":true,"href":"https:\/\/www.teehaus-janssen.de\/shop\/wp-json\/wp\/v2\/product_cat?post=8382"},{"taxonomy":"product_tag","embeddable":true,"href":"https:\/\/www.teehaus-janssen.de\/shop\/wp-json\/wp\/v2\/product_tag?post=8382"}],"curies":[{"name":"wp","href":"https:\/\/api.w.org\/{rel}","templated":true}]}}