{"id":8315,"date":"2019-02-11T16:25:25","date_gmt":"2019-02-11T15:25:25","guid":{"rendered":"https:\/\/www.teehaus-janssen.de\/product\/8020-fleur-de-sylt-sylter-meersalz-fein-125-g-buegelglas\/"},"modified":"2025-09-30T10:07:46","modified_gmt":"2025-09-30T08:07:46","slug":"8020-fleur-de-sylt-sylter-meersalz-fein-125-g-buegelglas","status":"publish","type":"product","link":"https:\/\/www.teehaus-janssen.de\/shop\/produkt\/8020-fleur-de-sylt-sylter-meersalz-fein-125-g-buegelglas\/","title":{"rendered":"8020 &#8211; &#8222;FLEUR DE SYLT&#8220; &#8211; SYLTER MEERSALZ &#8211; fein, 125 g, Schraubglas"},"content":{"rendered":"<p><span style=\"color: #a18e56; font-family: Tahoma, Verdana, Helvetica; font-size: 15px; letter-spacing: 0px;\">&#8230; damit bringen Sie das Meer in die K\u00fcche<\/span><\/p>\n<section class=\"section clearfix\" style=\"margin: 0px; padding: 0px; border: 0px; vertical-align: baseline; background: #ffffff; color: #4f5355; font-family: arial, sans-serif;\">\n<div class=\"p\" style=\"font-size: 14px; margin: 0px 0px 1.5em; padding: 0px; border: 0px; background: transparent; text-align: justify;\">\n<p>Verleihen Sie Ihren Saucen, Suppen oder Schmorgerichten den salzigen Hauch von Sylt. F\u00fcr Speisen, bei denen sich das Meersalz im fertigen Gericht gleichm\u00e4\u00dfig verteilen soll, eignet sich das feine, leicht l\u00f6sliche Sylter Meersalz besonders gut. So kann sich die milde Salznote voll als reiner Geschmacksbringer entfalten.<\/p>\n<p>Damit die feucht-w\u00fcrzige Note des &#8222;Fleur de Sylt&#8220; lange erhalten bleibt, bitte das Salzgef\u00e4\u00df immer gut verschlie\u00dfen.<\/p>\n<\/div>\n<div class=\"p\" style=\"font-size: 14px; margin: 0px 0px 1.5em; padding: 0px; border: 0px; background: transparent; text-align: justify;\">Im Vergleich zu Normalsalz enth\u00e4lt das eingedampfte Meerwasser ein umfassenderes Mineralogramm.<\/div>\n<div class=\"p\" style=\"font-size: 14px; margin: 0px 0px 1.5em; padding: 0px; border: 0px; background: transparent; text-align: justify;\">Tests ergaben auch die Reinheit von Mikroplastikteilen.<\/div>\n<div class=\"p\" style=\"font-size: 14px; margin: 0px 0px 1.5em; padding: 0px; border: 0px; background: transparent; text-align: justify;\"><\/div>\n<\/section>\n","protected":false},"excerpt":{"rendered":"<p><span style=\"color: #a18e56; font-family: Tahoma, Verdana, Helvetica; font-size: 15px; letter-spacing: 0px;\">&#8230; damit bringen Sie das Meer in die K\u00fcche<\/span><\/p>\n<section class=\"section clearfix\" style=\"margin: 0px; padding: 0px; border: 0px; vertical-align: baseline; background: #ffffff; color: #4f5355; font-family: arial, sans-serif;\">\n<div class=\"p\" style=\"font-size: 14px; margin: 0px 0px 1.5em; padding: 0px; border: 0px; background: transparent; text-align: justify;\">\n<p>Verleihen Sie Ihren Saucen, Suppen oder Schmorgerichten den salzigen Hauch von Sylt. F\u00fcr Speisen, bei denen sich das Meersalz im fertigen Gericht gleichm\u00e4\u00dfig verteilen soll, eignet sich das feine, leicht l\u00f6sliche Sylter Meersalz besonders gut. So kann sich die milde Salznote voll als reiner Geschmacksbringer entfalten.<\/p>\n<p>Damit die feucht-w\u00fcrzige Note des &#8222;Fleur de Sylt&#8220; lange erhalten bleibt, bitte das Salzgef\u00e4\u00df immer gut verschlie\u00dfen.<\/p>\n<\/div>\n<div class=\"p\" style=\"font-size: 14px; margin: 0px 0px 1.5em; padding: 0px; border: 0px; background: transparent; text-align: justify;\">Im Vergleich zu Normalsalz enth\u00e4lt das eingedampfte Meerwasser ein umfassenderes Mineralogramm.<\/div>\n<div class=\"p\" style=\"font-size: 14px; margin: 0px 0px 1.5em; padding: 0px; border: 0px; background: transparent; text-align: justify;\">Tests ergaben auch die Reinheit von Mikroplastikteilen.<\/div>\n<div class=\"p\" style=\"font-size: 14px; margin: 0px 0px 1.5em; padding: 0px; border: 0px; background: transparent; text-align: justify;\"><\/div>\n<\/section>\n","protected":false},"featured_media":8316,"template":"","meta":{"_acf_changed":false},"product_brand":[],"product_cat":[366],"product_tag":[],"class_list":{"0":"post-8315","1":"product","2":"type-product","3":"status-publish","4":"has-post-thumbnail","6":"product_cat-8020-8026-sylter-meersalz-fleur-de-sylt","8":"first","9":"instock","10":"featured","11":"taxable","12":"shipping-taxable","13":"purchasable","14":"product-type-simple"},"acf":[],"_links":{"self":[{"href":"https:\/\/www.teehaus-janssen.de\/shop\/wp-json\/wp\/v2\/product\/8315","targetHints":{"allow":["GET"]}}],"collection":[{"href":"https:\/\/www.teehaus-janssen.de\/shop\/wp-json\/wp\/v2\/product"}],"about":[{"href":"https:\/\/www.teehaus-janssen.de\/shop\/wp-json\/wp\/v2\/types\/product"}],"wp:featuredmedia":[{"embeddable":true,"href":"https:\/\/www.teehaus-janssen.de\/shop\/wp-json\/wp\/v2\/media\/8316"}],"wp:attachment":[{"href":"https:\/\/www.teehaus-janssen.de\/shop\/wp-json\/wp\/v2\/media?parent=8315"}],"wp:term":[{"taxonomy":"product_brand","embeddable":true,"href":"https:\/\/www.teehaus-janssen.de\/shop\/wp-json\/wp\/v2\/product_brand?post=8315"},{"taxonomy":"product_cat","embeddable":true,"href":"https:\/\/www.teehaus-janssen.de\/shop\/wp-json\/wp\/v2\/product_cat?post=8315"},{"taxonomy":"product_tag","embeddable":true,"href":"https:\/\/www.teehaus-janssen.de\/shop\/wp-json\/wp\/v2\/product_tag?post=8315"}],"curies":[{"name":"wp","href":"https:\/\/api.w.org\/{rel}","templated":true}]}}