{"id":8311,"date":"2019-02-11T17:25:25","date_gmt":"2019-02-11T16:25:25","guid":{"rendered":"https:\/\/www.teehaus-janssen.de\/product\/0130-pyramidenbeutel-33-stk-janssens-gruene-welle-50-g\/"},"modified":"2025-09-30T10:07:43","modified_gmt":"2025-09-30T08:07:43","slug":"0130-pyramidenbeutel-33-stk-janssens-gruene-welle-50-g","status":"publish","type":"product","link":"https:\/\/www.teehaus-janssen.de\/shop\/produkt\/0130-pyramidenbeutel-33-stk-janssens-gruene-welle-50-g\/","title":{"rendered":"0130 &#8211; PYRAMIDENBEUTEL (33 Stk.) &#8211; JANSSENS  SYLTER-GR\u00dcNE WELLE \u00ae &#8211; 50 g"},"content":{"rendered":"<p><strong>NEU: JETZT AUCH IM PYRAMIDENBEUTEL f\u00fcr je 0,5 Liter erh\u00e4ltlich<\/strong><\/p>\n<div class=\"woocommerce-product-details__short-description\">\n<p><strong>Der Tee zum Durchstarten \u2026<\/strong><\/p>\n<p><strong>Herkunft:<\/strong> exklusiv im TEEhaus zusammengestellt aus erntefrischen Rohstoffen.<\/p>\n<p><strong>Erl\u00e4uterung:<\/strong>\u00a0Wei\u00dfer Tee nat\u00fcrlich aromatisiert. Eine sinnvolle Verbindung von Wei\u00dfem\u00a0Tee und erlesenen Kr\u00e4utertees. Unter Gr\u00fcntee-Einsteigern sowie bei langj\u00e4hrigen Gr\u00fcntee-Liebhabern ist diese Sorte gleicherma\u00dfen beliebt.<\/p>\n<p><strong>Zutaten:\u00a0<\/strong>Wei\u00dfer Tee, Himbeerbl\u00e4tter, Brombeerbl\u00e4tter,\u00a0 Holunderbl\u00fcten, Melissenbl\u00e4tter, Wei\u00dfdornbl\u00fcten und -bl\u00e4tter, Kornblumen-\/Malvenbl\u00fcten, Hopfenbl\u00fcten,\u00a0 Atlantik Spirulina-Algen, nat\u00fcrliches Aroma.<\/p>\n<p class=\"line-height-75 cke-line-height\">\n<\/div>\n","protected":false},"excerpt":{"rendered":"<p><strong>NEU: Jetzt auch im PYRAMIDENBEUTEL f\u00fcr je 0,5 Liter erh\u00e4ltlich<\/strong><\/p>\n<div class=\"woocommerce-product-details__short-description\">\n<p><strong>Herkunft:<\/strong> exklusiv im TEEhaus zusammengestellt aus erntefrischen Rohstoffen.<\/p>\n<p><strong>Erl\u00e4uterung:<\/strong>\u00a0Wei\u00dfer Tee nat\u00fcrlich aromatisiert. Eine sinnvolle Verbindung von Wei\u00dfem\u00a0Tee und erlesenen Kr\u00e4utertees. Unter Gr\u00fcntee-Einsteigern sowie bei langj\u00e4hrigen Gr\u00fcntee-Liebhabern ist diese Sorte gleicherma\u00dfen beliebt.<\/p>\n<p><strong>Zutaten:\u00a0<\/strong>Wei\u00dfer Tee, Himbeerbl\u00e4tter, Brombeerbl\u00e4tter,\u00a0 Holunderbl\u00fcten, Melissenbl\u00e4tter, Wei\u00dfdornbl\u00fcten und -bl\u00e4tter, Kornblumen-\/Malvenbl\u00fcten, Hopfenbl\u00fcten,\u00a0 Atlantik Spirulina-Algen, nat\u00fcrliches Aroma.<\/p>\n<\/div>\n","protected":false},"featured_media":8312,"template":"","meta":{"_acf_changed":false},"product_brand":[],"product_cat":[279],"product_tag":[],"class_list":{"0":"post-8311","1":"product","2":"type-product","3":"status-publish","4":"has-post-thumbnail","6":"product_cat-0100-0120-gruener-weisser-tee-aromatisiert","8":"first","9":"instock","10":"taxable","11":"shipping-taxable","12":"purchasable","13":"product-type-simple"},"acf":[],"_links":{"self":[{"href":"https:\/\/www.teehaus-janssen.de\/shop\/wp-json\/wp\/v2\/product\/8311","targetHints":{"allow":["GET"]}}],"collection":[{"href":"https:\/\/www.teehaus-janssen.de\/shop\/wp-json\/wp\/v2\/product"}],"about":[{"href":"https:\/\/www.teehaus-janssen.de\/shop\/wp-json\/wp\/v2\/types\/product"}],"wp:featuredmedia":[{"embeddable":true,"href":"https:\/\/www.teehaus-janssen.de\/shop\/wp-json\/wp\/v2\/media\/8312"}],"wp:attachment":[{"href":"https:\/\/www.teehaus-janssen.de\/shop\/wp-json\/wp\/v2\/media?parent=8311"}],"wp:term":[{"taxonomy":"product_brand","embeddable":true,"href":"https:\/\/www.teehaus-janssen.de\/shop\/wp-json\/wp\/v2\/product_brand?post=8311"},{"taxonomy":"product_cat","embeddable":true,"href":"https:\/\/www.teehaus-janssen.de\/shop\/wp-json\/wp\/v2\/product_cat?post=8311"},{"taxonomy":"product_tag","embeddable":true,"href":"https:\/\/www.teehaus-janssen.de\/shop\/wp-json\/wp\/v2\/product_tag?post=8311"}],"curies":[{"name":"wp","href":"https:\/\/api.w.org\/{rel}","templated":true}]}}