{"id":8281,"date":"2019-02-11T17:25:22","date_gmt":"2019-02-11T16:25:22","guid":{"rendered":"https:\/\/www.teehaus-janssen.de\/product\/6008-kandis-sticks-weiss-per-stueck\/"},"modified":"2025-09-30T10:07:05","modified_gmt":"2025-09-30T08:07:05","slug":"6008-kandis-sticks-weiss-per-stueck","status":"publish","type":"product","link":"https:\/\/www.teehaus-janssen.de\/shop\/produkt\/6008-kandis-sticks-weiss-per-stueck\/","title":{"rendered":"6008 &#8211; KANDIS-STICKS &#8211; wei\u00df, per St\u00fcck"},"content":{"rendered":"<div id=\"tab-product-description\" class=\"ui-tabs-panel ui-widget-content ui-corner-bottom\" role=\"tabpanel\">\n<div class=\"description\">\n<div class=\"Description SmallTopPadding\">\n<p><span style=\"font-size: 14px\"><span style=\"font-family: arial,verdana,helvetica\"><strong>Erl\u00e4uterung: <\/strong>Wei\u00dfer Kandis am St\u00e4bchen. Einzeln verpackt.<\/span><\/span><\/p>\n<p><span style=\"font-size: 14px\"><span style=\"font-family: arial,verdana,helvetica\"><strong>Die wei\u00dfen Kandis-Sticks sind die ideale Beigabe zu Geschenken. Sie sind einzeln verpackt und sehr dekorativ. Durch das St\u00e4bchen eignen sie sich hervorragend zum gleichzeitigen S\u00fc\u00dfen und Umr\u00fchren in der Tasse oder der Kanne mit Ihrem Lieblingstee.<\/strong><\/span><\/span><\/p>\n<p><span style=\"font-size: 12px;font-family: Arial, Verdana, Helvetica\"><span style=\"font-size: 12px;font-family: arial, verdana, helvetica\">1 St\u00fcck \/ inkl. MwSt. zzgl.\u00a0<\/span><\/span><a style=\"font-family: Arial, Verdana, Helvetica\" href=\"?ObjectPath=\/Shops\/44019391\/Categories\/ShippingAndPaymentInformation\" data-link-type=\"tree\" data-type=\"linkpicker\">Versand<\/a><\/p>\n<\/div>\n<\/div>\n<\/div>\n","protected":false},"excerpt":{"rendered":"<p><span style=\"font-size: 14px\"><span style=\"font-family: arial,verdana,helvetica\"><strong>Erl\u00e4uterung: <\/strong>Wei\u00dfer Kandis am St\u00e4bchen. Einzeln verpackt.<\/span><\/span><\/p>\n<p><span style=\"font-size: 14px\"><span style=\"font-family: arial,verdana,helvetica\"><strong>Die wei\u00dfen Kandis-Sticks sind die ideale Beigabe zu Geschenken. Sie sind einzeln verpackt und sehr dekorativ. Durch das St\u00e4bchen eignen sie sich hervorragend zum gleichzeitigen S\u00fc\u00dfen und Umr\u00fchren in der Tasse oder der Kanne mit Ihrem Lieblingstee.<\/strong><\/span><\/span><\/p>\n<p><span style=\"font-size: 12px;font-family: Arial, Verdana, Helvetica\"><span style=\"font-size: 12px;font-family: arial, verdana, helvetica\">1 St\u00fcck \/ inkl. MwSt. zzgl.\u00a0<\/span><\/span><a style=\"font-family: Arial, Verdana, Helvetica\" href=\"?ObjectPath=\/Shops\/44019391\/Categories\/ShippingAndPaymentInformation\" data-link-type=\"tree\" data-type=\"linkpicker\">Versand<\/a><\/p>\n","protected":false},"featured_media":8282,"template":"","meta":{"_acf_changed":false},"product_brand":[],"product_cat":[358],"product_tag":[],"class_list":{"0":"post-8281","1":"product","2":"type-product","3":"status-publish","4":"has-post-thumbnail","6":"product_cat-6001-6040-zucker-kekse","8":"first","9":"instock","10":"taxable","11":"shipping-taxable","12":"purchasable","13":"product-type-simple"},"acf":[],"_links":{"self":[{"href":"https:\/\/www.teehaus-janssen.de\/shop\/wp-json\/wp\/v2\/product\/8281","targetHints":{"allow":["GET"]}}],"collection":[{"href":"https:\/\/www.teehaus-janssen.de\/shop\/wp-json\/wp\/v2\/product"}],"about":[{"href":"https:\/\/www.teehaus-janssen.de\/shop\/wp-json\/wp\/v2\/types\/product"}],"wp:featuredmedia":[{"embeddable":true,"href":"https:\/\/www.teehaus-janssen.de\/shop\/wp-json\/wp\/v2\/media\/8282"}],"wp:attachment":[{"href":"https:\/\/www.teehaus-janssen.de\/shop\/wp-json\/wp\/v2\/media?parent=8281"}],"wp:term":[{"taxonomy":"product_brand","embeddable":true,"href":"https:\/\/www.teehaus-janssen.de\/shop\/wp-json\/wp\/v2\/product_brand?post=8281"},{"taxonomy":"product_cat","embeddable":true,"href":"https:\/\/www.teehaus-janssen.de\/shop\/wp-json\/wp\/v2\/product_cat?post=8281"},{"taxonomy":"product_tag","embeddable":true,"href":"https:\/\/www.teehaus-janssen.de\/shop\/wp-json\/wp\/v2\/product_tag?post=8281"}],"curies":[{"name":"wp","href":"https:\/\/api.w.org\/{rel}","templated":true}]}}