{"id":8276,"date":"2019-02-11T16:25:21","date_gmt":"2019-02-11T15:25:21","guid":{"rendered":"https:\/\/www.teehaus-janssen.de\/product\/6006-gruemmelkandis-braun-250-g\/"},"modified":"2025-09-30T10:07:00","modified_gmt":"2025-09-30T08:07:00","slug":"6006-gruemmelkandis-braun-250-g","status":"publish","type":"product","link":"https:\/\/www.teehaus-janssen.de\/shop\/produkt\/6006-gruemmelkandis-braun-250-g\/","title":{"rendered":"6006 &#8211; GR\u00dcMMELKANDIS &#8211; braun, 250 g"},"content":{"rendered":"<p><span style=\"font-size: 14px;\"><span style=\"font-family: arial,verdana,helvetica;\"><strong>Erl\u00e4uterung: <\/strong>Braun, mittelfein, bernsteinfarben.<br \/>\n<strong>Geschmack: <\/strong>Angenehm karamellisierende S\u00fc\u00dfe. <\/span><\/span><\/p>\n<p><span style=\"font-size: 14px;\"><span style=\"font-family: arial,verdana,helvetica;\"><strong>Kr\u00fcmelkandis\/Gr\u00fcmmelkandis eignet sich besonders f\u00fcr viele dunkel abgie\u00dfendeTeesorten, die schnelle und gleichm\u00e4\u00dfige S\u00fc\u00dfe verlangen. Sehr beliebt f\u00fcr die klassischen Friesentees.<\/strong><\/span><\/span><\/p>\n<p><span style=\"font-size: 14px; font-family: Arial, Verdana, Helvetica;\"><span style=\"font-size: 14px; font-family: arial, verdana, helvetica;\"><span style=\"font-size: 12px;\">250g \/ inkl. MwSt. zzgl.\u00a0<\/span><\/span><\/span><a style=\"font-family: Arial, Verdana, Helvetica;\" href=\"?ObjectPath=\/Shops\/44019391\/Categories\/ShippingAndPaymentInformation\" data-link-type=\"tree\" data-type=\"linkpicker\">Versand<\/a><span style=\"font-family: Arial, Verdana, Helvetica; font-size: 14px;\">\u00a0<\/span><\/p>\n","protected":false},"excerpt":{"rendered":"<p><span style=\"font-size: 14px;\"><span style=\"font-family: arial,verdana,helvetica;\"><strong>Erl\u00e4uterung: <\/strong>Braun, mittelfein, bernsteinfarben.<br \/>\n<strong>Geschmack: <\/strong>Angenehm karamellisierende S\u00fc\u00dfe. <\/span><\/span><\/p>\n<p><span style=\"font-size: 14px;\"><span style=\"font-family: arial,verdana,helvetica;\"><strong>Kr\u00fcmelkandis\/Gr\u00fcmmelkandis eignet sich besonders f\u00fcr viele dunkel abgie\u00dfendeTeesorten, die schnelle und gleichm\u00e4\u00dfige S\u00fc\u00dfe verlangen. Sehr beliebt f\u00fcr die klassischen Friesentees.<\/strong><\/span><\/span><\/p>\n<p><span style=\"font-size: 14px; font-family: Arial, Verdana, Helvetica;\"><span style=\"font-size: 14px; font-family: arial, verdana, helvetica;\"><span style=\"font-size: 12px;\">250g \/ inkl. MwSt. zzgl.\u00a0<\/span><\/span><\/span><a style=\"font-family: Arial, Verdana, Helvetica;\" href=\"?ObjectPath=\/Shops\/44019391\/Categories\/ShippingAndPaymentInformation\" data-link-type=\"tree\" data-type=\"linkpicker\">Versand<\/a><span style=\"font-family: Arial, Verdana, Helvetica; font-size: 14px;\">\u00a0<\/span><\/p>\n","protected":false},"featured_media":8277,"template":"","meta":{"_acf_changed":false},"product_brand":[],"product_cat":[358],"product_tag":[],"class_list":{"0":"post-8276","1":"product","2":"type-product","3":"status-publish","4":"has-post-thumbnail","6":"product_cat-6001-6040-zucker-kekse","8":"first","9":"instock","10":"taxable","11":"shipping-taxable","12":"purchasable","13":"product-type-simple"},"acf":[],"_links":{"self":[{"href":"https:\/\/www.teehaus-janssen.de\/shop\/wp-json\/wp\/v2\/product\/8276","targetHints":{"allow":["GET"]}}],"collection":[{"href":"https:\/\/www.teehaus-janssen.de\/shop\/wp-json\/wp\/v2\/product"}],"about":[{"href":"https:\/\/www.teehaus-janssen.de\/shop\/wp-json\/wp\/v2\/types\/product"}],"wp:featuredmedia":[{"embeddable":true,"href":"https:\/\/www.teehaus-janssen.de\/shop\/wp-json\/wp\/v2\/media\/8277"}],"wp:attachment":[{"href":"https:\/\/www.teehaus-janssen.de\/shop\/wp-json\/wp\/v2\/media?parent=8276"}],"wp:term":[{"taxonomy":"product_brand","embeddable":true,"href":"https:\/\/www.teehaus-janssen.de\/shop\/wp-json\/wp\/v2\/product_brand?post=8276"},{"taxonomy":"product_cat","embeddable":true,"href":"https:\/\/www.teehaus-janssen.de\/shop\/wp-json\/wp\/v2\/product_cat?post=8276"},{"taxonomy":"product_tag","embeddable":true,"href":"https:\/\/www.teehaus-janssen.de\/shop\/wp-json\/wp\/v2\/product_tag?post=8276"}],"curies":[{"name":"wp","href":"https:\/\/api.w.org\/{rel}","templated":true}]}}