{"id":8271,"date":"2019-02-11T16:25:20","date_gmt":"2019-02-11T15:25:20","guid":{"rendered":"https:\/\/www.teehaus-janssen.de\/product\/6002-friesenkluntjes-weiss-250-g\/"},"modified":"2025-09-30T10:06:54","modified_gmt":"2025-09-30T08:06:54","slug":"6002-friesenkluntjes-weiss-250-g","status":"publish","type":"product","link":"https:\/\/www.teehaus-janssen.de\/shop\/produkt\/6002-friesenkluntjes-weiss-250-g\/","title":{"rendered":"6002 &#8211; FRIESENKLUNTJES &#8211; wei\u00df, 250 g"},"content":{"rendered":"<p><span style=\"font-size: 14px\"><span style=\"font-family: arial,verdana,helvetica\"><strong>Erl\u00e4uterung:<\/strong> Wei\u00dfe, 8-eckige, dicke St\u00fccke<br \/>\n<strong>Geschmack:<\/strong> Neutral s\u00fc\u00dfend, langsam l\u00f6send. <\/span><\/span><\/p>\n<p><strong><span style=\"font-size: 14px\"><span style=\"font-family: arial,verdana,helvetica\">Kluntje l\u00f6sen sich nur langsam in Tee u. a. Getr\u00e4nken auf. So trinkt sich der Teekenner behutsam vom Herben ins S\u00fc\u00dfe seiner Tasse hinunter und genie\u00dft das wechselnde aromatische Erlebnis.<\/span><\/span><\/strong><\/p>\n<p><span style=\"font-size: 14px;font-family: Arial, Verdana, Helvetica\"><span style=\"font-size: 14px;font-family: arial, verdana, helvetica\"><span style=\"font-size: 12px\">250g \/ inkl. MwSt. zzgl.\u00a0<\/span><\/span><\/span><a style=\"font-family: Arial, Verdana, Helvetica\" href=\"?ObjectPath=\/Shops\/44019391\/Categories\/ShippingAndPaymentInformation\" data-link-type=\"tree\" data-type=\"linkpicker\">Versand<\/a><span style=\"font-family: Arial, Verdana, Helvetica;font-size: 14px\">\u00a0<\/span><\/p>\n","protected":false},"excerpt":{"rendered":"<p><span style=\"font-size: 14px\"><span style=\"font-family: arial,verdana,helvetica\"><strong>Erl\u00e4uterung:<\/strong> Wei\u00dfe, 8-eckige, dicke St\u00fccke<br \/>\n<strong>Geschmack:<\/strong> Neutral s\u00fc\u00dfend, langsam l\u00f6send. <\/span><\/span><\/p>\n<p><strong><span style=\"font-size: 14px\"><span style=\"font-family: arial,verdana,helvetica\">Kluntje l\u00f6sen sich nur langsam in Tee u. a. Getr\u00e4nken auf. So trinkt sich der Teekenner behutsam vom Herben ins S\u00fc\u00dfe seiner Tasse hinunter und genie\u00dft das wechselnde aromatische Erlebnis.<\/span><\/span><\/strong><\/p>\n<p><span style=\"font-size: 14px;font-family: Arial, Verdana, Helvetica\"><span style=\"font-size: 14px;font-family: arial, verdana, helvetica\"><span style=\"font-size: 12px\">250g \/ inkl. MwSt. zzgl.\u00a0<\/span><\/span><\/span><a style=\"font-family: Arial, Verdana, Helvetica\" href=\"?ObjectPath=\/Shops\/44019391\/Categories\/ShippingAndPaymentInformation\" data-link-type=\"tree\" data-type=\"linkpicker\">Versand<\/a><span style=\"font-family: Arial, Verdana, Helvetica;font-size: 14px\">\u00a0<\/span><\/p>\n","protected":false},"featured_media":8272,"template":"","meta":{"_acf_changed":false},"product_brand":[],"product_cat":[358],"product_tag":[],"class_list":{"0":"post-8271","1":"product","2":"type-product","3":"status-publish","4":"has-post-thumbnail","6":"product_cat-6001-6040-zucker-kekse","8":"first","9":"instock","10":"taxable","11":"shipping-taxable","12":"purchasable","13":"product-type-simple"},"acf":[],"_links":{"self":[{"href":"https:\/\/www.teehaus-janssen.de\/shop\/wp-json\/wp\/v2\/product\/8271","targetHints":{"allow":["GET"]}}],"collection":[{"href":"https:\/\/www.teehaus-janssen.de\/shop\/wp-json\/wp\/v2\/product"}],"about":[{"href":"https:\/\/www.teehaus-janssen.de\/shop\/wp-json\/wp\/v2\/types\/product"}],"wp:featuredmedia":[{"embeddable":true,"href":"https:\/\/www.teehaus-janssen.de\/shop\/wp-json\/wp\/v2\/media\/8272"}],"wp:attachment":[{"href":"https:\/\/www.teehaus-janssen.de\/shop\/wp-json\/wp\/v2\/media?parent=8271"}],"wp:term":[{"taxonomy":"product_brand","embeddable":true,"href":"https:\/\/www.teehaus-janssen.de\/shop\/wp-json\/wp\/v2\/product_brand?post=8271"},{"taxonomy":"product_cat","embeddable":true,"href":"https:\/\/www.teehaus-janssen.de\/shop\/wp-json\/wp\/v2\/product_cat?post=8271"},{"taxonomy":"product_tag","embeddable":true,"href":"https:\/\/www.teehaus-janssen.de\/shop\/wp-json\/wp\/v2\/product_tag?post=8271"}],"curies":[{"name":"wp","href":"https:\/\/api.w.org\/{rel}","templated":true}]}}