{"id":8209,"date":"2019-02-11T16:25:14","date_gmt":"2019-02-11T15:25:14","guid":{"rendered":"https:\/\/www.teehaus-janssen.de\/product\/5026-tee-ei-zange-l\/"},"modified":"2025-09-30T10:06:00","modified_gmt":"2025-09-30T08:06:00","slug":"5026-tee-ei-zange-l","status":"publish","type":"product","link":"https:\/\/www.teehaus-janssen.de\/shop\/produkt\/5026-tee-ei-zange-l\/","title":{"rendered":"5026 &#8211; TEE-EI-ZANGE L"},"content":{"rendered":"<p><strong style=\"font-size: 11px;font-family: 'Lucida Sans Unicode', 'Lucida Sans', Verdana, Helvetica\"><span style=\"font-size: 11px;font-family: arial, verdana, helvetica\"><span style=\"font-size: 14px\">Tee-ei-Zange mit\u00a0Edelstahlsieb f\u00fcr gro\u00dfe Kannen und f\u00fcr gro\u00dfvolumigen Tee.\u00a0<\/span><\/span><\/strong><\/p>\n","protected":false},"excerpt":{"rendered":"<p><strong style=\"font-size: 11px;font-family: 'Lucida Sans Unicode', 'Lucida Sans', Verdana, Helvetica\"><span style=\"font-size: 11px;font-family: arial, verdana, helvetica\"><span style=\"font-size: 14px\">Tee-Ei-Zange mit\u00a0Edelstahlsieb f\u00fcr gro\u00dfe Kannen und f\u00fcr gro\u00dfvolumigen Tee.\u00a0<\/span><\/span><\/strong><\/p>\n","protected":false},"featured_media":8210,"template":"","meta":{"_acf_changed":false},"product_brand":[],"product_cat":[353],"product_tag":[],"class_list":{"0":"post-8209","1":"product","2":"type-product","3":"status-publish","4":"has-post-thumbnail","6":"product_cat-zubehoer-rund-um-den-tee","8":"first","9":"instock","10":"taxable","11":"shipping-taxable","12":"purchasable","13":"product-type-simple"},"acf":[],"_links":{"self":[{"href":"https:\/\/www.teehaus-janssen.de\/shop\/wp-json\/wp\/v2\/product\/8209","targetHints":{"allow":["GET"]}}],"collection":[{"href":"https:\/\/www.teehaus-janssen.de\/shop\/wp-json\/wp\/v2\/product"}],"about":[{"href":"https:\/\/www.teehaus-janssen.de\/shop\/wp-json\/wp\/v2\/types\/product"}],"wp:featuredmedia":[{"embeddable":true,"href":"https:\/\/www.teehaus-janssen.de\/shop\/wp-json\/wp\/v2\/media\/8210"}],"wp:attachment":[{"href":"https:\/\/www.teehaus-janssen.de\/shop\/wp-json\/wp\/v2\/media?parent=8209"}],"wp:term":[{"taxonomy":"product_brand","embeddable":true,"href":"https:\/\/www.teehaus-janssen.de\/shop\/wp-json\/wp\/v2\/product_brand?post=8209"},{"taxonomy":"product_cat","embeddable":true,"href":"https:\/\/www.teehaus-janssen.de\/shop\/wp-json\/wp\/v2\/product_cat?post=8209"},{"taxonomy":"product_tag","embeddable":true,"href":"https:\/\/www.teehaus-janssen.de\/shop\/wp-json\/wp\/v2\/product_tag?post=8209"}],"curies":[{"name":"wp","href":"https:\/\/api.w.org\/{rel}","templated":true}]}}