{"id":8205,"date":"2019-02-11T16:25:13","date_gmt":"2019-02-11T15:25:13","guid":{"rendered":"https:\/\/www.teehaus-janssen.de\/product\/5024-fluegelsieb-fuer-tassen-und-becher\/"},"modified":"2026-04-02T09:21:32","modified_gmt":"2026-04-02T07:21:32","slug":"5024-fluegelsieb-fuer-tassen-und-becher","status":"publish","type":"product","link":"https:\/\/www.teehaus-janssen.de\/shop\/produkt\/5024-fluegelsieb-fuer-tassen-und-becher\/","title":{"rendered":"5024 &#8211; FL\u00dcGELSIEB &#8211; f\u00fcr Tassen und Becher"},"content":{"rendered":"<p class=\"line-height-150 cke-line-height\"><strong><span style=\"font-family: 'Lucida Sans Unicode', 'Lucida Sans', Verdana, Helvetica;font-size: 14px\">Edelstahl Fl\u00fcgelsieb\u00a0f\u00fcr\u00a0Tassen und\u00a0Becher. Sehr feinmaschig. F\u00fcr kleinere Tassen, aber auch durch die Fl\u00fcgel auf beiden Seiten optimal\u00a0f\u00fcr gr\u00f6\u00dfere Becher geeignet. Der Tee kann frei schwimmen und dadurch sein Aroma bestm\u00f6glich entfalten.<\/span><\/strong><\/p>\n","protected":false},"excerpt":{"rendered":"<p class=\"line-height-150 cke-line-height\"><strong><span style=\"font-size: 14px\">Edelstahl-Fl\u00fcgelsieb\u00a0f\u00fcr\u00a0Tassen und\u00a0Becher. Sehr feinmaschig. F\u00fcr kleinere Tassen, aber durch die Fl\u00fcgel auf beiden Seiten\u00a0auch optimal\u00a0f\u00fcr gr\u00f6\u00dfere Becher geeignet. Der Tee kann frei schwimmen und dadurch sein Aroma bestm\u00f6glich entfalten.<\/span><\/strong><\/p>\n","protected":false},"featured_media":8206,"template":"","meta":{"_acf_changed":false},"product_brand":[],"product_cat":[480,353],"product_tag":[354],"class_list":{"0":"post-8205","1":"product","2":"type-product","3":"status-publish","4":"has-post-thumbnail","6":"product_cat-unsere-highlights","7":"product_cat-zubehoer-rund-um-den-tee","8":"product_tag-fluegelsieb","10":"first","11":"instock","12":"taxable","13":"shipping-taxable","14":"purchasable","15":"product-type-simple"},"acf":[],"_links":{"self":[{"href":"https:\/\/www.teehaus-janssen.de\/shop\/wp-json\/wp\/v2\/product\/8205","targetHints":{"allow":["GET"]}}],"collection":[{"href":"https:\/\/www.teehaus-janssen.de\/shop\/wp-json\/wp\/v2\/product"}],"about":[{"href":"https:\/\/www.teehaus-janssen.de\/shop\/wp-json\/wp\/v2\/types\/product"}],"wp:featuredmedia":[{"embeddable":true,"href":"https:\/\/www.teehaus-janssen.de\/shop\/wp-json\/wp\/v2\/media\/8206"}],"wp:attachment":[{"href":"https:\/\/www.teehaus-janssen.de\/shop\/wp-json\/wp\/v2\/media?parent=8205"}],"wp:term":[{"taxonomy":"product_brand","embeddable":true,"href":"https:\/\/www.teehaus-janssen.de\/shop\/wp-json\/wp\/v2\/product_brand?post=8205"},{"taxonomy":"product_cat","embeddable":true,"href":"https:\/\/www.teehaus-janssen.de\/shop\/wp-json\/wp\/v2\/product_cat?post=8205"},{"taxonomy":"product_tag","embeddable":true,"href":"https:\/\/www.teehaus-janssen.de\/shop\/wp-json\/wp\/v2\/product_tag?post=8205"}],"curies":[{"name":"wp","href":"https:\/\/api.w.org\/{rel}","templated":true}]}}