{"id":8195,"date":"2019-02-11T16:25:12","date_gmt":"2019-02-11T15:25:12","guid":{"rendered":"https:\/\/www.teehaus-janssen.de\/product\/5009-teenetz-l-fuer-teekanne-15-liter\/"},"modified":"2025-09-30T10:05:50","modified_gmt":"2025-09-30T08:05:50","slug":"5009-teenetz-l-fuer-teekanne-15-liter","status":"publish","type":"product","link":"https:\/\/www.teehaus-janssen.de\/shop\/produkt\/5009-teenetz-l-fuer-teekanne-15-liter\/","title":{"rendered":"5009 &#8211; TEENETZ L &#8211; f\u00fcr Teekanne, 1,5 Liter"},"content":{"rendered":"<p><strong style=\"font-size: 11px;font-family: 'Lucida Sans Unicode', 'Lucida Sans', Verdana, Helvetica\"><span style=\"font-size: 14px\"><span style=\"font-size: 14px;font-family: arial, verdana, helvetica\">Teenetz<\/span><\/span><\/strong><strong style=\"font-size: 11px;font-family: 'Lucida Sans Unicode', 'Lucida Sans', Verdana, Helvetica\"><span style=\"font-size: 14px\"><span style=\"font-size: 14px;font-family: arial, verdana, helvetica\"> aus Baumwolle,<\/span><\/span><\/strong><strong style=\"font-size: 11px;font-family: 'Lucida Sans Unicode', 'Lucida Sans', Verdana, Helvetica\"><span style=\"font-size: 14px\"><span style=\"font-size: 14px;font-family: arial, verdana, helvetica\"> f\u00fcr gro\u00dfe\u00a0Kannen. L\u00a0&#8211; 11<\/span><\/span><\/strong><strong style=\"font-size: 11px;font-family: 'Lucida Sans Unicode', 'Lucida Sans', Verdana, Helvetica\"><span style=\"font-size: 14px\"><span style=\"font-size: 14px;font-family: arial, verdana, helvetica\">\u00a0cm breit.<\/span><\/span><\/strong><\/p>\n<p><strong style=\"font-size: 11px;font-family: 'Lucida Sans Unicode', 'Lucida Sans', Verdana, Helvetica\"><span style=\"font-size: 14px\"><span style=\"font-size: 14px;font-family: arial, verdana, helvetica\">Gut geeignet f\u00fcr gro\u00df-volumigen Tee, z.B. Kr\u00e4utertee. \u00a0 \u00a0 \u00a0 \u00a0 \u00a0 \u00a0 \u00a0 \u00a0 \u00a0 \u00a0 \u00a0 \u00a0 \u00a0\u00a0<\/span><\/span><\/strong><\/p>\n","protected":false},"excerpt":{"rendered":"<p><strong style=\"font-size: 11px;font-family: 'Lucida Sans Unicode', 'Lucida Sans', Verdana, Helvetica\"><span style=\"font-size: 14px\"><span style=\"font-size: 14px;font-family: arial, verdana, helvetica\">Teenetz<\/span><\/span><\/strong><strong style=\"font-size: 11px;font-family: 'Lucida Sans Unicode', 'Lucida Sans', Verdana, Helvetica\"><span style=\"font-size: 14px\"><span style=\"font-size: 14px;font-family: arial, verdana, helvetica\"> aus Baumwolle,<\/span><\/span><\/strong><strong style=\"font-size: 11px;font-family: 'Lucida Sans Unicode', 'Lucida Sans', Verdana, Helvetica\"><span style=\"font-size: 14px\"><span style=\"font-size: 14px;font-family: arial, verdana, helvetica\"> f\u00fcr gro\u00dfe\u00a0Kannen. L\u00a0&#8211; 11<\/span><\/span><\/strong><strong style=\"font-size: 11px;font-family: 'Lucida Sans Unicode', 'Lucida Sans', Verdana, Helvetica\"><span style=\"font-size: 14px\"><span style=\"font-size: 14px;font-family: arial, verdana, helvetica\">\u00a0cm breit.<\/span><\/span><\/strong><\/p>\n<p><strong style=\"font-size: 11px;font-family: 'Lucida Sans Unicode', 'Lucida Sans', Verdana, Helvetica\"><span style=\"font-size: 14px\"><span style=\"font-size: 14px;font-family: arial, verdana, helvetica\">Gut geeignet f\u00fcr gro\u00df-volumigen Tee, z.B. Kr\u00e4utertee.\u00a0 \u00a0 \u00a0 \u00a0 \u00a0 \u00a0 \u00a0 \u00a0 \u00a0 \u00a0 \u00a0 \u00a0 \u00a0 \u00a0<\/span><\/span><\/strong><\/p>\n","protected":false},"featured_media":8196,"template":"","meta":{"_acf_changed":false},"product_brand":[],"product_cat":[353],"product_tag":[],"class_list":{"0":"post-8195","1":"product","2":"type-product","3":"status-publish","4":"has-post-thumbnail","6":"product_cat-zubehoer-rund-um-den-tee","8":"first","9":"instock","10":"taxable","11":"shipping-taxable","12":"purchasable","13":"product-type-simple"},"acf":[],"_links":{"self":[{"href":"https:\/\/www.teehaus-janssen.de\/shop\/wp-json\/wp\/v2\/product\/8195","targetHints":{"allow":["GET"]}}],"collection":[{"href":"https:\/\/www.teehaus-janssen.de\/shop\/wp-json\/wp\/v2\/product"}],"about":[{"href":"https:\/\/www.teehaus-janssen.de\/shop\/wp-json\/wp\/v2\/types\/product"}],"wp:featuredmedia":[{"embeddable":true,"href":"https:\/\/www.teehaus-janssen.de\/shop\/wp-json\/wp\/v2\/media\/8196"}],"wp:attachment":[{"href":"https:\/\/www.teehaus-janssen.de\/shop\/wp-json\/wp\/v2\/media?parent=8195"}],"wp:term":[{"taxonomy":"product_brand","embeddable":true,"href":"https:\/\/www.teehaus-janssen.de\/shop\/wp-json\/wp\/v2\/product_brand?post=8195"},{"taxonomy":"product_cat","embeddable":true,"href":"https:\/\/www.teehaus-janssen.de\/shop\/wp-json\/wp\/v2\/product_cat?post=8195"},{"taxonomy":"product_tag","embeddable":true,"href":"https:\/\/www.teehaus-janssen.de\/shop\/wp-json\/wp\/v2\/product_tag?post=8195"}],"curies":[{"name":"wp","href":"https:\/\/api.w.org\/{rel}","templated":true}]}}