{"id":8179,"date":"2019-02-11T16:25:09","date_gmt":"2019-02-11T15:25:09","guid":{"rendered":"https:\/\/www.teehaus-janssen.de\/product\/5002-papierfilter-m-fuer-mittlere-kannen-und-grosse-becher\/"},"modified":"2025-09-30T10:05:34","modified_gmt":"2025-09-30T08:05:34","slug":"5002-papierfilter-m-fuer-mittlere-kannen-und-grosse-becher","status":"publish","type":"product","link":"https:\/\/www.teehaus-janssen.de\/shop\/produkt\/5002-papierfilter-m-fuer-mittlere-kannen-und-grosse-becher\/","title":{"rendered":"5002 &#8211; PAPIERFILTER M &#8211; f\u00fcr mittlere Kannen und gro\u00dfe Becher"},"content":{"rendered":"<p><strong style=\"font-size: 11px;font-family: 'Lucida Sans Unicode', 'Lucida Sans', Verdana, Helvetica\"><span style=\"font-size: 14px\"><span style=\"font-size: 14px;font-family: arial, verdana, helvetica\">Ungebleicht,\u00a0<\/span><\/span><span style=\"font-size: 14px;font-family: arial, verdana, helvetica\">100er Packung, Kann<\/span><span style=\"font-size: 14px;font-family: arial, verdana, helvetica\">engr\u00f6\u00dfe, f\u00fcr ca. 1 Liter, auch f\u00fcr gro\u00dfe Becher geeignet. Ohne Halter verwendbar.<\/span><\/strong><\/p>\n<p><span style=\"font-size: 12px;font-family: Arial, Verdana, Helvetica;color: #4f5355;text-align: justify;background-color: #ffffff\"><span style=\"font-size: 12px;font-family: arial, verdana, helvetica\">1 St\u00fcck \/ inkl. MwSt. zzgl.\u00a0<\/span><\/span><a style=\"font-family: Arial, Verdana, Helvetica;text-align: justify;background-color: #ffffff\" href=\"?ObjectPath=\/Shops\/44019391\/Categories\/ShippingAndPaymentInformation\" data-link-type=\"tree\" data-type=\"linkpicker\">Versand<\/a><\/p>\n","protected":false},"excerpt":{"rendered":"<p><strong style=\"font-size: 11px;font-family: 'Lucida Sans Unicode', 'Lucida Sans', Verdana, Helvetica\"><span style=\"font-size: 14px\"><span style=\"font-size: 14px;font-family: arial, verdana, helvetica\">Ungebleicht,\u00a0<\/span><\/span><span style=\"font-size: 14px;font-family: arial, verdana, helvetica\">100er Packung, Kann<\/span><span style=\"font-size: 14px;font-family: arial, verdana, helvetica\">engr\u00f6\u00dfe, f\u00fcr ca. 1 Liter, auch f\u00fcr gro\u00dfe Becher geeignet. Ohne Halter verwendbar.<\/span><\/strong><\/p>\n<p>&nbsp;<\/p>\n","protected":false},"featured_media":8180,"template":"","meta":{"_acf_changed":false},"product_brand":[],"product_cat":[353],"product_tag":[],"class_list":{"0":"post-8179","1":"product","2":"type-product","3":"status-publish","4":"has-post-thumbnail","6":"product_cat-zubehoer-rund-um-den-tee","8":"first","9":"instock","10":"taxable","11":"shipping-taxable","12":"purchasable","13":"product-type-simple"},"acf":[],"_links":{"self":[{"href":"https:\/\/www.teehaus-janssen.de\/shop\/wp-json\/wp\/v2\/product\/8179","targetHints":{"allow":["GET"]}}],"collection":[{"href":"https:\/\/www.teehaus-janssen.de\/shop\/wp-json\/wp\/v2\/product"}],"about":[{"href":"https:\/\/www.teehaus-janssen.de\/shop\/wp-json\/wp\/v2\/types\/product"}],"wp:featuredmedia":[{"embeddable":true,"href":"https:\/\/www.teehaus-janssen.de\/shop\/wp-json\/wp\/v2\/media\/8180"}],"wp:attachment":[{"href":"https:\/\/www.teehaus-janssen.de\/shop\/wp-json\/wp\/v2\/media?parent=8179"}],"wp:term":[{"taxonomy":"product_brand","embeddable":true,"href":"https:\/\/www.teehaus-janssen.de\/shop\/wp-json\/wp\/v2\/product_brand?post=8179"},{"taxonomy":"product_cat","embeddable":true,"href":"https:\/\/www.teehaus-janssen.de\/shop\/wp-json\/wp\/v2\/product_cat?post=8179"},{"taxonomy":"product_tag","embeddable":true,"href":"https:\/\/www.teehaus-janssen.de\/shop\/wp-json\/wp\/v2\/product_tag?post=8179"}],"curies":[{"name":"wp","href":"https:\/\/api.w.org\/{rel}","templated":true}]}}