{"id":8168,"date":"2019-02-11T16:25:09","date_gmt":"2019-02-11T15:25:09","guid":{"rendered":"https:\/\/www.teehaus-janssen.de\/product\/4650-bio-thymiankraut\/"},"modified":"2025-09-30T10:08:11","modified_gmt":"2025-09-30T08:08:11","slug":"4650-bio-thymiankraut","status":"publish","type":"product","link":"https:\/\/www.teehaus-janssen.de\/shop\/produkt\/4650-bio-thymiankraut\/","title":{"rendered":"4650 &#8211; BIO THYMIANKRAUT"},"content":{"rendered":"<p style=\"font-size: 11px;font-family: 'Lucida Sans Unicode', 'Lucida Sans', Verdana, Helvetica\"><span style=\"font-size: 14px\"><span style=\"font-size: 14px;font-family: arial, verdana, helvetica\"><strong style=\"font-size: 14px\">Lat.:\u00a0<\/strong>Herba Thymi conc.<\/span><\/span><\/p>\n<p><strong>Erl\u00e4uterung:<\/strong> geschnitten. Seit \u00fcber 3000 Jahren ist Thymian eine wichtige Gew\u00fcrzpflanze. Ein &#8222;Tausendsassa&#8220; unter den Gew\u00fcrzen. Beigabe vieler Teemischungen und beliebtes K\u00fcchengew\u00fcrz.<\/p>\n<p><strong>Angenehm w\u00fcrzig.<\/strong><\/p>\n<p style=\"font-size: 11px;font-family: 'Lucida Sans Unicode', 'Lucida Sans', Verdana, Helvetica\"><span style=\"font-size: 14px\"><span style=\"font-size: 14px;font-family: arial, verdana, helvetica\"><span style=\"font-size: 12px\"><img decoding=\"async\" class=\"alignnone size-large wp-image-34458\" src=\"https:\/\/www.teehaus-janssen.de\/shop\/wp-content\/uploads\/2025\/02\/3.png\" alt=\"\" \/><\/span><\/span><\/span><\/p>\n","protected":false},"excerpt":{"rendered":"<p><strong>Lat.:\u00a0<\/strong>Herba Thymi conc.<\/p>\n<p><strong>Erl\u00e4uterung:<\/strong> geschnitten. Seit \u00fcber 3000 Jahren ist Thymian eine wichtige Gew\u00fcrzpflanze. Ein &#8222;Tausendsassa&#8220; unter den Gew\u00fcrzen. Beigabe vieler Teemischungen und beliebtes K\u00fcchengew\u00fcrz.<\/p>\n<p><strong>Angenehm w\u00fcrzig.<\/strong><\/p>\n<p><img decoding=\"async\" class=\"alignnone size-large wp-image-34458\" src=\"https:\/\/www.teehaus-janssen.de\/shop\/wp-content\/uploads\/2021\/01\/3-700x700.png\" alt=\"\" \/><\/p>\n","protected":false},"featured_media":8169,"template":"","meta":{"_acf_changed":false},"product_brand":[],"product_cat":[310],"product_tag":[],"class_list":{"0":"post-8168","1":"product","2":"type-product","3":"status-publish","4":"has-post-thumbnail","6":"product_cat-4600-4650-einzelkraeuter-und-pflanzliche-rohstoffe","7":"pa_menge-50-g","8":"pa_menge-100-g","9":"pa_menge-125-g","10":"pa_menge-250-g","11":"pa_menge-500-g","12":"pa_menge-1-kg","14":"first","15":"instock","16":"taxable","17":"shipping-taxable","18":"purchasable","19":"product-type-variable","20":"has-default-attributes"},"acf":[],"_links":{"self":[{"href":"https:\/\/www.teehaus-janssen.de\/shop\/wp-json\/wp\/v2\/product\/8168","targetHints":{"allow":["GET"]}}],"collection":[{"href":"https:\/\/www.teehaus-janssen.de\/shop\/wp-json\/wp\/v2\/product"}],"about":[{"href":"https:\/\/www.teehaus-janssen.de\/shop\/wp-json\/wp\/v2\/types\/product"}],"wp:featuredmedia":[{"embeddable":true,"href":"https:\/\/www.teehaus-janssen.de\/shop\/wp-json\/wp\/v2\/media\/8169"}],"wp:attachment":[{"href":"https:\/\/www.teehaus-janssen.de\/shop\/wp-json\/wp\/v2\/media?parent=8168"}],"wp:term":[{"taxonomy":"product_brand","embeddable":true,"href":"https:\/\/www.teehaus-janssen.de\/shop\/wp-json\/wp\/v2\/product_brand?post=8168"},{"taxonomy":"product_cat","embeddable":true,"href":"https:\/\/www.teehaus-janssen.de\/shop\/wp-json\/wp\/v2\/product_cat?post=8168"},{"taxonomy":"product_tag","embeddable":true,"href":"https:\/\/www.teehaus-janssen.de\/shop\/wp-json\/wp\/v2\/product_tag?post=8168"}],"curies":[{"name":"wp","href":"https:\/\/api.w.org\/{rel}","templated":true}]}}