{"id":8110,"date":"2019-02-11T17:25:07","date_gmt":"2019-02-11T16:25:07","guid":{"rendered":"https:\/\/www.teehaus-janssen.de\/product\/4637-rosenbl-ten\/"},"modified":"2025-09-30T10:04:24","modified_gmt":"2025-09-30T08:04:24","slug":"4637-rosenbl-ten","status":"publish","type":"product","link":"https:\/\/www.teehaus-janssen.de\/shop\/produkt\/4637-rosenbl-ten\/","title":{"rendered":"4637 &#8211; ROSENBL\u00dcTEN"},"content":{"rendered":"<p style=\"font-size: 11px;font-family: 'Lucida Sans Unicode', 'Lucida Sans', Verdana, Helvetica\"><span style=\"font-size: 14px\"><span style=\"font-size: 14px;font-family: arial, verdana, helvetica\"><strong style=\"font-size: 14px\">Lat.:\u00a0<\/strong>Flores Rosae rubrae conc.<\/span><\/span><\/p>\n<p style=\"font-size: 11px;font-family: 'Lucida Sans Unicode', 'Lucida Sans', Verdana, Helvetica\"><span style=\"font-size: 14px\"><span style=\"font-size: 14px;font-family: arial, verdana, helvetica\"><strong style=\"font-size: 14px\">Erl\u00e4uterung: <\/strong>geschnitten, r\u00fcckstandsgepr\u00fcfte Lebensmittelqualit\u00e4t. Rosenbl\u00fcten werden gerne\u00a0f\u00fcr Duft-Potpourris sowie kosmetische und\u00a0dekorative Zwecke verwendet. Au\u00dferdem sind sie wundersch\u00f6n als optischer Hingucker, aber auch als duftgebender Zusatz zu Teemischungen.<\/span><\/span><\/p>\n<p><strong>Mild rosenduftig.<\/strong><\/p>\n","protected":false},"excerpt":{"rendered":"<p><strong>Lat.:\u00a0<\/strong>Flores Rosae rubrae conc.<\/p>\n<p><strong>Erl\u00e4uterung: <\/strong>geschnitten, r\u00fcckstandsgepr\u00fcfte Lebensmittelqualit\u00e4t. Rosenbl\u00fcten werden gerne\u00a0f\u00fcr Duft-Potpourris sowie kosmetische und\u00a0dekorative Zwecke verwendet. Au\u00dferdem sind sie wundersch\u00f6n als optischer Hingucker, aber auch als duftgebender Zusatz zu Teemischungen.<\/p>\n<p><strong>Mild rosenduftig.<\/strong><\/p>\n","protected":false},"featured_media":8111,"template":"","meta":{"_acf_changed":false},"product_brand":[],"product_cat":[310],"product_tag":[],"class_list":{"0":"post-8110","1":"product","2":"type-product","3":"status-publish","4":"has-post-thumbnail","6":"product_cat-4600-4650-einzelkraeuter-und-pflanzliche-rohstoffe","7":"pa_menge-50-g","8":"pa_menge-100-g","9":"pa_menge-125-g","10":"pa_menge-250-g","11":"pa_menge-500-g","12":"pa_menge-1-kg","14":"first","15":"instock","16":"taxable","17":"shipping-taxable","18":"purchasable","19":"product-type-variable","20":"has-default-attributes"},"acf":[],"_links":{"self":[{"href":"https:\/\/www.teehaus-janssen.de\/shop\/wp-json\/wp\/v2\/product\/8110","targetHints":{"allow":["GET"]}}],"collection":[{"href":"https:\/\/www.teehaus-janssen.de\/shop\/wp-json\/wp\/v2\/product"}],"about":[{"href":"https:\/\/www.teehaus-janssen.de\/shop\/wp-json\/wp\/v2\/types\/product"}],"wp:featuredmedia":[{"embeddable":true,"href":"https:\/\/www.teehaus-janssen.de\/shop\/wp-json\/wp\/v2\/media\/8111"}],"wp:attachment":[{"href":"https:\/\/www.teehaus-janssen.de\/shop\/wp-json\/wp\/v2\/media?parent=8110"}],"wp:term":[{"taxonomy":"product_brand","embeddable":true,"href":"https:\/\/www.teehaus-janssen.de\/shop\/wp-json\/wp\/v2\/product_brand?post=8110"},{"taxonomy":"product_cat","embeddable":true,"href":"https:\/\/www.teehaus-janssen.de\/shop\/wp-json\/wp\/v2\/product_cat?post=8110"},{"taxonomy":"product_tag","embeddable":true,"href":"https:\/\/www.teehaus-janssen.de\/shop\/wp-json\/wp\/v2\/product_tag?post=8110"}],"curies":[{"name":"wp","href":"https:\/\/api.w.org\/{rel}","templated":true}]}}