{"id":8102,"date":"2019-02-11T16:25:07","date_gmt":"2019-02-11T15:25:07","guid":{"rendered":"https:\/\/www.teehaus-janssen.de\/product\/4633-bio-pfefferminze\/"},"modified":"2025-09-30T10:03:45","modified_gmt":"2025-09-30T08:03:45","slug":"4633-bio-pfefferminze","status":"publish","type":"product","link":"https:\/\/www.teehaus-janssen.de\/shop\/produkt\/4633-bio-pfefferminze\/","title":{"rendered":"4633 &#8211; BIO PFEFFERMINZE"},"content":{"rendered":"<p style=\"font-size: 11px;font-family: 'Lucida Sans Unicode', 'Lucida Sans', Verdana, Helvetica\"><span style=\"font-size: 14px\"><span style=\"font-size: 14px;font-family: arial, verdana, helvetica\"><strong style=\"font-size: 14px\">Herkunft:<\/strong>\u00a0Deutschland &#8211; Mitcham Minze.<\/span><\/span><\/p>\n<p style=\"font-size: 11px;font-family: 'Lucida Sans Unicode', 'Lucida Sans', Verdana, Helvetica\"><span style=\"font-size: 14px\"><span style=\"font-size: 14px;font-family: arial, verdana, helvetica\"><strong style=\"font-size: 14px\">Lat.:\u00a0<\/strong>Folia Menthae pip.\u00a0conc.<\/span><\/span><\/p>\n<p><strong>Erl\u00e4uterung:<\/strong> Pfefferminze-Feinschnitt. Beliebter Zusatz zu Gr\u00fcnem oder Schwarzem Tee als erfrischend mundendes Hei\u00df- oder Kaltegtr\u00e4nk. Geschmackvoll in So\u00dfen, Suppen und Salaten. Bew\u00e4hrter Haustee. Destillate zur Wohnluftverbesserung.<\/p>\n<p><strong>Erfrischend minziger Duft und Geschmack.<\/strong><\/p>\n<p class=\"line-height-75 cke-line-height\" style=\"font-size: 11px;font-family: 'Lucida Sans Unicode', 'Lucida Sans', Verdana, Helvetica\"><img decoding=\"async\" class=\"alignnone size-large wp-image-34458\" src=\"https:\/\/www.teehaus-janssen.de\/shop\/wp-content\/uploads\/2025\/02\/3.png\" alt=\"\" \/><\/p>\n","protected":false},"excerpt":{"rendered":"<p><strong>Herkunft:<\/strong>\u00a0Deutschland &#8211; Mitcham Minze.<\/p>\n<p><strong>Lat.:\u00a0<\/strong>Folia Menthae pip.\u00a0conc.<\/p>\n<p><strong>Erl\u00e4uterung:<\/strong> Pfefferminze-Feinschnitt. Beliebter Zusatz zu Gr\u00fcnem oder Schwarzem Tee als erfrischend mundendes Hei\u00df- oder Kaltegtr\u00e4nk. Geschmackvoll in So\u00dfen, Suppen und Salaten. Bew\u00e4hrter Haustee. Destillate zur Wohnluftverbesserung.<\/p>\n<p><strong>Erfrischend minziger Duft und Geschmack.<\/strong><\/p>\n<p class=\"line-height-75 cke-line-height\"><img decoding=\"async\" class=\"alignnone size-large wp-image-34458\" src=\"https:\/\/www.teehaus-janssen.de\/shop\/wp-content\/uploads\/2021\/01\/3-700x700.png\" alt=\"\" \/><\/p>\n","protected":false},"featured_media":8103,"template":"","meta":{"_acf_changed":false},"product_brand":[],"product_cat":[310],"product_tag":[],"class_list":{"0":"post-8102","1":"product","2":"type-product","3":"status-publish","4":"has-post-thumbnail","6":"product_cat-4600-4650-einzelkraeuter-und-pflanzliche-rohstoffe","7":"pa_menge-50-g","8":"pa_menge-100-g","9":"pa_menge-125-g","10":"pa_menge-250-g","11":"pa_menge-500-g","12":"pa_menge-1-kg","14":"first","15":"instock","16":"taxable","17":"shipping-taxable","18":"purchasable","19":"product-type-variable","20":"has-default-attributes"},"acf":[],"_links":{"self":[{"href":"https:\/\/www.teehaus-janssen.de\/shop\/wp-json\/wp\/v2\/product\/8102","targetHints":{"allow":["GET"]}}],"collection":[{"href":"https:\/\/www.teehaus-janssen.de\/shop\/wp-json\/wp\/v2\/product"}],"about":[{"href":"https:\/\/www.teehaus-janssen.de\/shop\/wp-json\/wp\/v2\/types\/product"}],"wp:featuredmedia":[{"embeddable":true,"href":"https:\/\/www.teehaus-janssen.de\/shop\/wp-json\/wp\/v2\/media\/8103"}],"wp:attachment":[{"href":"https:\/\/www.teehaus-janssen.de\/shop\/wp-json\/wp\/v2\/media?parent=8102"}],"wp:term":[{"taxonomy":"product_brand","embeddable":true,"href":"https:\/\/www.teehaus-janssen.de\/shop\/wp-json\/wp\/v2\/product_brand?post=8102"},{"taxonomy":"product_cat","embeddable":true,"href":"https:\/\/www.teehaus-janssen.de\/shop\/wp-json\/wp\/v2\/product_cat?post=8102"},{"taxonomy":"product_tag","embeddable":true,"href":"https:\/\/www.teehaus-janssen.de\/shop\/wp-json\/wp\/v2\/product_tag?post=8102"}],"curies":[{"name":"wp","href":"https:\/\/api.w.org\/{rel}","templated":true}]}}