{"id":8094,"date":"2019-02-11T17:25:06","date_gmt":"2019-02-11T16:25:06","guid":{"rendered":"https:\/\/www.teehaus-janssen.de\/product\/4632-bio-passionsblumenkraut\/"},"modified":"2025-09-30T10:03:45","modified_gmt":"2025-09-30T08:03:45","slug":"4632-bio-passionsblumenkraut","status":"publish","type":"product","link":"https:\/\/www.teehaus-janssen.de\/shop\/produkt\/4632-bio-passionsblumenkraut\/","title":{"rendered":"4632 &#8211; BIO PASSIONSBLUMENKRAUT"},"content":{"rendered":"<p><span style=\"font-size: 14px\"><span style=\"font-family: arial,verdana,helvetica\"><strong>Lat.: <\/strong>Herba Passiflorae conc.<\/span><\/span><\/p>\n<p><strong>Erl\u00e4uterung:<\/strong> Passionsblumenkraut bietet seit jeher vielf\u00e4ltige Verwendungsm\u00f6glichkeiten. Beliebter Bestandteil vieler Kr\u00e4utertee-Spezies.<\/p>\n<p><strong>Herbkr\u00e4utriger Geschmack.<\/strong><\/p>\n<p class=\"line-height-75 cke-line-height\"><img decoding=\"async\" class=\"alignnone size-large wp-image-34458\" src=\"https:\/\/www.teehaus-janssen.de\/shop\/wp-content\/uploads\/2025\/02\/3.png\" alt=\"\" \/><\/p>\n","protected":false},"excerpt":{"rendered":"<p><strong>Lat.: <\/strong>Herba Passiflorae conc.<\/p>\n<p><strong>Erl\u00e4uterung:<\/strong> Passionsblumenkraut bietet seit jeher vielf\u00e4ltige Verwendungsm\u00f6glichkeiten. Beliebter Bestandteil vieler Kr\u00e4utertee-Spezies.<\/p>\n<p><strong>Herbkr\u00e4utriger Geschmack.<\/strong><\/p>\n<p class=\"line-height-75 cke-line-height\"><img decoding=\"async\" class=\"alignnone size-large wp-image-34458\" src=\"https:\/\/www.teehaus-janssen.de\/shop\/wp-content\/uploads\/2021\/01\/3-700x700.png\" alt=\"\" \/><\/p>\n","protected":false},"featured_media":8095,"template":"","meta":{"_acf_changed":false},"product_brand":[],"product_cat":[310],"product_tag":[],"class_list":{"0":"post-8094","1":"product","2":"type-product","3":"status-publish","4":"has-post-thumbnail","6":"product_cat-4600-4650-einzelkraeuter-und-pflanzliche-rohstoffe","7":"pa_menge-50-g","8":"pa_menge-100-g","9":"pa_menge-125-g","10":"pa_menge-250-g","11":"pa_menge-500-g","12":"pa_menge-1-kg","14":"first","15":"instock","16":"taxable","17":"shipping-taxable","18":"purchasable","19":"product-type-variable","20":"has-default-attributes"},"acf":[],"_links":{"self":[{"href":"https:\/\/www.teehaus-janssen.de\/shop\/wp-json\/wp\/v2\/product\/8094","targetHints":{"allow":["GET"]}}],"collection":[{"href":"https:\/\/www.teehaus-janssen.de\/shop\/wp-json\/wp\/v2\/product"}],"about":[{"href":"https:\/\/www.teehaus-janssen.de\/shop\/wp-json\/wp\/v2\/types\/product"}],"wp:featuredmedia":[{"embeddable":true,"href":"https:\/\/www.teehaus-janssen.de\/shop\/wp-json\/wp\/v2\/media\/8095"}],"wp:attachment":[{"href":"https:\/\/www.teehaus-janssen.de\/shop\/wp-json\/wp\/v2\/media?parent=8094"}],"wp:term":[{"taxonomy":"product_brand","embeddable":true,"href":"https:\/\/www.teehaus-janssen.de\/shop\/wp-json\/wp\/v2\/product_brand?post=8094"},{"taxonomy":"product_cat","embeddable":true,"href":"https:\/\/www.teehaus-janssen.de\/shop\/wp-json\/wp\/v2\/product_cat?post=8094"},{"taxonomy":"product_tag","embeddable":true,"href":"https:\/\/www.teehaus-janssen.de\/shop\/wp-json\/wp\/v2\/product_tag?post=8094"}],"curies":[{"name":"wp","href":"https:\/\/api.w.org\/{rel}","templated":true}]}}