{"id":8085,"date":"2019-02-11T17:25:06","date_gmt":"2019-02-11T16:25:06","guid":{"rendered":"https:\/\/www.teehaus-janssen.de\/product\/4631-papayablaetter-pflanzlicher-rohstoff\/"},"modified":"2025-09-30T10:03:45","modified_gmt":"2025-09-30T08:03:45","slug":"4631-papayablaetter-pflanzlicher-rohstoff","status":"publish","type":"product","link":"https:\/\/www.teehaus-janssen.de\/shop\/produkt\/4631-papayablaetter-pflanzlicher-rohstoff\/","title":{"rendered":"4631 &#8211; PAPAYABL\u00c4TTER FEINSCHNITT- (Pflanzlicher Rohstoff)"},"content":{"rendered":"<p style=\"font-size: 11px; font-family: 'Lucida Sans Unicode', 'Lucida Sans', Verdana, Helvetica;\"><span style=\"font-size: 14px;\"><span style=\"font-size: 14px; font-family: arial, verdana, helvetica;\"><strong style=\"font-size: 14px;\">Lat.:\u00a0<\/strong>Caricae Papayae folium.<br \/>\n<\/span><\/span><\/p>\n<p><strong>Erl\u00e4uterung: <\/strong>auch &#8222;Kraut der Aborigines&#8220; genannt. Novel Food\/Nicht als Lebensmittel zugelassen\/Pflanzlicher Rohstoff.<\/p>\n<div><span style=\"font-family: Arial Narrow; font-size: medium;\">Die jetzige Partie\u00a0f\u00e4llt\u00a0feiner geschnitten aus mit dem Vorteil intensiverer L\u00f6sung sodass f\u00fcr einen Liter Infus nur noch ein geh\u00e4ufter Teel\u00f6ffel (anstatt Essl\u00f6ffel)\u00a0voll mit 100\u00b0C. Wasser bei 8-10 Minuten Ziehzeit anzusetzen ist. <\/span><\/div>\n<div><span style=\"font-family: Arial Narrow; font-size: medium;\">Der Geschmack f\u00e4llt aufgrund geringerer St\u00e4ngelanteile angenehm mild und nicht so erdig wie bislang aus.<\/span><\/div>\n<div>\n<p><strong>Herkunft: <\/strong>S\u00fcd-Indien<\/p>\n<p><strong>Mild, herb, angenehm bitter im Nachklang.<\/strong><\/p>\n<\/div>\n<table style=\"font-size: 10pt; height: 10px; font-family: Tahoma, Arial; width: 5px; margin-top: 17px; position: static; text-align: left; margin-left: 12px; z-index: 2; background-color: #ffffff; border: 1px solid #c0c0c0;\">\n<tbody>\n<tr>\n<td id=\"TABLEDIV\" style=\"width: 100%; vertical-align: top; margin: 0px; line-height: 130%; border: 0px; padding: 7px 6px 6px 8px;\"><\/td>\n<\/tr>\n<\/tbody>\n<\/table>\n<p>&nbsp;<\/p>\n<p>&nbsp;<\/p>\n<p>&nbsp;<\/p>\n<p>&nbsp;<\/p>\n","protected":false},"excerpt":{"rendered":"<p style=\"font-size: 11px; font-family: 'Lucida Sans Unicode', 'Lucida Sans', Verdana, Helvetica;\"><span style=\"font-size: 14px;\"><span style=\"font-size: 14px; font-family: arial, verdana, helvetica;\"><strong style=\"font-size: 14px;\">Lat.:\u00a0<\/strong>Caricae Papayae folium.<br \/>\n<\/span><\/span><\/p>\n<p><strong>Erl\u00e4uterung: <\/strong>auch &#8222;Kraut der Aborigines&#8220; genannt. Novel Food\/Nicht als Lebensmittel zugelassen\/Pflanzlicher Rohstoff.<\/p>\n<div><span style=\"font-family: Arial Narrow; font-size: medium;\">Die jetzige Partie\u00a0f\u00e4llt\u00a0feiner geschnitten aus mit dem Vorteil intensiverer L\u00f6sung sodass f\u00fcr einen Liter Infus nur noch ein geh\u00e4ufter Teel\u00f6ffel (anstatt Essl\u00f6ffel)\u00a0voll mit 100\u00b0C. Wasser bei 8-10 Minuten Ziehzeit anzusetzen ist. <\/span><\/div>\n<div><span style=\"font-family: Arial Narrow; font-size: medium;\">Der Geschmack f\u00e4llt aufgrund geringerer St\u00e4ngelanteile angenehm mild und nicht so erdig wie bislang aus.<\/span><\/div>\n<div>\n<p><strong>Herkunft: <\/strong>S\u00fcd-Indien<\/p>\n<p><strong>Mild, herb, angenehm bitter im Nachklang.<\/strong><\/p>\n<\/div>\n<p>&nbsp;<\/p>\n<p>&nbsp;<\/p>\n<p>&nbsp;<\/p>\n<p>&nbsp;<\/p>\n<p>&nbsp;<\/p>\n","protected":false},"featured_media":1476303,"template":"","meta":{"_acf_changed":false},"product_brand":[],"product_cat":[310],"product_tag":[],"class_list":{"0":"post-8085","1":"product","2":"type-product","3":"status-publish","4":"has-post-thumbnail","6":"product_cat-4600-4650-einzelkraeuter-und-pflanzliche-rohstoffe","7":"pa_menge-50-g","8":"pa_menge-100-g","9":"pa_menge-125-g","10":"pa_menge-250-g","11":"pa_menge-500-g","12":"pa_menge-1-kg","14":"first","15":"instock","16":"taxable","17":"shipping-taxable","18":"purchasable","19":"product-type-variable","20":"has-default-attributes"},"acf":[],"_links":{"self":[{"href":"https:\/\/www.teehaus-janssen.de\/shop\/wp-json\/wp\/v2\/product\/8085","targetHints":{"allow":["GET"]}}],"collection":[{"href":"https:\/\/www.teehaus-janssen.de\/shop\/wp-json\/wp\/v2\/product"}],"about":[{"href":"https:\/\/www.teehaus-janssen.de\/shop\/wp-json\/wp\/v2\/types\/product"}],"wp:featuredmedia":[{"embeddable":true,"href":"https:\/\/www.teehaus-janssen.de\/shop\/wp-json\/wp\/v2\/media\/1476303"}],"wp:attachment":[{"href":"https:\/\/www.teehaus-janssen.de\/shop\/wp-json\/wp\/v2\/media?parent=8085"}],"wp:term":[{"taxonomy":"product_brand","embeddable":true,"href":"https:\/\/www.teehaus-janssen.de\/shop\/wp-json\/wp\/v2\/product_brand?post=8085"},{"taxonomy":"product_cat","embeddable":true,"href":"https:\/\/www.teehaus-janssen.de\/shop\/wp-json\/wp\/v2\/product_cat?post=8085"},{"taxonomy":"product_tag","embeddable":true,"href":"https:\/\/www.teehaus-janssen.de\/shop\/wp-json\/wp\/v2\/product_tag?post=8085"}],"curies":[{"name":"wp","href":"https:\/\/api.w.org\/{rel}","templated":true}]}}