{"id":8028,"date":"2019-02-11T17:25:03","date_gmt":"2019-02-11T16:25:03","guid":{"rendered":"https:\/\/www.teehaus-janssen.de\/product\/4621-lapachorinde\/"},"modified":"2025-09-30T10:01:31","modified_gmt":"2025-09-30T08:01:31","slug":"4621-lapachorinde","status":"publish","type":"product","link":"https:\/\/www.teehaus-janssen.de\/shop\/produkt\/4621-lapachorinde\/","title":{"rendered":"4621 &#8211; LAPACHORINDE"},"content":{"rendered":"<p style=\"font-size: 11px;font-family: 'Lucida Sans Unicode', 'Lucida Sans', Verdana, Helvetica\"><span style=\"font-size: 14px\"><span style=\"font-size: 14px;font-family: arial, verdana, helvetica\"><strong style=\"font-size: 14px\">Herkunft:<\/strong>\u00a0Argentinien<\/span><\/span><\/p>\n<p style=\"font-size: 11px;font-family: 'Lucida Sans Unicode', 'Lucida Sans', Verdana, Helvetica\"><span style=\"font-size: 14px\"><span style=\"font-size: 14px;font-family: arial, verdana, helvetica\"><strong style=\"font-size: 14px\">Lat.:\u00a0<\/strong>Tabebuiae cortex<\/span><\/span><\/p>\n<p><strong>Erl\u00e4uterung:<\/strong> kontrollierte, nachhaltige Wildsammlung. Lapachorinde wird als untere, wieder nachwachsende Rindenschicht von Urwaldb\u00e4umen in Paraguay gesch\u00e4lt. Sie enth\u00e4lt das \u00e4therische \u00d6l &#8222;Lapachol&#8220;.<\/p>\n<p><strong>Etwas erdig, herb mundend.<\/strong><\/p>\n","protected":false},"excerpt":{"rendered":"<p><strong>Herkunft:<\/strong>\u00a0Argentinien<\/p>\n<p><strong>Lat.:\u00a0<\/strong>Tabebuiae cortex<\/p>\n<p><strong>Erl\u00e4uterung:<\/strong> kontrollierte, nachhaltige Wildsammlung. Lapachorinde wird als untere, wieder nachwachsende Rindenschicht von Urwaldb\u00e4umen in Paraguay gesch\u00e4lt. Sie enth\u00e4lt das \u00e4therische \u00d6l &#8222;Lapachol&#8220;.<\/p>\n<p><strong>Etwas erdig, herb mundend.<\/strong><\/p>\n","protected":false},"featured_media":8029,"template":"","meta":{"_acf_changed":false},"product_brand":[],"product_cat":[310],"product_tag":[],"class_list":{"0":"post-8028","1":"product","2":"type-product","3":"status-publish","4":"has-post-thumbnail","6":"product_cat-4600-4650-einzelkraeuter-und-pflanzliche-rohstoffe","7":"pa_menge-50-g","8":"pa_menge-100-g","9":"pa_menge-125-g","10":"pa_menge-250-g","11":"pa_menge-500-g","12":"pa_menge-1-kg","14":"first","15":"instock","16":"taxable","17":"shipping-taxable","18":"purchasable","19":"product-type-variable","20":"has-default-attributes"},"acf":[],"_links":{"self":[{"href":"https:\/\/www.teehaus-janssen.de\/shop\/wp-json\/wp\/v2\/product\/8028","targetHints":{"allow":["GET"]}}],"collection":[{"href":"https:\/\/www.teehaus-janssen.de\/shop\/wp-json\/wp\/v2\/product"}],"about":[{"href":"https:\/\/www.teehaus-janssen.de\/shop\/wp-json\/wp\/v2\/types\/product"}],"wp:featuredmedia":[{"embeddable":true,"href":"https:\/\/www.teehaus-janssen.de\/shop\/wp-json\/wp\/v2\/media\/8029"}],"wp:attachment":[{"href":"https:\/\/www.teehaus-janssen.de\/shop\/wp-json\/wp\/v2\/media?parent=8028"}],"wp:term":[{"taxonomy":"product_brand","embeddable":true,"href":"https:\/\/www.teehaus-janssen.de\/shop\/wp-json\/wp\/v2\/product_brand?post=8028"},{"taxonomy":"product_cat","embeddable":true,"href":"https:\/\/www.teehaus-janssen.de\/shop\/wp-json\/wp\/v2\/product_cat?post=8028"},{"taxonomy":"product_tag","embeddable":true,"href":"https:\/\/www.teehaus-janssen.de\/shop\/wp-json\/wp\/v2\/product_tag?post=8028"}],"curies":[{"name":"wp","href":"https:\/\/api.w.org\/{rel}","templated":true}]}}