{"id":7988,"date":"2019-02-11T16:25:02","date_gmt":"2019-02-11T15:25:02","guid":{"rendered":"https:\/\/www.teehaus-janssen.de\/product\/4615b-bio-ingwer-wurzel\/"},"modified":"2025-09-30T10:00:09","modified_gmt":"2025-09-30T08:00:09","slug":"4615b-bio-ingwer-wurzel","status":"publish","type":"product","link":"https:\/\/www.teehaus-janssen.de\/shop\/produkt\/4615b-bio-ingwer-wurzel\/","title":{"rendered":"4615B &#8211; BIO INGWER-WURZEL"},"content":{"rendered":"<p style=\"font-size: 11px; font-family: 'Lucida Sans Unicode', 'Lucida Sans', Verdana, Helvetica;\"><span style=\"font-size: 14px;\"><span style=\"font-size: 14px; font-family: arial, verdana, helvetica;\"><strong style=\"font-size: 14px;\">Lat.:\u00a0<\/strong>Rhizoma Zingiberis\u00a0conc.<\/span><\/span><\/p>\n<p><strong>Erl\u00e4uterung:<\/strong> Ingwerst\u00fccke-Feinschnitt f\u00fcr beliebige Erg\u00e4nzung zu Teesorten. Standardgew\u00fcrz in der fern\u00f6stlichen K\u00fcche. Pulverisiert f\u00fcr viele Speisen, Kr\u00e4uterrezepturen, Mundwasser, Bier, Konfit\u00fcre oder kandierte Fr\u00fcchte.<\/p>\n<p><strong>Milde w\u00fcrzige Sch\u00e4rfe.<\/strong><\/p>\n<p style=\"font-size: 11px; font-family: 'Lucida Sans Unicode', 'Lucida Sans', Verdana, Helvetica;\"><span style=\"font-size: 14px;\"><span style=\"font-size: 14px; font-family: arial, verdana, helvetica;\"><span style=\"font-size: 12px;\"><img decoding=\"async\" class=\"alignnone size-large wp-image-34478\" src=\"https:\/\/www.teehaus-janssen.de\/shop\/wp-content\/uploads\/2025\/02\/Nicht-EU.png\" alt=\"\" \/><\/span><\/span><\/span><\/p>\n","protected":false},"excerpt":{"rendered":"<p><strong>Lat.:\u00a0<\/strong>Rhizoma Zingiberis\u00a0conc.<\/p>\n<p><strong>Erl\u00e4uterung:<\/strong> Ingwerst\u00fccke-Feinschnitt f\u00fcr beliebige Erg\u00e4nzung zu Teesorten. Standardgew\u00fcrz in der fern\u00f6stlichen K\u00fcche. Pulverisiert f\u00fcr viele Speisen, Kr\u00e4uterrezepturen, Mundwasser, Bier, Konfit\u00fcre oder kandierte Fr\u00fcchte.<\/p>\n<p><strong>Milde w\u00fcrzige Sch\u00e4rfe.<\/strong><\/p>\n<p><img decoding=\"async\" class=\"alignnone size-large wp-image-34478\" src=\"https:\/\/www.teehaus-janssen.de\/shop\/wp-content\/uploads\/2019\/02\/Nicht-EU-700x700.png\" alt=\"\" \/><\/p>\n","protected":false},"featured_media":7989,"template":"","meta":{"_acf_changed":false},"product_brand":[],"product_cat":[310],"product_tag":[],"class_list":{"0":"post-7988","1":"product","2":"type-product","3":"status-publish","4":"has-post-thumbnail","6":"product_cat-4600-4650-einzelkraeuter-und-pflanzliche-rohstoffe","7":"pa_menge-50-g","8":"pa_menge-100-g","9":"pa_menge-125-g","10":"pa_menge-250-g","11":"pa_menge-500-g","12":"pa_menge-1-kg","14":"first","15":"instock","16":"taxable","17":"shipping-taxable","18":"purchasable","19":"product-type-variable","20":"has-default-attributes"},"acf":[],"_links":{"self":[{"href":"https:\/\/www.teehaus-janssen.de\/shop\/wp-json\/wp\/v2\/product\/7988","targetHints":{"allow":["GET"]}}],"collection":[{"href":"https:\/\/www.teehaus-janssen.de\/shop\/wp-json\/wp\/v2\/product"}],"about":[{"href":"https:\/\/www.teehaus-janssen.de\/shop\/wp-json\/wp\/v2\/types\/product"}],"wp:featuredmedia":[{"embeddable":true,"href":"https:\/\/www.teehaus-janssen.de\/shop\/wp-json\/wp\/v2\/media\/7989"}],"wp:attachment":[{"href":"https:\/\/www.teehaus-janssen.de\/shop\/wp-json\/wp\/v2\/media?parent=7988"}],"wp:term":[{"taxonomy":"product_brand","embeddable":true,"href":"https:\/\/www.teehaus-janssen.de\/shop\/wp-json\/wp\/v2\/product_brand?post=7988"},{"taxonomy":"product_cat","embeddable":true,"href":"https:\/\/www.teehaus-janssen.de\/shop\/wp-json\/wp\/v2\/product_cat?post=7988"},{"taxonomy":"product_tag","embeddable":true,"href":"https:\/\/www.teehaus-janssen.de\/shop\/wp-json\/wp\/v2\/product_tag?post=7988"}],"curies":[{"name":"wp","href":"https:\/\/api.w.org\/{rel}","templated":true}]}}