{"id":7980,"date":"2019-02-11T17:25:01","date_gmt":"2019-02-11T16:25:01","guid":{"rendered":"https:\/\/www.teehaus-janssen.de\/product\/4615-bio-hopfenbl-ten\/"},"modified":"2026-02-06T10:49:44","modified_gmt":"2026-02-06T09:49:44","slug":"4615-bio-hopfenbl-ten","status":"publish","type":"product","link":"https:\/\/www.teehaus-janssen.de\/shop\/produkt\/4615-bio-hopfenbl-ten\/","title":{"rendered":"4615 &#8211; BIO HOPFENBL\u00dcTEN"},"content":{"rendered":"<p style=\"font-size: 11px;font-family: 'Lucida Sans Unicode', 'Lucida Sans', Verdana, Helvetica\"><span style=\"font-size: 14px\"><span style=\"font-size: 14px;font-family: arial, verdana, helvetica\"><strong style=\"font-size: 14px\">Herkunft:\u00a0<\/strong>Deutschland.<\/span><\/span><\/p>\n<p style=\"font-size: 11px;font-family: 'Lucida Sans Unicode', 'Lucida Sans', Verdana, Helvetica\"><span style=\"font-size: 14px\"><span style=\"font-size: 14px;font-family: arial, verdana, helvetica\"><b style=\"font-family: inherit\">Lat.:<\/b>\u00a0Flores Humuli Lupuli\u00a0conc.<\/span><\/span><\/p>\n<p><strong>Erl\u00e4uterung:<\/strong> Hopfen ist Bestandteil vieler Kr\u00e4utertees. Unsere erlesenen Bio-Hopfenbl\u00fcten von h\u00f6chster Qualit\u00e4t sind typisch hopfenduftig-bitter-s\u00fc\u00df.<\/p>\n<p><strong>Aromatisch-bitter, beliebt f\u00fcr die Abendstunden.<\/strong><\/p>\n<p style=\"font-size: 11px;font-family: 'Lucida Sans Unicode', 'Lucida Sans', Verdana, Helvetica\"><img decoding=\"async\" class=\"alignnone size-large wp-image-34458\" src=\"https:\/\/www.teehaus-janssen.de\/shop\/wp-content\/uploads\/2025\/02\/3.png\" alt=\"\" \/><\/p>\n","protected":false},"excerpt":{"rendered":"<p><strong>Herkunft:\u00a0<\/strong>Deutschland.<\/p>\n<p><b>Lat.:<\/b>\u00a0Flores Humuli Lupuli\u00a0conc.<\/p>\n<p><strong>Erl\u00e4uterung:<\/strong> Hopfen ist Bestandteil vieler Kr\u00e4utertees. Unsere erlesenen Bio-Hopfenbl\u00fcten von h\u00f6chster Qualit\u00e4t sind typisch hopfenduftig-bitter-s\u00fc\u00df.<\/p>\n<p><strong>Aromatisch-bitter, beliebt f\u00fcr die Abendstunden.<\/strong><\/p>\n<p><img decoding=\"async\" class=\"alignnone size-large wp-image-34458\" src=\"https:\/\/www.teehaus-janssen.de\/shop\/wp-content\/uploads\/2021\/01\/3-700x700.png\" alt=\"\" \/><\/p>\n","protected":false},"featured_media":7981,"template":"","meta":{"_acf_changed":false},"product_brand":[],"product_cat":[310],"product_tag":[],"class_list":{"0":"post-7980","1":"product","2":"type-product","3":"status-publish","4":"has-post-thumbnail","6":"product_cat-4600-4650-einzelkraeuter-und-pflanzliche-rohstoffe","7":"pa_menge-50-g","8":"pa_menge-100-g","9":"pa_menge-125-g","10":"pa_menge-250-g","11":"pa_menge-500-g","12":"pa_menge-1-kg","14":"first","15":"instock","16":"taxable","17":"shipping-taxable","18":"purchasable","19":"product-type-variable"},"acf":[],"_links":{"self":[{"href":"https:\/\/www.teehaus-janssen.de\/shop\/wp-json\/wp\/v2\/product\/7980","targetHints":{"allow":["GET"]}}],"collection":[{"href":"https:\/\/www.teehaus-janssen.de\/shop\/wp-json\/wp\/v2\/product"}],"about":[{"href":"https:\/\/www.teehaus-janssen.de\/shop\/wp-json\/wp\/v2\/types\/product"}],"wp:featuredmedia":[{"embeddable":true,"href":"https:\/\/www.teehaus-janssen.de\/shop\/wp-json\/wp\/v2\/media\/7981"}],"wp:attachment":[{"href":"https:\/\/www.teehaus-janssen.de\/shop\/wp-json\/wp\/v2\/media?parent=7980"}],"wp:term":[{"taxonomy":"product_brand","embeddable":true,"href":"https:\/\/www.teehaus-janssen.de\/shop\/wp-json\/wp\/v2\/product_brand?post=7980"},{"taxonomy":"product_cat","embeddable":true,"href":"https:\/\/www.teehaus-janssen.de\/shop\/wp-json\/wp\/v2\/product_cat?post=7980"},{"taxonomy":"product_tag","embeddable":true,"href":"https:\/\/www.teehaus-janssen.de\/shop\/wp-json\/wp\/v2\/product_tag?post=7980"}],"curies":[{"name":"wp","href":"https:\/\/api.w.org\/{rel}","templated":true}]}}