{"id":7932,"date":"2019-02-11T17:25:00","date_gmt":"2019-02-11T16:25:00","guid":{"rendered":"https:\/\/www.teehaus-janssen.de\/product\/4610-bio-mate-yerba\/"},"modified":"2025-09-30T09:58:38","modified_gmt":"2025-09-30T07:58:38","slug":"4610-bio-mate-yerba","status":"publish","type":"product","link":"https:\/\/www.teehaus-janssen.de\/shop\/produkt\/4610-bio-mate-yerba\/","title":{"rendered":"4610 &#8211; BIO MATE YERBA"},"content":{"rendered":"<p><span style=\"font-size: 14px\"><span style=\"font-family: arial,verdana,helvetica\"><strong>Herkunft:<\/strong> Argentinien\u00a0&#8211; naturgr\u00fcn.<\/span><\/span><\/p>\n<p><span style=\"font-size: 14px\"><span style=\"font-family: arial,verdana,helvetica\"><strong>Lat.:<\/strong> Mate Yerba conc.<\/span><\/span><\/p>\n<p><strong>Erl\u00e4uterung:<\/strong> erhitzte gr\u00fcne Bl\u00e4tter des Mate-Strauchs, fein geschnitten. Koffein enthaltendes, belebendes Nationalgetr\u00e4nk S\u00fcdamerikas. Jesuiten benannten ihn im 16. Jahrhundert Jesuitertee und f\u00fchrten ihn \u00fcber Spanien nach Europa ein.<\/p>\n<p><strong>erfrischend belebend, etwas herb.<\/strong><\/p>\n<p><img decoding=\"async\" class=\"alignnone size-large wp-image-34478\" src=\"https:\/\/www.teehaus-janssen.de\/shop\/wp-content\/uploads\/2025\/02\/Nicht-EU.png\" alt=\"\" \/><\/p>\n","protected":false},"excerpt":{"rendered":"<p><strong>Herkunft:<\/strong> Argentinien\u00a0&#8211; naturgr\u00fcn.<\/p>\n<p><strong>Lat.:<\/strong> Mate Yerba conc.<\/p>\n<p><strong>Erl\u00e4uterung:<\/strong> erhitzte gr\u00fcne Bl\u00e4tter des Mate-Strauchs, fein geschnitten. Koffein enthaltendes, belebendes Nationalgetr\u00e4nk S\u00fcdamerikas. Jesuiten benannten ihn im 16. Jahrhundert Jesuitertee und f\u00fchrten ihn \u00fcber Spanien nach Europa ein.<\/p>\n<p><strong>erfrischend belebend, etwas herb.<\/strong><\/p>\n<p><img decoding=\"async\" class=\"alignnone size-large wp-image-34478\" src=\"https:\/\/www.teehaus-janssen.de\/shop\/wp-content\/uploads\/2019\/02\/Nicht-EU-700x700.png\" alt=\"\" \/><\/p>\n","protected":false},"featured_media":7933,"template":"","meta":{"_acf_changed":false},"product_brand":[],"product_cat":[310],"product_tag":[],"class_list":{"0":"post-7932","1":"product","2":"type-product","3":"status-publish","4":"has-post-thumbnail","6":"product_cat-4600-4650-einzelkraeuter-und-pflanzliche-rohstoffe","7":"pa_menge-50-g","8":"pa_menge-100-g","9":"pa_menge-125-g","10":"pa_menge-250-g","11":"pa_menge-500-g","12":"pa_menge-1-kg","14":"first","15":"instock","16":"taxable","17":"shipping-taxable","18":"purchasable","19":"product-type-variable","20":"has-default-attributes"},"acf":[],"_links":{"self":[{"href":"https:\/\/www.teehaus-janssen.de\/shop\/wp-json\/wp\/v2\/product\/7932","targetHints":{"allow":["GET"]}}],"collection":[{"href":"https:\/\/www.teehaus-janssen.de\/shop\/wp-json\/wp\/v2\/product"}],"about":[{"href":"https:\/\/www.teehaus-janssen.de\/shop\/wp-json\/wp\/v2\/types\/product"}],"wp:featuredmedia":[{"embeddable":true,"href":"https:\/\/www.teehaus-janssen.de\/shop\/wp-json\/wp\/v2\/media\/7933"}],"wp:attachment":[{"href":"https:\/\/www.teehaus-janssen.de\/shop\/wp-json\/wp\/v2\/media?parent=7932"}],"wp:term":[{"taxonomy":"product_brand","embeddable":true,"href":"https:\/\/www.teehaus-janssen.de\/shop\/wp-json\/wp\/v2\/product_brand?post=7932"},{"taxonomy":"product_cat","embeddable":true,"href":"https:\/\/www.teehaus-janssen.de\/shop\/wp-json\/wp\/v2\/product_cat?post=7932"},{"taxonomy":"product_tag","embeddable":true,"href":"https:\/\/www.teehaus-janssen.de\/shop\/wp-json\/wp\/v2\/product_tag?post=7932"}],"curies":[{"name":"wp","href":"https:\/\/api.w.org\/{rel}","templated":true}]}}