{"id":7904,"date":"2019-02-11T17:24:59","date_gmt":"2019-02-11T16:24:59","guid":{"rendered":"https:\/\/www.teehaus-janssen.de\/product\/4606-bio-zistrose-fein-gerebelt-pflanzlicher-rohstoff\/"},"modified":"2026-01-29T14:21:19","modified_gmt":"2026-01-29T13:21:19","slug":"4606-bio-zistrose-fein-gerebelt-pflanzlicher-rohstoff","status":"publish","type":"product","link":"https:\/\/www.teehaus-janssen.de\/shop\/produkt\/4606-bio-zistrose-fein-gerebelt-pflanzlicher-rohstoff\/","title":{"rendered":"4606 &#8211; BIO ZISTROSE &#8211; fein gerebelt &#8211; (Pflanzlicher Rohstoff)"},"content":{"rendered":"<p style=\"font-size: 11px;font-family: 'Lucida Sans Unicode', 'Lucida Sans', Verdana, Helvetica\"><span style=\"font-size: 14px\"><span style=\"font-size: 14px;font-family: arial, verdana, helvetica\"><strong style=\"font-size: 14px\">Herkunft:<\/strong> T\u00fcrkei, kleinb\u00e4uerliche Bio-Gebirgspfl\u00fcckung\u00a0<\/span><\/span><\/p>\n<p style=\"font-size: 11px;font-family: 'Lucida Sans Unicode', 'Lucida Sans', Verdana, Helvetica\"><strong style=\"font-size: 14px;font-family: arial, verdana, helvetica\">Lat.:<\/strong><span style=\"font-family: arial, verdana, helvetica;font-size: 14px\"> Cistus Incanus (L.) conc.\/grau behaarte Zistrose\/Hirtenkraut, Feinschnitt.<\/span><\/p>\n<p style=\"font-size: 11px;font-family: 'Lucida Sans Unicode', 'Lucida Sans', Verdana, Helvetica\"><span style=\"font-size: 14px\"><span style=\"font-size: 14px;font-family: arial, verdana, helvetica\"><strong style=\"font-size: 14px\">Erl\u00e4uterung:<\/strong> Novel Food\/ Eine bodendeckende Gebirgspflanze mit 2500-j\u00e4hriger Tradition. Weil vor 1997 in der Gesamt-EU noch nicht als bekannt, gilt Zistrose im Unterschied zu vielen anderen Kr\u00e4utern im EU-Markt nur als &#8222;Pflanzlicher Rohstoff&#8220;.\u00a0<\/span><\/span><\/p>\n<p style=\"font-size: 11px;font-family: 'Lucida Sans Unicode', 'Lucida Sans', Verdana, Helvetica\"><img decoding=\"async\" class=\"alignnone size-large wp-image-34478\" style=\"font-family: Georgia, 'Times New Roman', 'Bitstream Charter', Times, serif;font-size: 16px\" src=\"https:\/\/www.teehaus-janssen.de\/shop\/wp-content\/uploads\/2025\/02\/Nicht-EU.png\" alt=\"\" \/><\/p>\n<p>&nbsp;<\/p>\n<p><a href=\"https:\/\/www.teehaus-janssen.de\/shop\/produkt\/4606k-bio-zistrosekraut-geschnitten-pflanzlicher-rohstoff\/\">Alternativer Artikel Nummer 4606k<\/a><\/p>\n","protected":false},"excerpt":{"rendered":"<p style=\"font-size: 11px;font-family: 'Lucida Sans Unicode', 'Lucida Sans', Verdana, Helvetica\"><span style=\"font-size: 14px\"><span style=\"font-size: 14px;font-family: arial, verdana, helvetica\"><strong style=\"font-size: 14px\">Herkunft:<\/strong> T\u00fcrkei, kleinb\u00e4uerliche Bio-Gebirgspfl\u00fcckung\u00a0<\/span><\/span><\/p>\n<p style=\"font-size: 11px;font-family: 'Lucida Sans Unicode', 'Lucida Sans', Verdana, Helvetica\"><strong style=\"font-size: 14px;font-family: arial, verdana, helvetica\">Lat.:<\/strong><span style=\"font-family: arial, verdana, helvetica;font-size: 14px\"> Cistus Incanus (L.) conc.\/grau behaarte Zistrose\/Hirtenkraut, Feinschnitt.<\/span><\/p>\n<p style=\"font-size: 11px;font-family: 'Lucida Sans Unicode', 'Lucida Sans', Verdana, Helvetica\"><span style=\"font-size: 14px\"><span style=\"font-size: 14px;font-family: arial, verdana, helvetica\"><strong style=\"font-size: 14px\">Erl\u00e4uterung:<\/strong> Novel Food\/ Eine bodendeckende Gebirgspflanze mit 2500-j\u00e4hriger Tradition. Weil vor 1997 in der Gesamt-EU noch nicht als bekannt, gilt Zistrose im Unterschied zu vielen anderen Kr\u00e4utern im EU-Markt nur als &#8222;Pflanzlicher Rohstoff&#8220;.\u00a0<\/span><\/span><\/p>\n<p><img decoding=\"async\" class=\"alignnone size-large wp-image-34478\" src=\"https:\/\/www.teehaus-janssen.de\/shop\/wp-content\/uploads\/2019\/02\/Nicht-EU-700x700.png\" alt=\"\" \/><\/p>\n<p>&nbsp;<\/p>\n<p><a href=\"https:\/\/www.teehaus-janssen.de\/shop\/produkt\/4606k-bio-zistrosekraut-geschnitten-pflanzlicher-rohstoff\/\"><strong>Alternativer Artikel 4606k<\/strong><\/a><\/p>\n","protected":false},"featured_media":7905,"template":"","meta":{"_acf_changed":false},"product_brand":[],"product_cat":[310],"product_tag":[343,344],"class_list":{"0":"post-7904","1":"product","2":"type-product","3":"status-publish","4":"has-post-thumbnail","6":"product_cat-4600-4650-einzelkraeuter-und-pflanzliche-rohstoffe","7":"product_tag-cistus","8":"product_tag-newsletter_10_22","9":"pa_menge-50-g","10":"pa_menge-100-g","11":"pa_menge-125-g","12":"pa_menge-250-g","13":"pa_menge-500-g","14":"pa_menge-1-kg","16":"first","17":"instock","18":"taxable","19":"shipping-taxable","20":"product-type-variable"},"acf":[],"_links":{"self":[{"href":"https:\/\/www.teehaus-janssen.de\/shop\/wp-json\/wp\/v2\/product\/7904","targetHints":{"allow":["GET"]}}],"collection":[{"href":"https:\/\/www.teehaus-janssen.de\/shop\/wp-json\/wp\/v2\/product"}],"about":[{"href":"https:\/\/www.teehaus-janssen.de\/shop\/wp-json\/wp\/v2\/types\/product"}],"wp:featuredmedia":[{"embeddable":true,"href":"https:\/\/www.teehaus-janssen.de\/shop\/wp-json\/wp\/v2\/media\/7905"}],"wp:attachment":[{"href":"https:\/\/www.teehaus-janssen.de\/shop\/wp-json\/wp\/v2\/media?parent=7904"}],"wp:term":[{"taxonomy":"product_brand","embeddable":true,"href":"https:\/\/www.teehaus-janssen.de\/shop\/wp-json\/wp\/v2\/product_brand?post=7904"},{"taxonomy":"product_cat","embeddable":true,"href":"https:\/\/www.teehaus-janssen.de\/shop\/wp-json\/wp\/v2\/product_cat?post=7904"},{"taxonomy":"product_tag","embeddable":true,"href":"https:\/\/www.teehaus-janssen.de\/shop\/wp-json\/wp\/v2\/product_tag?post=7904"}],"curies":[{"name":"wp","href":"https:\/\/api.w.org\/{rel}","templated":true}]}}