{"id":7832,"date":"2019-02-11T17:24:56","date_gmt":"2019-02-11T16:24:56","guid":{"rendered":"https:\/\/www.teehaus-janssen.de\/product\/4589-janssens-abendkr-uter\/"},"modified":"2025-09-30T09:55:39","modified_gmt":"2025-09-30T07:55:39","slug":"4589-janssens-abendkr-uter","status":"publish","type":"product","link":"https:\/\/www.teehaus-janssen.de\/shop\/produkt\/4589-janssens-abendkr-uter\/","title":{"rendered":"4589 &#8211; JANSSENS ABENDKR\u00c4UTER"},"content":{"rendered":"<p style=\"font-size: 11px;font-family: 'Lucida Sans Unicode', 'Lucida Sans', Verdana, Helvetica\"><span style=\"font-size: 11px;font-family: arial, verdana, helvetica\"><span style=\"font-size: 14px\"><strong style=\"font-size: 14px\">Herkunft: <\/strong>erntefrische TEEhaus-Mischung.<\/span><\/span><\/p>\n<p style=\"font-size: 11px;font-family: 'Lucida Sans Unicode', 'Lucida Sans', Verdana, Helvetica\"><span style=\"font-size: 11px;font-family: arial, verdana, helvetica\"><span style=\"font-size: 14px\"><strong style=\"font-size: 14px\">Zutaten:\u00a0<\/strong>Brombeerbl\u00e4tter*, Hibiskus*, Rosenbl\u00fcten, <\/span><\/span><span style=\"font-size: 11px;font-family: arial, verdana, helvetica\"><span style=\"font-size: 14px\">Fenchel*, <\/span><\/span><span style=\"font-size: 11px;font-family: arial, verdana, helvetica\"><span style=\"font-size: 14px\">Anis*, Melisse*, <\/span><\/span><span style=\"font-size: 11px;font-family: arial, verdana, helvetica\"><span style=\"font-size: 14px\">Kamille*. (*=aus kontrolliert biologischem Anbau)<\/span><\/span><\/p>\n<p>Landwirtschaftlicher Bioanteil 95%<\/p>\n<p>DE-\u00d6K\u00d6-006<\/p>\n<p>&nbsp;<\/p>\n<p><strong>Janssens Abendkr\u00e4uter sind ein wohlschmeckend-herbfrischer Begleiter f\u00fcr gem\u00fctliche Abendstunden. Die Tasse ist durch den Anteil an Hibiskusbl\u00fcten leicht s\u00e4uerlich-kr\u00e4utrig und zart ros\u00e9-rot. Auch als erfrischender Eistee im Sommer ein besonderer Genuss.<br \/>\n<\/strong><\/p>\n","protected":false},"excerpt":{"rendered":"<p style=\"font-size: 11px;font-family: 'Lucida Sans Unicode', 'Lucida Sans', Verdana, Helvetica\"><span style=\"font-size: 11px;font-family: arial, verdana, helvetica\"><span style=\"font-size: 14px\"><strong style=\"font-size: 14px\">Herkunft: <\/strong>erntefrische TEEhaus-Mischung.<\/span><\/span><\/p>\n<p style=\"font-size: 11px;font-family: 'Lucida Sans Unicode', 'Lucida Sans', Verdana, Helvetica\"><span style=\"font-size: 11px;font-family: arial, verdana, helvetica\"><span style=\"font-size: 14px\"><strong style=\"font-size: 14px\">Zutaten:\u00a0<\/strong>Brombeerbl\u00e4tter*, Hibiskus*, Rosenbl\u00fcten, <\/span><\/span><span style=\"font-size: 11px;font-family: arial, verdana, helvetica\"><span style=\"font-size: 14px\">Fenchel*, <\/span><\/span><span style=\"font-size: 11px;font-family: arial, verdana, helvetica\"><span style=\"font-size: 14px\">Anis*, Melisse*, <\/span><\/span><span style=\"font-size: 11px;font-family: arial, verdana, helvetica\"><span style=\"font-size: 14px\">Kamille*. (*=aus kontrolliert biologischem Anbau)<\/span><\/span><\/p>\n<p>Landwirtschaftlicher Bioanteil 95%<\/p>\n<p>DE-\u00d6K\u00d6-006<\/p>\n<p>&nbsp;<\/p>\n<p><strong>Janssens Abendkr\u00e4uter sind ein wohlschmeckend-herbfrischer Begleiter f\u00fcr gem\u00fctliche Abendstunden. Die Tasse ist durch den Anteil an Hibiskusbl\u00fcten leicht s\u00e4uerlich-kr\u00e4utrig und zart ros\u00e9-rot. Auch als erfrischender Eistee im Sommer ein besonderer Genuss.<\/strong><\/p>\n","protected":false},"featured_media":7833,"template":"","meta":{"_acf_changed":false},"product_brand":[],"product_cat":[326],"product_tag":[],"class_list":{"0":"post-7832","1":"product","2":"type-product","3":"status-publish","4":"has-post-thumbnail","6":"product_cat-4580-4596-kraeutertee-mischungen","7":"pa_menge-50-g","8":"pa_menge-100-g","9":"pa_menge-125-g","10":"pa_menge-250-g","11":"pa_menge-500-g","12":"pa_menge-1-kg","14":"first","15":"instock","16":"taxable","17":"shipping-taxable","18":"purchasable","19":"product-type-variable","20":"has-default-attributes"},"acf":[],"_links":{"self":[{"href":"https:\/\/www.teehaus-janssen.de\/shop\/wp-json\/wp\/v2\/product\/7832","targetHints":{"allow":["GET"]}}],"collection":[{"href":"https:\/\/www.teehaus-janssen.de\/shop\/wp-json\/wp\/v2\/product"}],"about":[{"href":"https:\/\/www.teehaus-janssen.de\/shop\/wp-json\/wp\/v2\/types\/product"}],"wp:featuredmedia":[{"embeddable":true,"href":"https:\/\/www.teehaus-janssen.de\/shop\/wp-json\/wp\/v2\/media\/7833"}],"wp:attachment":[{"href":"https:\/\/www.teehaus-janssen.de\/shop\/wp-json\/wp\/v2\/media?parent=7832"}],"wp:term":[{"taxonomy":"product_brand","embeddable":true,"href":"https:\/\/www.teehaus-janssen.de\/shop\/wp-json\/wp\/v2\/product_brand?post=7832"},{"taxonomy":"product_cat","embeddable":true,"href":"https:\/\/www.teehaus-janssen.de\/shop\/wp-json\/wp\/v2\/product_cat?post=7832"},{"taxonomy":"product_tag","embeddable":true,"href":"https:\/\/www.teehaus-janssen.de\/shop\/wp-json\/wp\/v2\/product_tag?post=7832"}],"curies":[{"name":"wp","href":"https:\/\/api.w.org\/{rel}","templated":true}]}}