{"id":7824,"date":"2019-02-11T17:24:56","date_gmt":"2019-02-11T16:24:56","guid":{"rendered":"https:\/\/www.teehaus-janssen.de\/product\/4588-janssens-morgenkraeuter\/"},"modified":"2025-09-30T09:54:57","modified_gmt":"2025-09-30T07:54:57","slug":"4588-janssens-morgenkraeuter","status":"publish","type":"product","link":"https:\/\/www.teehaus-janssen.de\/shop\/produkt\/4588-janssens-morgenkraeuter\/","title":{"rendered":"4588 &#8211; JANSSENS MORGENKR\u00c4UTER"},"content":{"rendered":"<p style=\"font-size: 11px;font-family: 'Lucida Sans Unicode', 'Lucida Sans', Verdana, Helvetica\"><span style=\"font-size: 11px;font-family: arial, verdana, helvetica\"><span style=\"font-size: 14px\"><strong style=\"font-size: 14px\">Herkunft: <\/strong>erntefrische TEEhaus-Mischung.<\/span><\/span><\/p>\n<p style=\"font-size: 11px;font-family: 'Lucida Sans Unicode', 'Lucida Sans', Verdana, Helvetica\"><span style=\"font-size: 11px;font-family: arial, verdana, helvetica\"><span style=\"font-size: 14px\"><strong style=\"font-size: 14px\">Zutaten:\u00a0<\/strong>Apfel*, Hibiskus*, Hagebutte*, Rosenbl\u00fcte, Wei\u00dfer Tee*, Himbeerbl\u00e4tter*, Passionsblume*, Lavendel*, Hopfenbl\u00fcten*, Orangenst.*, Melisse*.( *=aus kontrolliert biologischem Anbau)<\/span><\/span><\/p>\n<p>Landwirtschaftlicher Bioanteil 88,5%<\/p>\n<p>DE-\u00d6K\u00d6-006<\/p>\n<p><strong>Eine Kr\u00e4uterkomposition, die durch die Erg\u00e4nzung mit Wei\u00dfem Tee mild belebend wirkt und fein s\u00e4uerlich-herb schmeckt.<\/strong><\/p>\n<p>&nbsp;<\/p>\n","protected":false},"excerpt":{"rendered":"<p style=\"font-size: 11px;font-family: 'Lucida Sans Unicode', 'Lucida Sans', Verdana, Helvetica\"><span style=\"font-size: 11px;font-family: arial, verdana, helvetica\"><span style=\"font-size: 14px\"><strong style=\"font-size: 14px\">Herkunft: <\/strong>erntefrische TEEhaus-Mischung.<\/span><\/span><\/p>\n<p style=\"font-size: 11px;font-family: 'Lucida Sans Unicode', 'Lucida Sans', Verdana, Helvetica\"><span style=\"font-size: 11px;font-family: arial, verdana, helvetica\"><span style=\"font-size: 14px\"><strong style=\"font-size: 14px\">Zutaten:\u00a0<\/strong>Apfel*, Hibiskus*, Hagebutte*, Rosenbl\u00fcte, Wei\u00dfer Tee*, Himbeerbl\u00e4tter*, Passionsblume*, Lavendel*, Hopfenbl\u00fcten*, Orangenst.*, Melisse*.( *=aus kontrolliert biologischem Anbau)<\/span><\/span><\/p>\n<p>Landwirtschaftlicher Bioanteil 88,5%<\/p>\n<p>DE-\u00d6K\u00d6-006<\/p>\n<p><strong>Eine Kr\u00e4uterkomposition, die durch die Erg\u00e4nzung mit Wei\u00dfem Tee mild belebend wirkt und fein s\u00e4uerlich-herb schmeckt.<\/strong><\/p>\n<p>&nbsp;<\/p>\n","protected":false},"featured_media":7825,"template":"","meta":{"_acf_changed":false},"product_brand":[],"product_cat":[326],"product_tag":[],"class_list":{"0":"post-7824","1":"product","2":"type-product","3":"status-publish","4":"has-post-thumbnail","6":"product_cat-4580-4596-kraeutertee-mischungen","7":"pa_menge-50-g","8":"pa_menge-100-g","9":"pa_menge-125-g","10":"pa_menge-250-g","11":"pa_menge-500-g","12":"pa_menge-1-kg","14":"first","15":"instock","16":"taxable","17":"shipping-taxable","18":"purchasable","19":"product-type-variable","20":"has-default-attributes"},"acf":[],"_links":{"self":[{"href":"https:\/\/www.teehaus-janssen.de\/shop\/wp-json\/wp\/v2\/product\/7824","targetHints":{"allow":["GET"]}}],"collection":[{"href":"https:\/\/www.teehaus-janssen.de\/shop\/wp-json\/wp\/v2\/product"}],"about":[{"href":"https:\/\/www.teehaus-janssen.de\/shop\/wp-json\/wp\/v2\/types\/product"}],"wp:featuredmedia":[{"embeddable":true,"href":"https:\/\/www.teehaus-janssen.de\/shop\/wp-json\/wp\/v2\/media\/7825"}],"wp:attachment":[{"href":"https:\/\/www.teehaus-janssen.de\/shop\/wp-json\/wp\/v2\/media?parent=7824"}],"wp:term":[{"taxonomy":"product_brand","embeddable":true,"href":"https:\/\/www.teehaus-janssen.de\/shop\/wp-json\/wp\/v2\/product_brand?post=7824"},{"taxonomy":"product_cat","embeddable":true,"href":"https:\/\/www.teehaus-janssen.de\/shop\/wp-json\/wp\/v2\/product_cat?post=7824"},{"taxonomy":"product_tag","embeddable":true,"href":"https:\/\/www.teehaus-janssen.de\/shop\/wp-json\/wp\/v2\/product_tag?post=7824"}],"curies":[{"name":"wp","href":"https:\/\/api.w.org\/{rel}","templated":true}]}}