{"id":7816,"date":"2019-02-11T17:24:56","date_gmt":"2019-02-11T16:24:56","guid":{"rendered":"https:\/\/www.teehaus-janssen.de\/product\/4585-janssens-kuestenkraeuter\/"},"modified":"2025-09-30T09:54:57","modified_gmt":"2025-09-30T07:54:57","slug":"4585-janssens-kuestenkraeuter","status":"publish","type":"product","link":"https:\/\/www.teehaus-janssen.de\/shop\/produkt\/4585-janssens-kuestenkraeuter\/","title":{"rendered":"4585 &#8211; JANSSENS &#8211; K\u00dcSTENKR\u00c4UTER"},"content":{"rendered":"<p style=\"font-size: 11px;font-family: 'Lucida Sans Unicode', 'Lucida Sans', Verdana, Helvetica\"><span style=\"font-size: 11px;font-family: arial, verdana, helvetica\"><span style=\"font-size: 14px\"><strong style=\"font-size: 14px\">Herkunft: <\/strong>erntefrische TEEhaus-Mischung.<\/span><\/span><\/p>\n<p style=\"font-size: 11px;font-family: 'Lucida Sans Unicode', 'Lucida Sans', Verdana, Helvetica\"><span style=\"font-size: 11px;font-family: arial, verdana, helvetica\"><span style=\"font-size: 14px\"><strong style=\"font-size: 14px\">Zutaten: <\/strong><\/span><\/span><span style=\"font-size: 11px;font-family: arial, verdana, helvetica\"><span style=\"font-size: 14px\">Melisse,<\/span><\/span><span style=\"font-size: 11px;font-family: arial, verdana, helvetica\"><span style=\"font-size: 14px\"> Honeybush, Himbeerbl\u00e4tter, Rosenknospen, Passionsblume, Zitronenverbene, nat\u00fcrliches Aroma.<\/span><\/span><\/p>\n<p><b>Unsere beliebte blumig-kr\u00e4utrige Komposition mit leicht s\u00fc\u00dfem Geschmack. Diese Auswahl hochwertiger Kr\u00e4uter ist ein besonderer Begleiter\u00a0f\u00fcr den Tag und die entspannenden Abendstunden. Lassen Sie sich \u00fcberraschen von der Kombination aus den zarten Rosenbl\u00fcten, der beliebten Zitronenverbene, dem leicht s\u00fc\u00dflich schmeckenden Honeybush und den weiteren edlen Kr\u00e4utern dieser Mischung.<\/b><\/p>\n<p class=\"line-height-75 cke-line-height\" style=\"font-size: 11px;font-family: 'Lucida Sans Unicode', 'Lucida Sans', Verdana, Helvetica\">\n","protected":false},"excerpt":{"rendered":"<p style=\"font-size: 11px;font-family: 'Lucida Sans Unicode', 'Lucida Sans', Verdana, Helvetica\"><span style=\"font-size: 11px;font-family: arial, verdana, helvetica\"><span style=\"font-size: 14px\"><strong style=\"font-size: 14px\">Herkunft: <\/strong>erntefrische TEEhaus-Mischung.<\/span><\/span><\/p>\n<p style=\"font-size: 11px;font-family: 'Lucida Sans Unicode', 'Lucida Sans', Verdana, Helvetica\"><span style=\"font-size: 11px;font-family: arial, verdana, helvetica\"><span style=\"font-size: 14px\"><strong style=\"font-size: 14px\">Zutaten: <\/strong><\/span><\/span><span style=\"font-size: 11px;font-family: arial, verdana, helvetica\"><span style=\"font-size: 14px\">Melisse,<\/span><\/span><span style=\"font-size: 11px;font-family: arial, verdana, helvetica\"><span style=\"font-size: 14px\"> Honeybush, Himbeerbl\u00e4tter, Rosenknospen, Passionsblume, Zitronenverbene, nat\u00fcrliches Aroma.<\/span><\/span><\/p>\n<p><b>Unsere beliebte blumig-kr\u00e4utrige Komposition mit leicht s\u00fc\u00dfem Geschmack. Diese Auswahl hochwertiger Kr\u00e4uter ist ein besonderer Begleiter\u00a0f\u00fcr den Tag und die entspannenden Abendstunden. Lassen Sie sich \u00fcberraschen von der Kombination aus den zarten Rosenbl\u00fcten, der beliebten Zitronenverbene, dem leicht s\u00fc\u00dflich schmeckenden Honeybush und den weiteren edlen Kr\u00e4utern dieser Mischung.<\/b><\/p>\n","protected":false},"featured_media":7817,"template":"","meta":{"_acf_changed":false},"product_brand":[],"product_cat":[326],"product_tag":[330,329,342,331,341],"class_list":{"0":"post-7816","1":"product","2":"type-product","3":"status-publish","4":"has-post-thumbnail","6":"product_cat-4580-4596-kraeutertee-mischungen","7":"product_tag-bio-kraeutertee","8":"product_tag-bio-tee","9":"product_tag-biotee","10":"product_tag-kraeutertee","11":"product_tag-tee-mit-rosen","12":"pa_menge-50-g","13":"pa_menge-100-g","14":"pa_menge-125-g","15":"pa_menge-250-g","16":"pa_menge-500-g","17":"pa_menge-1-kg","19":"first","20":"instock","21":"taxable","22":"shipping-taxable","23":"purchasable","24":"product-type-variable","25":"has-default-attributes"},"acf":[],"_links":{"self":[{"href":"https:\/\/www.teehaus-janssen.de\/shop\/wp-json\/wp\/v2\/product\/7816","targetHints":{"allow":["GET"]}}],"collection":[{"href":"https:\/\/www.teehaus-janssen.de\/shop\/wp-json\/wp\/v2\/product"}],"about":[{"href":"https:\/\/www.teehaus-janssen.de\/shop\/wp-json\/wp\/v2\/types\/product"}],"wp:featuredmedia":[{"embeddable":true,"href":"https:\/\/www.teehaus-janssen.de\/shop\/wp-json\/wp\/v2\/media\/7817"}],"wp:attachment":[{"href":"https:\/\/www.teehaus-janssen.de\/shop\/wp-json\/wp\/v2\/media?parent=7816"}],"wp:term":[{"taxonomy":"product_brand","embeddable":true,"href":"https:\/\/www.teehaus-janssen.de\/shop\/wp-json\/wp\/v2\/product_brand?post=7816"},{"taxonomy":"product_cat","embeddable":true,"href":"https:\/\/www.teehaus-janssen.de\/shop\/wp-json\/wp\/v2\/product_cat?post=7816"},{"taxonomy":"product_tag","embeddable":true,"href":"https:\/\/www.teehaus-janssen.de\/shop\/wp-json\/wp\/v2\/product_tag?post=7816"}],"curies":[{"name":"wp","href":"https:\/\/api.w.org\/{rel}","templated":true}]}}