{"id":7703,"date":"2018-12-31T00:00:00","date_gmt":"2018-12-30T23:00:00","guid":{"rendered":"https:\/\/www.teehaus-janssen.de\/product\/4112-sylter-liebe-janssens-rooibos-tee-gruen\/"},"modified":"2026-04-02T09:20:47","modified_gmt":"2026-04-02T07:20:47","slug":"4112-sylter-liebe-janssens-rooibos-tee-gruen","status":"publish","type":"product","link":"https:\/\/www.teehaus-janssen.de\/shop\/produkt\/4112-sylter-liebe-janssens-rooibos-tee-gruen\/","title":{"rendered":"4112 &#8211; SYLTER LIEBE &#8211; JANSSENS ROOIBOS-TEE GR\u00dcN"},"content":{"rendered":"<p style=\"font-size: 11px;font-family: 'Lucida Sans Unicode', 'Lucida Sans', Verdana, Helvetica\"><span style=\"font-size: 11px;font-family: arial, verdana, helvetica\"><span style=\"font-size: 14px\"><strong style=\"font-size: 14px\">Herkunft: <\/strong>erntefrische TEEhaus-Mischung.<\/span><\/span><\/p>\n<p style=\"font-size: 11px;font-family: 'Lucida Sans Unicode', 'Lucida Sans', Verdana, Helvetica\"><span style=\"font-size: 11px;font-family: arial, verdana, helvetica\"><span style=\"font-size: 14px\"><strong style=\"font-size: 14px\">Zutaten: <\/strong>Premium Rooibos-Tee Gr\u00fcn long cut, Rosenbl\u00fcten, Gew\u00fcrze, Kornblumen-\/Malvenbl\u00fcten, nat\u00fcrliche Aromen.<\/span><\/span><\/p>\n<p><strong>Die Sylter Liebe ist seit vielen Jahren einer der beliebtesten Tees in unserem Hause. Geheimnisvoll w\u00fcrzig, fruchtig-s\u00fc\u00df, ist die Sylter Liebe mit ihrem gr\u00fcnen Rooibostee als Basis ein wohlschmeckender Begleiter durch den Tag. Gr\u00fcner Rooibostee ist unfermentiert und koffeinfrei. Er schmeckt etwas milder als der rote, fermentierte Rooibostee.<\/strong><\/p>\n<p>&nbsp;<\/p>\n<p style=\"font-size: 11px;font-family: 'Lucida Sans Unicode', 'Lucida Sans', Verdana, Helvetica\"><span style=\"font-size: 11px;font-family: arial, verdana, helvetica\"><span style=\"font-size: 14px\">. <\/span><\/span><\/p>\n","protected":false},"excerpt":{"rendered":"<p style=\"font-size: 11px;font-family: 'Lucida Sans Unicode', 'Lucida Sans', Verdana, Helvetica\"><span style=\"font-size: 11px;font-family: arial, verdana, helvetica\"><span style=\"font-size: 14px\"><strong style=\"font-size: 14px\">Herkunft: <\/strong>erntefrische TEEhaus-Mischung.<\/span><\/span><\/p>\n<p style=\"font-size: 11px;font-family: 'Lucida Sans Unicode', 'Lucida Sans', Verdana, Helvetica\"><span style=\"font-size: 11px;font-family: arial, verdana, helvetica\"><span style=\"font-size: 14px\"><strong style=\"font-size: 14px\">Zutaten: <\/strong>Premium Rooibos-Tee Gr\u00fcn long cut, Rosenbl\u00fcten, Gew\u00fcrze, Kornblumen-\/Malvenbl\u00fcten, nat\u00fcrliche Aromen.<\/span><\/span><\/p>\n<p><strong>Die Sylter Liebe ist seit vielen Jahren einer der beliebtesten Tees in unserem Hause. Geheimnisvoll w\u00fcrzig, fruchtig-s\u00fc\u00df, ist die Sylter Liebe mit ihrem gr\u00fcnen Rooibostee als Basis ein wohlschmeckender Begleiter durch den Tag. Gr\u00fcner Rooibostee ist unfermentiert und koffeinfrei. Er schmeckt etwas milder als der rote, fermentierte Rooibostee.<\/strong><\/p>\n","protected":false},"featured_media":7704,"template":"","meta":{"_acf_changed":false},"product_brand":[324],"product_cat":[480,319],"product_tag":[],"class_list":{"0":"post-7703","1":"product","2":"type-product","3":"status-publish","4":"has-post-thumbnail","6":"product_brand-324","7":"product_cat-unsere-highlights","8":"product_cat-4100-4124-rooibos-kraeutertee","9":"pa_menge-50-g","10":"pa_menge-100-g","11":"pa_menge-125-g","12":"pa_menge-250-g","13":"pa_menge-500-g","14":"pa_menge-1-kg","16":"first","17":"instock","18":"featured","19":"taxable","20":"shipping-taxable","21":"purchasable","22":"product-type-variable"},"acf":[],"_links":{"self":[{"href":"https:\/\/www.teehaus-janssen.de\/shop\/wp-json\/wp\/v2\/product\/7703","targetHints":{"allow":["GET"]}}],"collection":[{"href":"https:\/\/www.teehaus-janssen.de\/shop\/wp-json\/wp\/v2\/product"}],"about":[{"href":"https:\/\/www.teehaus-janssen.de\/shop\/wp-json\/wp\/v2\/types\/product"}],"wp:featuredmedia":[{"embeddable":true,"href":"https:\/\/www.teehaus-janssen.de\/shop\/wp-json\/wp\/v2\/media\/7704"}],"wp:attachment":[{"href":"https:\/\/www.teehaus-janssen.de\/shop\/wp-json\/wp\/v2\/media?parent=7703"}],"wp:term":[{"taxonomy":"product_brand","embeddable":true,"href":"https:\/\/www.teehaus-janssen.de\/shop\/wp-json\/wp\/v2\/product_brand?post=7703"},{"taxonomy":"product_cat","embeddable":true,"href":"https:\/\/www.teehaus-janssen.de\/shop\/wp-json\/wp\/v2\/product_cat?post=7703"},{"taxonomy":"product_tag","embeddable":true,"href":"https:\/\/www.teehaus-janssen.de\/shop\/wp-json\/wp\/v2\/product_tag?post=7703"}],"curies":[{"name":"wp","href":"https:\/\/api.w.org\/{rel}","templated":true}]}}