{"id":7654,"date":"2019-02-11T17:24:51","date_gmt":"2019-02-11T16:24:51","guid":{"rendered":"https:\/\/www.teehaus-janssen.de\/product\/4106-rooibos-tee-rot-erdbeer-orange\/"},"modified":"2025-09-30T09:50:35","modified_gmt":"2025-09-30T07:50:35","slug":"4106-rooibos-tee-rot-erdbeer-orange","status":"publish","type":"product","link":"https:\/\/www.teehaus-janssen.de\/shop\/produkt\/4106-rooibos-tee-rot-erdbeer-orange\/","title":{"rendered":"4106 &#8211;  ROOIBOS-TEE ROT &#8211; ERDBEER-ORANGE"},"content":{"rendered":"<p style=\"font-size: 11px; font-family: 'Lucida Sans Unicode', 'Lucida Sans', Verdana, Helvetica;\"><span style=\"font-size: 11px; font-family: arial, verdana, helvetica;\"><span style=\"font-size: 14px;\"><strong style=\"font-size: 14px;\">Herkunft: <\/strong>erntefrische TEEhaus-Mischung.<\/span><\/span><\/p>\n<p style=\"font-size: 11px; font-family: 'Lucida Sans Unicode', 'Lucida Sans', Verdana, Helvetica;\"><span style=\"font-size: 11px; font-family: arial, verdana, helvetica;\"><span style=\"font-size: 14px;\"><strong style=\"font-size: 14px;\">Zutaten:\u00a0<\/strong>Rooibos-Tee Rot, Erdbeeren 3 %, Orangenst\u00fccke 3 %, nat\u00fcrliches Fr\u00fcchtearoma.<br \/>\n<\/span><\/span><\/p>\n","protected":false},"excerpt":{"rendered":"<p style=\"font-size: 11px; font-family: 'Lucida Sans Unicode', 'Lucida Sans', Verdana, Helvetica;\"><span style=\"font-size: 11px; font-family: arial, verdana, helvetica;\"><span style=\"font-size: 14px;\"><strong style=\"font-size: 14px;\">Herkunft: <\/strong>erntefrische TEEhaus-Mischung.<\/span><\/span><\/p>\n<p style=\"font-size: 11px; font-family: 'Lucida Sans Unicode', 'Lucida Sans', Verdana, Helvetica;\"><span style=\"font-size: 11px; font-family: arial, verdana, helvetica;\"><span style=\"font-size: 14px;\"><strong style=\"font-size: 14px;\">Zutaten:\u00a0<\/strong>Rooibos-Tee Rot, Erdbeeren 3 %, Orangenst\u00fccke 3 %, nat\u00fcrliches Fr\u00fcchtearoma.<\/span><\/span><\/p>\n<p>&nbsp;<\/p>\n","protected":false},"featured_media":7655,"template":"","meta":{"_acf_changed":false},"product_brand":[],"product_cat":[319],"product_tag":[],"class_list":{"0":"post-7654","1":"product","2":"type-product","3":"status-publish","4":"has-post-thumbnail","6":"product_cat-4100-4124-rooibos-kraeutertee","7":"pa_menge-50-g","8":"pa_menge-100-g","9":"pa_menge-125-g","10":"pa_menge-250-g","11":"pa_menge-500-g","12":"pa_menge-1-kg","14":"first","15":"instock","16":"taxable","17":"shipping-taxable","18":"purchasable","19":"product-type-variable","20":"has-default-attributes"},"acf":[],"_links":{"self":[{"href":"https:\/\/www.teehaus-janssen.de\/shop\/wp-json\/wp\/v2\/product\/7654","targetHints":{"allow":["GET"]}}],"collection":[{"href":"https:\/\/www.teehaus-janssen.de\/shop\/wp-json\/wp\/v2\/product"}],"about":[{"href":"https:\/\/www.teehaus-janssen.de\/shop\/wp-json\/wp\/v2\/types\/product"}],"wp:featuredmedia":[{"embeddable":true,"href":"https:\/\/www.teehaus-janssen.de\/shop\/wp-json\/wp\/v2\/media\/7655"}],"wp:attachment":[{"href":"https:\/\/www.teehaus-janssen.de\/shop\/wp-json\/wp\/v2\/media?parent=7654"}],"wp:term":[{"taxonomy":"product_brand","embeddable":true,"href":"https:\/\/www.teehaus-janssen.de\/shop\/wp-json\/wp\/v2\/product_brand?post=7654"},{"taxonomy":"product_cat","embeddable":true,"href":"https:\/\/www.teehaus-janssen.de\/shop\/wp-json\/wp\/v2\/product_cat?post=7654"},{"taxonomy":"product_tag","embeddable":true,"href":"https:\/\/www.teehaus-janssen.de\/shop\/wp-json\/wp\/v2\/product_tag?post=7654"}],"curies":[{"name":"wp","href":"https:\/\/api.w.org\/{rel}","templated":true}]}}