{"id":7614,"date":"2019-02-11T17:24:49","date_gmt":"2019-02-11T16:24:49","guid":{"rendered":"https:\/\/www.teehaus-janssen.de\/product\/4101-bio-rooibos-tee-gruen-superior\/"},"modified":"2025-09-30T09:49:27","modified_gmt":"2025-09-30T07:49:27","slug":"4101-bio-rooibos-tee-gruen-superior","status":"publish","type":"product","link":"https:\/\/www.teehaus-janssen.de\/shop\/produkt\/4101-bio-rooibos-tee-gruen-superior\/","title":{"rendered":"4101 &#8211; BIO ROOIBOS-TEE GR\u00dcN &#8211; SUPERIOR"},"content":{"rendered":"<p style=\"font-size: 11px;font-family: 'Lucida Sans Unicode', 'Lucida Sans', Verdana, Helvetica\"><strong style=\"font-size: 14px;font-family: arial, verdana, helvetica\">Herkunft:\u00a0<\/strong><span style=\"font-family: arial, verdana, helvetica;font-size: 14px\">S\u00fcdafrika\/Zedargebirge.<\/span><\/p>\n<p style=\"font-size: 11px;font-family: 'Lucida Sans Unicode', 'Lucida Sans', Verdana, Helvetica\"><strong style=\"font-size: 14px\">Erl\u00e4uterung: <\/strong><span style=\"font-size: 14px\">Bio Rooibos-Tee Gr\u00fcn, unfermentiert. Nationalgetr\u00e4nk aller Zulu-V\u00f6lker S\u00fcdafrikas.<br \/>\n<\/span><\/p>\n<p class=\"line-height-75 cke-line-height\" style=\"font-size: 11px;font-family: 'Lucida Sans Unicode', 'Lucida Sans', Verdana, Helvetica\"><img decoding=\"async\" class=\"alignnone size-large wp-image-34478\" src=\"https:\/\/www.teehaus-janssen.de\/shop\/wp-content\/uploads\/2025\/02\/Nicht-EU.png\" alt=\"\" \/><\/p>\n","protected":false},"excerpt":{"rendered":"<p><strong>Herkunft:\u00a0<\/strong>S\u00fcdafrika\/Zedargebirge.<\/p>\n<p><strong>Erl\u00e4uterung: <\/strong>Bio Rooibos-Tee Gr\u00fcn, unfermentiert. Nationalgetr\u00e4nk aller Zulu-V\u00f6lker S\u00fcdafrikas.<\/p>\n<p class=\"line-height-75 cke-line-height\"><img decoding=\"async\" class=\"alignnone size-large wp-image-34478\" src=\"https:\/\/www.teehaus-janssen.de\/shop\/wp-content\/uploads\/2019\/02\/Nicht-EU-700x700.png\" alt=\"\" \/><\/p>\n","protected":false},"featured_media":7615,"template":"","meta":{"_acf_changed":false},"product_brand":[],"product_cat":[319],"product_tag":[],"class_list":{"0":"post-7614","1":"product","2":"type-product","3":"status-publish","4":"has-post-thumbnail","6":"product_cat-4100-4124-rooibos-kraeutertee","7":"pa_menge-50-g","8":"pa_menge-100-g","9":"pa_menge-125-g","10":"pa_menge-250-g","11":"pa_menge-500-g","12":"pa_menge-1-kg","14":"first","15":"instock","16":"taxable","17":"shipping-taxable","18":"purchasable","19":"product-type-variable","20":"has-default-attributes"},"acf":[],"_links":{"self":[{"href":"https:\/\/www.teehaus-janssen.de\/shop\/wp-json\/wp\/v2\/product\/7614","targetHints":{"allow":["GET"]}}],"collection":[{"href":"https:\/\/www.teehaus-janssen.de\/shop\/wp-json\/wp\/v2\/product"}],"about":[{"href":"https:\/\/www.teehaus-janssen.de\/shop\/wp-json\/wp\/v2\/types\/product"}],"wp:featuredmedia":[{"embeddable":true,"href":"https:\/\/www.teehaus-janssen.de\/shop\/wp-json\/wp\/v2\/media\/7615"}],"wp:attachment":[{"href":"https:\/\/www.teehaus-janssen.de\/shop\/wp-json\/wp\/v2\/media?parent=7614"}],"wp:term":[{"taxonomy":"product_brand","embeddable":true,"href":"https:\/\/www.teehaus-janssen.de\/shop\/wp-json\/wp\/v2\/product_brand?post=7614"},{"taxonomy":"product_cat","embeddable":true,"href":"https:\/\/www.teehaus-janssen.de\/shop\/wp-json\/wp\/v2\/product_cat?post=7614"},{"taxonomy":"product_tag","embeddable":true,"href":"https:\/\/www.teehaus-janssen.de\/shop\/wp-json\/wp\/v2\/product_tag?post=7614"}],"curies":[{"name":"wp","href":"https:\/\/api.w.org\/{rel}","templated":true}]}}