{"id":7597,"date":"2019-02-11T17:24:48","date_gmt":"2019-02-11T16:24:48","guid":{"rendered":"https:\/\/www.teehaus-janssen.de\/product\/4012-janssens-sylter-sonne\/"},"modified":"2026-04-02T09:19:45","modified_gmt":"2026-04-02T07:19:45","slug":"4012-janssens-sylter-sonne","status":"publish","type":"product","link":"https:\/\/www.teehaus-janssen.de\/shop\/produkt\/4012-janssens-sylter-sonne\/","title":{"rendered":"4012 &#8211; JANSSENS SYLTER SONNE"},"content":{"rendered":"<p style=\"font-size: 14px;font-family: Arial, Verdana, Helvetica\"><span style=\"font-size: 14px\"><span style=\"font-size: 14px;font-family: arial, verdana, helvetica\"><strong style=\"font-size: 14px\">Herkunft:<\/strong> erntefrische TEEhaus-Kr\u00e4utermischung.<\/span><\/span><\/p>\n<p style=\"font-size: 14px;font-family: Arial, Verdana, Helvetica\"><span style=\"font-size: 14px\"><span style=\"font-size: 14px;font-family: arial, verdana, helvetica\"><strong style=\"font-size: 14px\">Zutaten:\u00a0<\/strong><\/span><\/span><span style=\"font-size: 14px;font-family: Arial, Verdana, Helvetica\">Honeybush, Gr\u00fcnhafertee, Sonnenblumenbl\u00fctenbl\u00e4tter, Holunderbl\u00fcten, nat\u00fcrliches Aroma.\u00a0<\/span><\/p>\n<p style=\"font-size: 14px;font-family: Arial, Verdana, Helvetica\"><strong style=\"font-size: 14px\">S\u00fc\u00dflich mild, fruchtig-duftig.<\/strong><\/p>\n<p class=\"line-height-75 cke-line-height\" style=\"font-size: 14px;font-family: Arial, Verdana, Helvetica\">\n","protected":false},"excerpt":{"rendered":"<p style=\"font-size: 14px;font-family: Arial, Verdana, Helvetica\"><span style=\"font-size: 14px\"><span style=\"font-size: 14px;font-family: arial, verdana, helvetica\"><strong style=\"font-size: 14px\">Herkunft:<\/strong> erntefrische TEEhaus-Kr\u00e4utermischung.<\/span><\/span><\/p>\n<p style=\"font-size: 14px;font-family: Arial, Verdana, Helvetica\"><span style=\"font-size: 14px\"><span style=\"font-size: 14px;font-family: arial, verdana, helvetica\"><strong style=\"font-size: 14px\">Zutaten:\u00a0<\/strong><\/span><\/span><span style=\"font-size: 14px;font-family: Arial, Verdana, Helvetica\">Honeybush, Gr\u00fcnhafertee , Sonnenblumenbl\u00fctenbl\u00e4tter, Holunderbl\u00fcten, nat\u00fcrliches Aroma.\u00a0<\/span><\/p>\n<p style=\"font-size: 14px;font-family: Arial, Verdana, Helvetica\"><strong style=\"font-size: 14px\">S\u00fc\u00dflich mild, fruchtig-duftig.<\/strong><\/p>\n<p style=\"font-size: 14px;font-family: Arial, Verdana, Helvetica\">\n","protected":false},"featured_media":7598,"template":"","meta":{"_acf_changed":false},"product_brand":[311],"product_cat":[480,280],"product_tag":[281],"class_list":{"0":"post-7597","1":"product","2":"type-product","3":"status-publish","4":"has-post-thumbnail","6":"product_brand-nl2","7":"product_cat-unsere-highlights","8":"product_cat-4000-4012-wellness-wohlfuehl-mischungen","9":"product_tag-newsletter","10":"pa_menge-50-g","11":"pa_menge-100-g","12":"pa_menge-125-g","13":"pa_menge-250-g","14":"pa_menge-500-g","15":"pa_menge-1-kg","17":"first","18":"instock","19":"featured","20":"taxable","21":"shipping-taxable","22":"purchasable","23":"product-type-variable","24":"has-default-attributes"},"acf":[],"_links":{"self":[{"href":"https:\/\/www.teehaus-janssen.de\/shop\/wp-json\/wp\/v2\/product\/7597","targetHints":{"allow":["GET"]}}],"collection":[{"href":"https:\/\/www.teehaus-janssen.de\/shop\/wp-json\/wp\/v2\/product"}],"about":[{"href":"https:\/\/www.teehaus-janssen.de\/shop\/wp-json\/wp\/v2\/types\/product"}],"wp:featuredmedia":[{"embeddable":true,"href":"https:\/\/www.teehaus-janssen.de\/shop\/wp-json\/wp\/v2\/media\/7598"}],"wp:attachment":[{"href":"https:\/\/www.teehaus-janssen.de\/shop\/wp-json\/wp\/v2\/media?parent=7597"}],"wp:term":[{"taxonomy":"product_brand","embeddable":true,"href":"https:\/\/www.teehaus-janssen.de\/shop\/wp-json\/wp\/v2\/product_brand?post=7597"},{"taxonomy":"product_cat","embeddable":true,"href":"https:\/\/www.teehaus-janssen.de\/shop\/wp-json\/wp\/v2\/product_cat?post=7597"},{"taxonomy":"product_tag","embeddable":true,"href":"https:\/\/www.teehaus-janssen.de\/shop\/wp-json\/wp\/v2\/product_tag?post=7597"}],"curies":[{"name":"wp","href":"https:\/\/api.w.org\/{rel}","templated":true}]}}