{"id":7581,"date":"2019-02-11T17:24:48","date_gmt":"2019-02-11T16:24:48","guid":{"rendered":"https:\/\/www.teehaus-janssen.de\/product\/4010-primaklima-bl-ten-kr-utertee\/"},"modified":"2025-09-30T09:48:50","modified_gmt":"2025-09-30T07:48:50","slug":"4010-primaklima-bl-ten-kr-utertee","status":"publish","type":"product","link":"https:\/\/www.teehaus-janssen.de\/shop\/produkt\/4010-primaklima-bl-ten-kr-utertee\/","title":{"rendered":"4010 &#8211; PRIMAKLIMA \u00ae  BL\u00dcTEN-KR\u00c4UTERTEE"},"content":{"rendered":"<p style=\"font-size: 11px;font-family: 'Lucida Sans Unicode', 'Lucida Sans', Verdana, Helvetica;line-height: 14.3px\"><span style=\"font-size: 14px\"><span style=\"font-size: 14px;font-family: arial, verdana, helvetica\"><strong style=\"font-size: 14px\">Herkunft:<\/strong> erntefrische TEEhaus-Mischung.<\/span><\/span><\/p>\n<p style=\"font-size: 11px;font-family: 'Lucida Sans Unicode', 'Lucida Sans', Verdana, Helvetica;line-height: 14.3px\"><span style=\"font-size: 14px\"><span style=\"font-size: 14px;font-family: arial, verdana, helvetica\"><b style=\"font-family: inherit;line-height: 1.3\">Zutaten:\u00a0<\/b><span style=\"font-size: 14px;line-height: 1.3\">Cimicifugawurzel, Frauenmantel*, Melisse*, Honeybush*, Himbeerbl\u00e4tter*, Rosenbl\u00fcten, Passionsblume*, Wei\u00dfdornbl\u00fcten* und -bl\u00e4tter*, Zitronenverbene (*=aus kontrolliert Biologischem Anbau)<\/span><\/span><\/span><\/p>\n<p>Landwirtschaftlicher Bioanteil 52,7%<\/p>\n<p>DE-\u00d6K\u00d6-006<\/p>\n<p style=\"font-size: 11px;font-family: 'Lucida Sans Unicode', 'Lucida Sans', Verdana, Helvetica;line-height: 14.3px\"><span style=\"font-size: 11px;font-family: arial, verdana, helvetica\"><b style=\"font-size: 14px;font-family: inherit;line-height: 14.3px\"><span style=\"font-size: 14px\">Eine Kr\u00e4uterkomposition von Dr. med. Michaela Nabjinsky, Frauen\u00e4rztin auf Sylt.<\/span><\/b><\/span><\/p>\n<p class=\"line-height-75 cke-line-height\" style=\"font-size: 11px;font-family: 'Lucida Sans Unicode', 'Lucida Sans', Verdana, Helvetica\">\n","protected":false},"excerpt":{"rendered":"<p style=\"font-size: 11px;font-family: 'Lucida Sans Unicode', 'Lucida Sans', Verdana, Helvetica;line-height: 14.3px\"><span style=\"font-size: 14px\"><span style=\"font-size: 14px;font-family: arial, verdana, helvetica\"><strong style=\"font-size: 14px\">Herkunft:<\/strong> erntefrische TEEhaus-Mischung.<\/span><\/span><\/p>\n<p style=\"font-size: 11px;font-family: 'Lucida Sans Unicode', 'Lucida Sans', Verdana, Helvetica;line-height: 14.3px\"><span style=\"font-size: 14px\"><span style=\"font-size: 14px;font-family: arial, verdana, helvetica\"><b style=\"font-family: inherit;line-height: 1.3\">Zutaten:\u00a0<\/b><span style=\"font-size: 14px;line-height: 1.3\">Cimicifugawurzel, Frauenmantel*, Melisse*, Honeybush*, Himbeerbl\u00e4tter*, Rosenbl\u00fcten, Passionsblume*, Wei\u00dfdornbl\u00fcten* und -bl\u00e4tter*, Zitronenverbene (*=aus kontrolliert Biologischem Anbau)<\/span><\/span><\/span><\/p>\n<p>Landwirtschaftlicher Bioanteil 52,7%<\/p>\n<p>DE-\u00d6K\u00d6-006<\/p>\n<p style=\"font-size: 11px;font-family: 'Lucida Sans Unicode', 'Lucida Sans', Verdana, Helvetica;line-height: 14.3px\"><span style=\"font-size: 11px;font-family: arial, verdana, helvetica\"><b style=\"font-size: 14px;font-family: inherit;line-height: 14.3px\"><span style=\"font-size: 14px\">Eine Kr\u00e4uterkomposition von Dr. med. Michaela Nabjinsky, Frauen\u00e4rztin auf Sylt.<\/span><\/b><\/span><\/p>\n<p class=\"line-height-75 cke-line-height\" style=\"font-size: 11px;font-family: 'Lucida Sans Unicode', 'Lucida Sans', Verdana, Helvetica\">\n","protected":false},"featured_media":7582,"template":"","meta":{"_acf_changed":false},"product_brand":[],"product_cat":[280],"product_tag":[],"class_list":{"0":"post-7581","1":"product","2":"type-product","3":"status-publish","4":"has-post-thumbnail","6":"product_cat-4000-4012-wellness-wohlfuehl-mischungen","7":"pa_menge-50-g","8":"pa_menge-100-g","9":"pa_menge-125-g","10":"pa_menge-250-g","11":"pa_menge-500-g","12":"pa_menge-1-kg","14":"first","15":"instock","16":"taxable","17":"shipping-taxable","18":"purchasable","19":"product-type-variable","20":"has-default-attributes"},"acf":[],"_links":{"self":[{"href":"https:\/\/www.teehaus-janssen.de\/shop\/wp-json\/wp\/v2\/product\/7581","targetHints":{"allow":["GET"]}}],"collection":[{"href":"https:\/\/www.teehaus-janssen.de\/shop\/wp-json\/wp\/v2\/product"}],"about":[{"href":"https:\/\/www.teehaus-janssen.de\/shop\/wp-json\/wp\/v2\/types\/product"}],"wp:featuredmedia":[{"embeddable":true,"href":"https:\/\/www.teehaus-janssen.de\/shop\/wp-json\/wp\/v2\/media\/7582"}],"wp:attachment":[{"href":"https:\/\/www.teehaus-janssen.de\/shop\/wp-json\/wp\/v2\/media?parent=7581"}],"wp:term":[{"taxonomy":"product_brand","embeddable":true,"href":"https:\/\/www.teehaus-janssen.de\/shop\/wp-json\/wp\/v2\/product_brand?post=7581"},{"taxonomy":"product_cat","embeddable":true,"href":"https:\/\/www.teehaus-janssen.de\/shop\/wp-json\/wp\/v2\/product_cat?post=7581"},{"taxonomy":"product_tag","embeddable":true,"href":"https:\/\/www.teehaus-janssen.de\/shop\/wp-json\/wp\/v2\/product_tag?post=7581"}],"curies":[{"name":"wp","href":"https:\/\/api.w.org\/{rel}","templated":true}]}}