{"id":7549,"date":"2019-02-11T17:24:47","date_gmt":"2019-02-11T16:24:47","guid":{"rendered":"https:\/\/www.teehaus-janssen.de\/product\/4006-janssens-sylter-mate-melange\/"},"modified":"2025-09-30T09:47:38","modified_gmt":"2025-09-30T07:47:38","slug":"4006-janssens-sylter-mate-melange","status":"publish","type":"product","link":"https:\/\/www.teehaus-janssen.de\/shop\/produkt\/4006-janssens-sylter-mate-melange\/","title":{"rendered":"4006 -JANSSENS SYLTER MATE MELANGE"},"content":{"rendered":"<p style=\"font-size: 11px;font-family: 'Lucida Sans Unicode', 'Lucida Sans', Verdana, Helvetica\"><span style=\"font-size: 11px;font-family: arial, verdana, helvetica\"><span style=\"font-size: 14px\"><strong style=\"font-size: 14px\">Herkunft: <\/strong>erntefrische TEEhaus-Kr\u00e4utermischung.<\/span><\/span><\/p>\n<p style=\"font-size: 11px;font-family: 'Lucida Sans Unicode', 'Lucida Sans', Verdana, Helvetica\"><span style=\"font-size: 11px;font-family: arial, verdana, helvetica\"><span style=\"font-size: 14px\"><strong style=\"font-size: 14px\">Zutaten:<\/strong>\u00a0<span style=\"font-size: 14px;line-height: 14.3px\">Mate Gr\u00fcn 70 %, Rosenbl\u00fcten, Ingwerwurzel, Zitronenverbene, Algen, nat\u00fcrliches Aroma.\u00a0\u00a0<\/span><\/span><\/span><\/p>\n<p style=\"font-size: 11px;font-family: 'Lucida Sans Unicode', 'Lucida Sans', Verdana, Helvetica\"><span style=\"font-size: 11px;font-family: arial, verdana, helvetica\"><span style=\"font-size: 14px\"><strong style=\"font-size: 14px\"><span style=\"font-size: 14px;line-height: 14.3px\">Herb-mild, belebend, argentinisches Nationalgetr\u00e4nk.<\/span><\/strong><\/span><\/span><\/p>\n<p class=\"line-height-75 cke-line-height\">\n","protected":false},"excerpt":{"rendered":"<p style=\"font-size: 11px;font-family: 'Lucida Sans Unicode', 'Lucida Sans', Verdana, Helvetica\"><span style=\"font-size: 11px;font-family: arial, verdana, helvetica\"><span style=\"font-size: 14px\"><strong style=\"font-size: 14px\">Herkunft: <\/strong>erntefrische TEEhaus-Kr\u00e4utermischung.<\/span><\/span><\/p>\n<p style=\"font-size: 11px;font-family: 'Lucida Sans Unicode', 'Lucida Sans', Verdana, Helvetica\"><span style=\"font-size: 11px;font-family: arial, verdana, helvetica\"><span style=\"font-size: 14px\"><strong style=\"font-size: 14px\">Zutaten:<\/strong>\u00a0<span style=\"font-size: 14px;line-height: 14.3px\">Mate Gr\u00fcn 70 %, Rosenbl\u00fcten, Ingwerwurzel, Zitronenverbene, Algen, nat\u00fcrliches Aroma.\u00a0\u00a0<\/span><\/span><\/span><\/p>\n<p style=\"font-size: 11px;font-family: 'Lucida Sans Unicode', 'Lucida Sans', Verdana, Helvetica\"><span style=\"font-size: 11px;font-family: arial, verdana, helvetica\"><span style=\"font-size: 14px\"><strong style=\"font-size: 14px\"><span style=\"font-size: 14px;line-height: 14.3px\">Herb-mild, belebend, argentinisches Nationalgetr\u00e4nk.<\/span><\/strong><\/span><\/span><\/p>\n","protected":false},"featured_media":7550,"template":"","meta":{"_acf_changed":false},"product_brand":[],"product_cat":[280],"product_tag":[],"class_list":{"0":"post-7549","1":"product","2":"type-product","3":"status-publish","4":"has-post-thumbnail","6":"product_cat-4000-4012-wellness-wohlfuehl-mischungen","7":"pa_menge-50-g","8":"pa_menge-100-g","9":"pa_menge-125-g","10":"pa_menge-250-g","11":"pa_menge-500-g","12":"pa_menge-1-kg","14":"first","15":"instock","16":"taxable","17":"shipping-taxable","18":"purchasable","19":"product-type-variable","20":"has-default-attributes"},"acf":[],"_links":{"self":[{"href":"https:\/\/www.teehaus-janssen.de\/shop\/wp-json\/wp\/v2\/product\/7549","targetHints":{"allow":["GET"]}}],"collection":[{"href":"https:\/\/www.teehaus-janssen.de\/shop\/wp-json\/wp\/v2\/product"}],"about":[{"href":"https:\/\/www.teehaus-janssen.de\/shop\/wp-json\/wp\/v2\/types\/product"}],"wp:featuredmedia":[{"embeddable":true,"href":"https:\/\/www.teehaus-janssen.de\/shop\/wp-json\/wp\/v2\/media\/7550"}],"wp:attachment":[{"href":"https:\/\/www.teehaus-janssen.de\/shop\/wp-json\/wp\/v2\/media?parent=7549"}],"wp:term":[{"taxonomy":"product_brand","embeddable":true,"href":"https:\/\/www.teehaus-janssen.de\/shop\/wp-json\/wp\/v2\/product_brand?post=7549"},{"taxonomy":"product_cat","embeddable":true,"href":"https:\/\/www.teehaus-janssen.de\/shop\/wp-json\/wp\/v2\/product_cat?post=7549"},{"taxonomy":"product_tag","embeddable":true,"href":"https:\/\/www.teehaus-janssen.de\/shop\/wp-json\/wp\/v2\/product_tag?post=7549"}],"curies":[{"name":"wp","href":"https:\/\/api.w.org\/{rel}","templated":true}]}}