{"id":7540,"date":"2019-02-11T17:24:46","date_gmt":"2019-02-11T16:24:46","guid":{"rendered":"https:\/\/www.teehaus-janssen.de\/product\/4005-bio-wellness-kr-uter\/"},"modified":"2026-04-02T08:00:17","modified_gmt":"2026-04-02T06:00:17","slug":"4005-bio-wellness-kr-uter","status":"publish","type":"product","link":"https:\/\/www.teehaus-janssen.de\/shop\/produkt\/4005-bio-wellness-kr-uter\/","title":{"rendered":"4005 &#8211;  BIO WELLNESS-KR\u00c4UTER"},"content":{"rendered":"<p style=\"font-size: 11px;font-family: 'Lucida Sans Unicode', 'Lucida Sans', Verdana, Helvetica;line-height: 14.3px\"><span style=\"font-size: 14px\"><span style=\"font-size: 14px;font-family: arial, verdana, helvetica\"><strong style=\"font-size: 14px\">Herkunft: <\/strong>erntefrische TEEhaus-Kr\u00e4utermischung<\/span><\/span><\/p>\n<p style=\"font-size: 11px;font-family: 'Lucida Sans Unicode', 'Lucida Sans', Verdana, Helvetica;line-height: 14.3px\"><span style=\"font-size: 14px\"><span style=\"font-size: 14px;font-family: arial, verdana, helvetica\"><strong style=\"font-size: 14px\">Zutaten:<\/strong>\u00a0<span style=\"font-size: 14px;line-height: 14.3px\">Apfelst\u00fccke*, Honeybush*, Brennnesselbl\u00e4tter*, Gr\u00fcnhafer*, Lemongras*, Melissenbl\u00e4tter*, Rosenknospen* . (* = aus kbA Bio-Anbau)<\/span><\/span><\/span><\/p>\n<p><strong>Erfrischend-zitroniges Lemongras kombiniert mit erlesenen Kr\u00e4utern. Mild-kr\u00e4utrig zitronig.<\/strong><\/p>\n<p style=\"font-size: 11px;font-family: 'Lucida Sans Unicode', 'Lucida Sans', Verdana, Helvetica;line-height: 14.3px\"><span style=\"font-size: 14px\"><span style=\"font-size: 14px;font-family: arial, verdana, helvetica\"><strong style=\"font-size: 14px\"><span style=\"font-size: 14px;line-height: 14.3px\">Wunderbar mit frischem Ingwer zu verfeinern.<\/span><\/strong><\/span><\/span><\/p>\n<p class=\"line-height-75 cke-line-height\" style=\"font-size: 11px;font-family: 'Lucida Sans Unicode', 'Lucida Sans', Verdana, Helvetica\"><img decoding=\"async\" class=\"alignnone size-full wp-image-2608\" src=\"\/shop\/wp-content\/uploads\/2019\/02\/EU_Organic_Logo.jpg\" alt=\"\" \/><\/p>\n<p>DE-\u00d6KO-006<\/p>\n","protected":false},"excerpt":{"rendered":"<p style=\"font-size: 11px;font-family: 'Lucida Sans Unicode', 'Lucida Sans', Verdana, Helvetica;line-height: 14.3px\"><span style=\"font-size: 14px\"><span style=\"font-size: 14px;font-family: arial, verdana, helvetica\"><strong style=\"font-size: 14px\">Herkunft: <\/strong>erntefrische TEEhaus-Kr\u00e4utermischung<\/span><\/span><\/p>\n<p style=\"font-size: 11px;font-family: 'Lucida Sans Unicode', 'Lucida Sans', Verdana, Helvetica;line-height: 14.3px\"><span style=\"font-size: 14px\"><span style=\"font-size: 14px;font-family: arial, verdana, helvetica\"><strong style=\"font-size: 14px\">Zutaten:<\/strong>\u00a0<span style=\"font-size: 14px;line-height: 14.3px\">Apfelst\u00fccke*, Honeybush*, Brennnesselbl\u00e4tter*, Gr\u00fcnhafer*, Lemongras*, Melissenbl\u00e4tter*, Rosenknospen*. (* = aus kbA Bio-Anbau)<\/span><\/span><\/span><\/p>\n<p><strong>Erfrischend-zitroniges Lemongras kombiniert mit erlesenen Kr\u00e4utern. Mild-kr\u00e4utrig zitronig.<\/strong><\/p>\n<p style=\"font-size: 11px;font-family: 'Lucida Sans Unicode', 'Lucida Sans', Verdana, Helvetica;line-height: 14.3px\"><span style=\"font-size: 14px\"><span style=\"font-size: 14px;font-family: arial, verdana, helvetica\"><strong style=\"font-size: 14px\"><span style=\"font-size: 14px;line-height: 14.3px\">Wunderbar mit frischem Ingwer zu verfeinern.<\/span><\/strong><\/span><\/span><\/p>\n<p><img decoding=\"async\" class=\"alignnone size-full wp-image-2606\" src=\"\/shop\/wp-content\/uploads\/2019\/02\/EU_Organic_Logo_Colour_OuterLine_rgb.jpg\" alt=\"\" \/><\/p>\n<p>DE-\u00d6KO-006<\/p>\n<p>&nbsp;<\/p>\n<p class=\"line-height-75 cke-line-height\" style=\"font-size: 11px;font-family: 'Lucida Sans Unicode', 'Lucida Sans', Verdana, Helvetica\">\n","protected":false},"featured_media":7541,"template":"","meta":{"_acf_changed":false},"product_brand":[317],"product_cat":[280],"product_tag":[318],"class_list":{"0":"post-7540","1":"product","2":"type-product","3":"status-publish","4":"has-post-thumbnail","6":"product_brand-20nl","7":"product_cat-4000-4012-wellness-wohlfuehl-mischungen","8":"product_tag-nl20","9":"pa_menge-50-g","10":"pa_menge-100-g","11":"pa_menge-125-g","12":"pa_menge-250-g","13":"pa_menge-500-g","14":"pa_menge-1-kg","16":"first","17":"instock","18":"taxable","19":"shipping-taxable","20":"purchasable","21":"product-type-variable"},"acf":[],"_links":{"self":[{"href":"https:\/\/www.teehaus-janssen.de\/shop\/wp-json\/wp\/v2\/product\/7540","targetHints":{"allow":["GET"]}}],"collection":[{"href":"https:\/\/www.teehaus-janssen.de\/shop\/wp-json\/wp\/v2\/product"}],"about":[{"href":"https:\/\/www.teehaus-janssen.de\/shop\/wp-json\/wp\/v2\/types\/product"}],"wp:featuredmedia":[{"embeddable":true,"href":"https:\/\/www.teehaus-janssen.de\/shop\/wp-json\/wp\/v2\/media\/7541"}],"wp:attachment":[{"href":"https:\/\/www.teehaus-janssen.de\/shop\/wp-json\/wp\/v2\/media?parent=7540"}],"wp:term":[{"taxonomy":"product_brand","embeddable":true,"href":"https:\/\/www.teehaus-janssen.de\/shop\/wp-json\/wp\/v2\/product_brand?post=7540"},{"taxonomy":"product_cat","embeddable":true,"href":"https:\/\/www.teehaus-janssen.de\/shop\/wp-json\/wp\/v2\/product_cat?post=7540"},{"taxonomy":"product_tag","embeddable":true,"href":"https:\/\/www.teehaus-janssen.de\/shop\/wp-json\/wp\/v2\/product_tag?post=7540"}],"curies":[{"name":"wp","href":"https:\/\/api.w.org\/{rel}","templated":true}]}}