{"id":7524,"date":"2019-02-11T17:24:46","date_gmt":"2019-02-11T16:24:46","guid":{"rendered":"https:\/\/www.teehaus-janssen.de\/product\/4003-janssens-bio-ingwer-apfel-fruechte\/"},"modified":"2025-09-30T09:47:01","modified_gmt":"2025-09-30T07:47:01","slug":"4003-janssens-bio-ingwer-apfel-fruechte","status":"publish","type":"product","link":"https:\/\/www.teehaus-janssen.de\/shop\/produkt\/4003-janssens-bio-ingwer-apfel-fruechte\/","title":{"rendered":"4003 -JANSSENS BIO INGWER-APFEL-FR\u00dcCHTE"},"content":{"rendered":"<p style=\"font-size: 11px;font-family: 'Lucida Sans Unicode', 'Lucida Sans', Verdana, Helvetica;line-height: 15px\"><span style=\"font-size: 14px\"><span style=\"font-size: 14px;font-family: arial, verdana, helvetica\"><strong style=\"font-size: 14px\">Herkunft:<\/strong> erntefrische TEEhaus-Mischung.<\/span><\/span><\/p>\n<p style=\"font-size: 11px;font-family: 'Lucida Sans Unicode', 'Lucida Sans', Verdana, Helvetica;line-height: 15px\"><span style=\"font-size: 14px\"><span style=\"font-size: 14px;font-family: arial, verdana, helvetica\"><strong style=\"font-size: 14px\">Zutaten:<\/strong>\u00a0<span style=\"font-size: 14px;line-height: 14.3px\">S\u00fc\u00dfapfelst\u00fccke* 55 %, Hagebuttenschalen*, Ingwerwurzel* 20 %. (* = aus kbA Bio-Anbau).<\/span><\/span><\/span><\/p>\n<p style=\"font-size: 11px;font-family: 'Lucida Sans Unicode', 'Lucida Sans', Verdana, Helvetica;line-height: 15px\"><span style=\"font-size: 14px\"><span style=\"font-size: 14px;font-family: arial, verdana, helvetica\"><strong style=\"font-size: 14px\"><span style=\"font-size: 14px;line-height: 14.3px\">Sanfter, puristischer Teegenuss<\/span><\/strong><\/span><\/span><\/p>\n<p>&nbsp;<\/p>\n<p><img decoding=\"async\" class=\"alignnone size-medium wp-image-34457\" src=\"https:\/\/www.teehaus-janssen.de\/shop\/wp-content\/uploads\/2025\/02\/2.png\" alt=\"\" \/><\/p>\n<p class=\"line-height-75 cke-line-height\">\n","protected":false},"excerpt":{"rendered":"<p style=\"font-size: 11px;font-family: 'Lucida Sans Unicode', 'Lucida Sans', Verdana, Helvetica;line-height: 15px\"><span style=\"font-size: 14px\"><span style=\"font-size: 14px;font-family: arial, verdana, helvetica\"><strong style=\"font-size: 14px\">Herkunft:<\/strong> erntefrische TEEhaus-Mischung.<\/span><\/span><\/p>\n<p style=\"font-size: 11px;font-family: 'Lucida Sans Unicode', 'Lucida Sans', Verdana, Helvetica;line-height: 15px\"><span style=\"font-size: 14px\"><span style=\"font-size: 14px;font-family: arial, verdana, helvetica\"><strong style=\"font-size: 14px\">Zutaten:<\/strong>\u00a0<span style=\"font-size: 14px;line-height: 14.3px\">S\u00fc\u00dfapfelst\u00fccke* 55 %, Hagebuttenschalen*, Ingwerwurzel* 20 %. (* = aus kbA Bio-Anbau).<\/span><\/span><\/span><\/p>\n<p style=\"font-size: 11px;font-family: 'Lucida Sans Unicode', 'Lucida Sans', Verdana, Helvetica;line-height: 15px\"><span style=\"font-size: 14px\"><span style=\"font-size: 14px;font-family: arial, verdana, helvetica\"><strong style=\"font-size: 14px\"><span style=\"font-size: 14px;line-height: 14.3px\">Sanfter, puristischer Teegenuss.<\/span><\/strong><\/span><\/span><\/p>\n<p><img decoding=\"async\" class=\"alignnone size-medium wp-image-34457\" src=\"https:\/\/www.teehaus-janssen.de\/shop\/wp-content\/uploads\/2021\/01\/2-641x641.png\" alt=\"\" \/><\/p>\n","protected":false},"featured_media":7525,"template":"","meta":{"_acf_changed":false},"product_brand":[482],"product_cat":[280],"product_tag":[],"class_list":{"0":"post-7524","1":"product","2":"type-product","3":"status-publish","4":"has-post-thumbnail","6":"product_brand-482","7":"product_cat-4000-4012-wellness-wohlfuehl-mischungen","8":"pa_menge-50-g","9":"pa_menge-100-g","10":"pa_menge-125-g","11":"pa_menge-250-g","12":"pa_menge-500-g","13":"pa_menge-1-kg","15":"first","16":"instock","17":"taxable","18":"shipping-taxable","19":"purchasable","20":"product-type-variable","21":"has-default-attributes"},"acf":[],"_links":{"self":[{"href":"https:\/\/www.teehaus-janssen.de\/shop\/wp-json\/wp\/v2\/product\/7524","targetHints":{"allow":["GET"]}}],"collection":[{"href":"https:\/\/www.teehaus-janssen.de\/shop\/wp-json\/wp\/v2\/product"}],"about":[{"href":"https:\/\/www.teehaus-janssen.de\/shop\/wp-json\/wp\/v2\/types\/product"}],"wp:featuredmedia":[{"embeddable":true,"href":"https:\/\/www.teehaus-janssen.de\/shop\/wp-json\/wp\/v2\/media\/7525"}],"wp:attachment":[{"href":"https:\/\/www.teehaus-janssen.de\/shop\/wp-json\/wp\/v2\/media?parent=7524"}],"wp:term":[{"taxonomy":"product_brand","embeddable":true,"href":"https:\/\/www.teehaus-janssen.de\/shop\/wp-json\/wp\/v2\/product_brand?post=7524"},{"taxonomy":"product_cat","embeddable":true,"href":"https:\/\/www.teehaus-janssen.de\/shop\/wp-json\/wp\/v2\/product_cat?post=7524"},{"taxonomy":"product_tag","embeddable":true,"href":"https:\/\/www.teehaus-janssen.de\/shop\/wp-json\/wp\/v2\/product_tag?post=7524"}],"curies":[{"name":"wp","href":"https:\/\/api.w.org\/{rel}","templated":true}]}}