{"id":7516,"date":"2019-02-11T17:24:46","date_gmt":"2019-02-11T16:24:46","guid":{"rendered":"https:\/\/www.teehaus-janssen.de\/product\/4002-janssens-sylter-lapacho-melange\/"},"modified":"2025-09-30T09:47:01","modified_gmt":"2025-09-30T07:47:01","slug":"4002-janssens-sylter-lapacho-melange","status":"publish","type":"product","link":"https:\/\/www.teehaus-janssen.de\/shop\/produkt\/4002-janssens-sylter-lapacho-melange\/","title":{"rendered":"4002 &#8211; JANSSENS SYLTER LAPACHO MELANGE"},"content":{"rendered":"<p style=\"font-size: 11px;font-family: 'Lucida Sans Unicode', 'Lucida Sans', Verdana, Helvetica;line-height: 14.3px\"><span style=\"font-size: 14px\"><span style=\"font-size: 14px;font-family: arial, verdana, helvetica\"><strong style=\"font-size: 14px\">Herkunft: <\/strong>erntefrische TEEhaus-Kr\u00e4utermischung.<\/span><\/span><\/p>\n<p style=\"font-size: 11px;font-family: 'Lucida Sans Unicode', 'Lucida Sans', Verdana, Helvetica;line-height: 14.3px\"><span style=\"font-size: 14px\"><span style=\"font-size: 14px;font-family: arial, verdana, helvetica\"><strong style=\"font-size: 14px\">Zutaten:<\/strong>\u00a0<span style=\"font-size: 14px;line-height: 14.3px\">Lapachorinde (Wildsammlung) 50\u00a0 %, Hagebutte, Hibiskus, S\u00fc\u00dfapfel, Rooibos Rot, Rosenbl\u00fcten, Erdbeerst\u00fccke, Zimtst\u00fccke, Fenchel,\u00a0 nat\u00fcrliches Aroma.<br \/>\n<\/span><b style=\"font-family: 'Lucida Sans Unicode', 'Lucida Sans', Verdana, Helvetica;font-size: 11px;line-height: 14.3px\">\u00a0<\/b><\/span><\/span><\/p>\n<p class=\"line-height-75 cke-line-height\" style=\"font-size: 11px;font-family: 'Lucida Sans Unicode', 'Lucida Sans', Verdana, Helvetica\">\n","protected":false},"excerpt":{"rendered":"<p style=\"font-size: 11px;font-family: 'Lucida Sans Unicode', 'Lucida Sans', Verdana, Helvetica;line-height: 14.3px\"><span style=\"font-size: 14px\"><span style=\"font-size: 14px;font-family: arial, verdana, helvetica\"><strong style=\"font-size: 14px\">Herkunft: <\/strong>erntefrische TEEhaus-Kr\u00e4utermischung.<\/span><\/span><\/p>\n<p style=\"font-size: 11px;font-family: 'Lucida Sans Unicode', 'Lucida Sans', Verdana, Helvetica;line-height: 14.3px\"><span style=\"font-size: 14px\"><span style=\"font-size: 14px;font-family: arial, verdana, helvetica\"><strong style=\"font-size: 14px\">Zutaten:<\/strong>\u00a0<span style=\"font-size: 14px;line-height: 14.3px\">Lapachorinde (Wildsammlung) 50\u00a0 %, Hagebutte, Hibiskus, S\u00fc\u00dfapfel, Rooibos Rot, Rosenbl\u00fcten, Erdbeerst\u00fccke, Zimtst\u00fccke, Fenchel,\u00a0 nat\u00fcrliches Aroma.<br \/>\n<\/span><b style=\"font-family: 'Lucida Sans Unicode', 'Lucida Sans', Verdana, Helvetica;font-size: 11px;line-height: 14.3px\">\u00a0<\/b><\/span><\/span><\/p>\n<p class=\"line-height-75 cke-line-height\" style=\"font-size: 11px;font-family: 'Lucida Sans Unicode', 'Lucida Sans', Verdana, Helvetica\">\n","protected":false},"featured_media":7517,"template":"","meta":{"_acf_changed":false},"product_brand":[],"product_cat":[280],"product_tag":[],"class_list":{"0":"post-7516","1":"product","2":"type-product","3":"status-publish","4":"has-post-thumbnail","6":"product_cat-4000-4012-wellness-wohlfuehl-mischungen","7":"pa_menge-50-g","8":"pa_menge-100-g","9":"pa_menge-125-g","10":"pa_menge-250-g","11":"pa_menge-500-g","12":"pa_menge-1-kg","14":"first","15":"instock","16":"taxable","17":"shipping-taxable","18":"purchasable","19":"product-type-variable","20":"has-default-attributes"},"acf":[],"_links":{"self":[{"href":"https:\/\/www.teehaus-janssen.de\/shop\/wp-json\/wp\/v2\/product\/7516","targetHints":{"allow":["GET"]}}],"collection":[{"href":"https:\/\/www.teehaus-janssen.de\/shop\/wp-json\/wp\/v2\/product"}],"about":[{"href":"https:\/\/www.teehaus-janssen.de\/shop\/wp-json\/wp\/v2\/types\/product"}],"wp:featuredmedia":[{"embeddable":true,"href":"https:\/\/www.teehaus-janssen.de\/shop\/wp-json\/wp\/v2\/media\/7517"}],"wp:attachment":[{"href":"https:\/\/www.teehaus-janssen.de\/shop\/wp-json\/wp\/v2\/media?parent=7516"}],"wp:term":[{"taxonomy":"product_brand","embeddable":true,"href":"https:\/\/www.teehaus-janssen.de\/shop\/wp-json\/wp\/v2\/product_brand?post=7516"},{"taxonomy":"product_cat","embeddable":true,"href":"https:\/\/www.teehaus-janssen.de\/shop\/wp-json\/wp\/v2\/product_cat?post=7516"},{"taxonomy":"product_tag","embeddable":true,"href":"https:\/\/www.teehaus-janssen.de\/shop\/wp-json\/wp\/v2\/product_tag?post=7516"}],"curies":[{"name":"wp","href":"https:\/\/api.w.org\/{rel}","templated":true}]}}