{"id":7500,"date":"2019-02-11T17:24:45","date_gmt":"2019-02-11T16:24:45","guid":{"rendered":"https:\/\/www.teehaus-janssen.de\/product\/4000-westerlaender-welle\/"},"modified":"2026-01-31T14:06:48","modified_gmt":"2026-01-31T13:06:48","slug":"4000-westerlaender-welle","status":"publish","type":"product","link":"https:\/\/www.teehaus-janssen.de\/shop\/produkt\/4000-westerlaender-welle\/","title":{"rendered":"4000 &#8211; WESTERL\u00c4NDER WELLE"},"content":{"rendered":"<p><span style=\"font-family: arial,verdana,helvetica\"><span style=\"font-size: 14px\"><strong>Herkunft: <\/strong>erntefrische TEEhaus-Kr\u00e4utermischung.<\/span><\/span><\/p>\n<p><strong><span style=\"font-family: arial,verdana,helvetica\"><span style=\"font-size: 14px\">Zutaten:<\/span><\/span><\/strong><span style=\"font-size: 14px\"><span style=\"font-family: arial,verdana,helvetica\"> Passionsblumenkraut, Johanniskraut, Rooibos Rot\/Gr\u00fcn, Orangenst\u00fccke, Rosenbl\u00fcten, Zitronenverbene, Holunderbl\u00fcten, Algen*, Malvenbl\u00fcten, nat\u00fcrliches Aroma.<br \/>\n<\/span><\/span><span style=\"font-size: 14px\"><span style=\"font-family: arial,verdana,helvetica\">.<\/span><\/span><\/p>\n<p><strong>Eine ausgewogene Komposition erlesener Zutaten mit einer feine Zitrusnote und einem herb-s\u00fc\u00dflich-frischen Nachklang. Lassen sie sich von dieser besonderen Mischung \u00fcberraschen.<br \/>\n<\/strong><\/p>\n<p class=\"line-height-75 cke-line-height\">\n","protected":false},"excerpt":{"rendered":"<p><span style=\"font-family: arial,verdana,helvetica\"><span style=\"font-size: 14px\"><strong>Herkunft: <\/strong>erntefrische TEEhaus-Kr\u00e4utermischung.<\/span><\/span><\/p>\n<p><strong><span style=\"font-family: arial,verdana,helvetica\"><span style=\"font-size: 14px\">Zutaten:<\/span><\/span><\/strong><span style=\"font-size: 14px\"><span style=\"font-family: arial,verdana,helvetica\"> Passionsblumenkraut, Johanniskraut, Rooibos Rot\/Gr\u00fcn, Orangenst\u00fccke, Rosenbl\u00fcten, Zitronenverbene, Holunderbl\u00fcten, Algen*, Malvenbl\u00fcten, nat\u00fcrliches Aroma.<br \/>\n<\/span><\/span><span style=\"font-size: 14px\"><span style=\"font-family: arial,verdana,helvetica\">.<\/span><\/span><\/p>\n<p><strong>Eine ausgewogene Komposition erlesener Zutaten mit einer feine Zitrusnote und einem herb-s\u00fc\u00dflich-frischen Nachklang. Lassen sie sich von dieser besonderen Mischung \u00fcberraschen.<br \/>\n<\/strong><\/p>\n<p class=\"line-height-75 cke-line-height\">\n","protected":false},"featured_media":7501,"template":"","meta":{"_acf_changed":false},"product_brand":[311],"product_cat":[280],"product_tag":[],"class_list":{"0":"post-7500","1":"product","2":"type-product","3":"status-publish","4":"has-post-thumbnail","6":"product_brand-nl2","7":"product_cat-4000-4012-wellness-wohlfuehl-mischungen","8":"pa_menge-50-g","9":"pa_menge-100-g","10":"pa_menge-125-g","11":"pa_menge-250-g","12":"pa_menge-500-g","13":"pa_menge-1-kg","15":"first","16":"instock","17":"taxable","18":"shipping-taxable","19":"purchasable","20":"product-type-variable"},"acf":[],"_links":{"self":[{"href":"https:\/\/www.teehaus-janssen.de\/shop\/wp-json\/wp\/v2\/product\/7500","targetHints":{"allow":["GET"]}}],"collection":[{"href":"https:\/\/www.teehaus-janssen.de\/shop\/wp-json\/wp\/v2\/product"}],"about":[{"href":"https:\/\/www.teehaus-janssen.de\/shop\/wp-json\/wp\/v2\/types\/product"}],"wp:featuredmedia":[{"embeddable":true,"href":"https:\/\/www.teehaus-janssen.de\/shop\/wp-json\/wp\/v2\/media\/7501"}],"wp:attachment":[{"href":"https:\/\/www.teehaus-janssen.de\/shop\/wp-json\/wp\/v2\/media?parent=7500"}],"wp:term":[{"taxonomy":"product_brand","embeddable":true,"href":"https:\/\/www.teehaus-janssen.de\/shop\/wp-json\/wp\/v2\/product_brand?post=7500"},{"taxonomy":"product_cat","embeddable":true,"href":"https:\/\/www.teehaus-janssen.de\/shop\/wp-json\/wp\/v2\/product_cat?post=7500"},{"taxonomy":"product_tag","embeddable":true,"href":"https:\/\/www.teehaus-janssen.de\/shop\/wp-json\/wp\/v2\/product_tag?post=7500"}],"curies":[{"name":"wp","href":"https:\/\/api.w.org\/{rel}","templated":true}]}}