{"id":7361,"date":"2019-02-11T17:24:41","date_gmt":"2019-02-11T16:24:41","guid":{"rendered":"https:\/\/www.teehaus-janssen.de\/product\/3020-bio-sanddornbeeren\/"},"modified":"2025-09-30T09:42:38","modified_gmt":"2025-09-30T07:42:38","slug":"3020-bio-sanddornbeeren","status":"publish","type":"product","link":"https:\/\/www.teehaus-janssen.de\/shop\/produkt\/3020-bio-sanddornbeeren\/","title":{"rendered":"3020 &#8211; BIO SANDDORNBEEREN"},"content":{"rendered":"<p style=\"font-size: 11px;font-family: 'Lucida Sans Unicode', 'Lucida Sans', Verdana, Helvetica\"><span style=\"font-size: 11px;font-family: arial, verdana, helvetica\"><span style=\"font-size: 14px\"><b>Herkunft:<\/b>\u00a0Deutschland<\/span><\/span><\/p>\n<p><strong>Lat.:<\/strong> Hippophae Rhamnoides<\/p>\n<p><strong>Erl\u00e4uterung:<\/strong> Die D\u00fcnenbeere wird auch als &#8222;Zitrone des Nordens&#8220; bezeichnet.<\/p>\n<p style=\"font-size: 11px;font-family: 'Lucida Sans Unicode', 'Lucida Sans', Verdana, Helvetica\"><strong style=\"font-size: 11px\"><span style=\"font-size: 14px\"><span style=\"font-size: 14px;font-family: arial, verdana, helvetica\">Leicht s\u00e4uerlich-s\u00fc\u00df<\/span><\/span><\/strong><\/p>\n<p style=\"font-size: 11px;font-family: 'Lucida Sans Unicode', 'Lucida Sans', Verdana, Helvetica\"><span style=\"font-size: 14px\"><span style=\"font-size: 14px;font-family: arial, verdana, helvetica\"><span style=\"font-size: 12px\"><img decoding=\"async\" class=\"alignnone size-large wp-image-34458\" src=\"https:\/\/www.teehaus-janssen.de\/shop\/wp-content\/uploads\/2025\/02\/3.png\" alt=\"\" \/><\/span><\/span><\/span><\/p>\n","protected":false},"excerpt":{"rendered":"<p><b>Herkunft:<\/b>\u00a0Deutschland<\/p>\n<p><strong>Lat.:<\/strong> Hippophae Rhamnoides<\/p>\n<p><strong>Erl\u00e4uterung:<\/strong> Die D\u00fcnenbeere wird auch als &#8222;Zitrone des Nordens&#8220; bezeichnet.<\/p>\n<p><strong>Leicht s\u00e4uerlich-s\u00fc\u00df<\/strong><\/p>\n<p><img decoding=\"async\" class=\"alignnone size-large wp-image-34458\" src=\"https:\/\/www.teehaus-janssen.de\/shop\/wp-content\/uploads\/2021\/01\/3-700x700.png\" alt=\"\" \/><\/p>\n","protected":false},"featured_media":7362,"template":"","meta":{"_acf_changed":false},"product_brand":[],"product_cat":[309],"product_tag":[],"class_list":{"0":"post-7361","1":"product","2":"type-product","3":"status-publish","4":"has-post-thumbnail","6":"product_cat-3000-3225-fruechtetee-von-monofruechten","7":"pa_menge-50-g","8":"pa_menge-100-g","9":"pa_menge-125-g","10":"pa_menge-250-g","11":"pa_menge-500-g","12":"pa_menge-1-kg","14":"first","15":"instock","16":"taxable","17":"shipping-taxable","18":"purchasable","19":"product-type-variable","20":"has-default-attributes"},"acf":[],"_links":{"self":[{"href":"https:\/\/www.teehaus-janssen.de\/shop\/wp-json\/wp\/v2\/product\/7361","targetHints":{"allow":["GET"]}}],"collection":[{"href":"https:\/\/www.teehaus-janssen.de\/shop\/wp-json\/wp\/v2\/product"}],"about":[{"href":"https:\/\/www.teehaus-janssen.de\/shop\/wp-json\/wp\/v2\/types\/product"}],"wp:featuredmedia":[{"embeddable":true,"href":"https:\/\/www.teehaus-janssen.de\/shop\/wp-json\/wp\/v2\/media\/7362"}],"wp:attachment":[{"href":"https:\/\/www.teehaus-janssen.de\/shop\/wp-json\/wp\/v2\/media?parent=7361"}],"wp:term":[{"taxonomy":"product_brand","embeddable":true,"href":"https:\/\/www.teehaus-janssen.de\/shop\/wp-json\/wp\/v2\/product_brand?post=7361"},{"taxonomy":"product_cat","embeddable":true,"href":"https:\/\/www.teehaus-janssen.de\/shop\/wp-json\/wp\/v2\/product_cat?post=7361"},{"taxonomy":"product_tag","embeddable":true,"href":"https:\/\/www.teehaus-janssen.de\/shop\/wp-json\/wp\/v2\/product_tag?post=7361"}],"curies":[{"name":"wp","href":"https:\/\/api.w.org\/{rel}","templated":true}]}}