{"id":7353,"date":"2019-02-11T17:24:40","date_gmt":"2019-02-11T16:24:40","guid":{"rendered":"https:\/\/www.teehaus-janssen.de\/product\/3018-bio-weinbeeren\/"},"modified":"2025-09-30T09:42:38","modified_gmt":"2025-09-30T07:42:38","slug":"3018-bio-weinbeeren","status":"publish","type":"product","link":"https:\/\/www.teehaus-janssen.de\/shop\/produkt\/3018-bio-weinbeeren\/","title":{"rendered":"3018 &#8211; BIO WEINBEEREN"},"content":{"rendered":"<p style=\"line-height: 15.4px;margin: 0px 0px 6px;background: #eff1f2;font-family: 'Lucida Sans Unicode', 'Lucida Sans', Verdana, Helvetica;font-size: 11px\"><span style=\"line-height: 19.6px;font-size: 14px\"><span style=\"line-height: 19.6px;font-family: arial, verdana, helvetica\"><strong>Herkunft:\u00a0<\/strong>Kalifornien &#8211; zertifizierter Bioanbau.<\/span><\/span><\/p>\n<p style=\"line-height: 15.4px;margin: 0px 0px 6px;background: #eff1f2;font-family: 'Lucida Sans Unicode', 'Lucida Sans', Verdana, Helvetica;font-size: 11px\"><span style=\"line-height: 19.6px;font-size: 14px\"><span style=\"line-height: 19.6px;font-family: arial, verdana, helvetica\"><strong>Erl\u00e4uterung:\u00a0<\/strong>Weinbeeren\/Rosinen sind sehr beliebt beim\u00a0Kuchen- und Brotbacken sowie als Zugabe zu M\u00fcsli, Joghurt und\u00a0zu Nuss-Knabbermischungen. Au\u00dferdem verleihen sie Teemischungen eine zarte S\u00fc\u00dfe, die Zuckerzugabe \u00fcberfl\u00fcssig macht.\u00a0Ein feiner Bio-Sonnenblumenfilm verhindert das Zusammenkleben der Beeren.<\/span><\/span><\/p>\n<p style=\"line-height: 15.4px;margin: 0px 0px 6px;background: #eff1f2;font-family: 'Lucida Sans Unicode', 'Lucida Sans', Verdana, Helvetica;font-size: 11px\"><span style=\"line-height: 19.6px;font-size: 14px\"><span style=\"line-height: 19.6px;font-family: arial, verdana, helvetica\"><strong>S\u00fc\u00df-fruchtig, aromatisch.<\/strong><\/span><\/span><\/p>\n<p><img decoding=\"async\" class=\"alignnone size-large wp-image-34478\" src=\"https:\/\/www.teehaus-janssen.de\/shop\/wp-content\/uploads\/2025\/02\/Nicht-EU.png\" alt=\"\" \/><\/p>\n<p style=\"line-height: 15.4px;margin: 0px 0px 6px;background: #eff1f2;font-family: 'Lucida Sans Unicode', 'Lucida Sans', Verdana, Helvetica;font-size: 11px\"><span style=\"line-height: 19.6px;font-size: 14px\"><span style=\"line-height: 19.6px;font-family: arial, verdana, helvetica\"><span style=\"line-height: 16.8px;font-size: 12px\">\u00a0<\/span><\/span><\/span><\/p>\n","protected":false},"excerpt":{"rendered":"<p><strong>Herkunft:\u00a0<\/strong>Kalifornien &#8211; zertifizierter Bioanbau.<\/p>\n<p><strong>Erl\u00e4uterung:\u00a0<\/strong>Weinbeeren\/Rosinen sind sehr beliebt beim\u00a0Kuchen- und Brotbacken sowie als Zugabe zu M\u00fcsli, Joghurt und\u00a0zu Nuss-Knabbermischungen. Au\u00dferdem verleihen sie Teemischungen eine zarte S\u00fc\u00dfe, die Zuckerzugabe \u00fcberfl\u00fcssig macht.\u00a0Ein feiner Bio-Sonnenblumenfilm verhindert das Zusammenkleben der Beeren.<\/p>\n<p><strong>S\u00fc\u00df-fruchtig, aromatisch.<\/strong><\/p>\n<p><img decoding=\"async\" class=\"alignnone size-large wp-image-34478\" src=\"https:\/\/www.teehaus-janssen.de\/shop\/wp-content\/uploads\/2019\/02\/Nicht-EU-700x700.png\" alt=\"\" \/><\/p>\n","protected":false},"featured_media":7354,"template":"","meta":{"_acf_changed":false},"product_brand":[],"product_cat":[309],"product_tag":[],"class_list":{"0":"post-7353","1":"product","2":"type-product","3":"status-publish","4":"has-post-thumbnail","6":"product_cat-3000-3225-fruechtetee-von-monofruechten","7":"pa_menge-50-g","8":"pa_menge-100-g","9":"pa_menge-125-g","10":"pa_menge-250-g","11":"pa_menge-500-g","12":"pa_menge-1-kg","14":"first","15":"instock","16":"taxable","17":"shipping-taxable","18":"purchasable","19":"product-type-variable","20":"has-default-attributes"},"acf":[],"_links":{"self":[{"href":"https:\/\/www.teehaus-janssen.de\/shop\/wp-json\/wp\/v2\/product\/7353","targetHints":{"allow":["GET"]}}],"collection":[{"href":"https:\/\/www.teehaus-janssen.de\/shop\/wp-json\/wp\/v2\/product"}],"about":[{"href":"https:\/\/www.teehaus-janssen.de\/shop\/wp-json\/wp\/v2\/types\/product"}],"wp:featuredmedia":[{"embeddable":true,"href":"https:\/\/www.teehaus-janssen.de\/shop\/wp-json\/wp\/v2\/media\/7354"}],"wp:attachment":[{"href":"https:\/\/www.teehaus-janssen.de\/shop\/wp-json\/wp\/v2\/media?parent=7353"}],"wp:term":[{"taxonomy":"product_brand","embeddable":true,"href":"https:\/\/www.teehaus-janssen.de\/shop\/wp-json\/wp\/v2\/product_brand?post=7353"},{"taxonomy":"product_cat","embeddable":true,"href":"https:\/\/www.teehaus-janssen.de\/shop\/wp-json\/wp\/v2\/product_cat?post=7353"},{"taxonomy":"product_tag","embeddable":true,"href":"https:\/\/www.teehaus-janssen.de\/shop\/wp-json\/wp\/v2\/product_tag?post=7353"}],"curies":[{"name":"wp","href":"https:\/\/api.w.org\/{rel}","templated":true}]}}