{"id":7312,"date":"2019-02-11T17:24:38","date_gmt":"2019-02-11T16:24:38","guid":{"rendered":"https:\/\/www.teehaus-janssen.de\/product\/3006-bio-maulbeeren\/"},"modified":"2025-09-30T09:41:15","modified_gmt":"2025-09-30T07:41:15","slug":"3006-bio-maulbeeren","status":"publish","type":"product","link":"https:\/\/www.teehaus-janssen.de\/shop\/produkt\/3006-bio-maulbeeren\/","title":{"rendered":"3006 &#8211; BIO MAULBEEREN"},"content":{"rendered":"<p style=\"font-size: 11px;font-family: 'Lucida Sans Unicode', 'Lucida Sans', Verdana, Helvetica\"><span style=\"font-size: 14px\"><span style=\"font-size: 14px;font-family: arial, verdana, helvetica\"><strong style=\"font-size: 14px\">Herkunft:\u00a0<\/strong>T\u00fcrkei<\/span><\/span><\/p>\n<p><strong>Lat.:<\/strong> Morus Alba<\/p>\n<p style=\"font-size: 11px;font-family: 'Lucida Sans Unicode', 'Lucida Sans', Verdana, Helvetica\"><span style=\"font-size: 14px\"><span style=\"font-size: 14px;font-family: arial, verdana, helvetica\"><strong style=\"font-size: 14px\">Erl\u00e4uterung:\u00a0<\/strong>Sonnengetrocknete wei\u00dfe, naturs\u00fc\u00dfe Beeren aus kontrolliert biologischem Anbau. Zum Knabbern zwischendurch oder als Zusatz zu M\u00fcsli und Co.<\/span><\/span><\/p>\n<p><strong>Angenehm fruchtig, aromatisch, naturs\u00fc\u00df.<\/strong><\/p>\n<p class=\"line-height-75 cke-line-height\" style=\"font-size: 11px;font-family: 'Lucida Sans Unicode', 'Lucida Sans', Verdana, Helvetica\"><img decoding=\"async\" class=\"alignnone size-large wp-image-34478\" src=\"https:\/\/www.teehaus-janssen.de\/shop\/wp-content\/uploads\/2025\/02\/Nicht-EU.png\" alt=\"\" \/><\/p>\n","protected":false},"excerpt":{"rendered":"<p><strong>Herkunft:\u00a0<\/strong>T\u00fcrkei<\/p>\n<p><strong>Lat.:<\/strong> Morus Alba<\/p>\n<p><strong>Erl\u00e4uterung:\u00a0<\/strong>Sonnengetrocknete wei\u00dfe, naturs\u00fc\u00dfe Beeren aus kontrolliert biologischem Anbau. Zum Knabbern zwischendurch oder als Zusatz zu M\u00fcsli und Co.<\/p>\n<p><strong>Angenehm fruchtig, aromatisch, naturs\u00fc\u00df.<\/strong><\/p>\n<p class=\"line-height-75 cke-line-height\"><img decoding=\"async\" class=\"alignnone size-large wp-image-34478\" src=\"https:\/\/www.teehaus-janssen.de\/shop\/wp-content\/uploads\/2019\/02\/Nicht-EU-700x700.png\" alt=\"\" \/><\/p>\n","protected":false},"featured_media":7313,"template":"","meta":{"_acf_changed":false},"product_brand":[],"product_cat":[309],"product_tag":[],"class_list":{"0":"post-7312","1":"product","2":"type-product","3":"status-publish","4":"has-post-thumbnail","6":"product_cat-3000-3225-fruechtetee-von-monofruechten","7":"pa_menge-50-g","8":"pa_menge-100-g","9":"pa_menge-125-g","10":"pa_menge-250-g","11":"pa_menge-500-g","12":"pa_menge-1-kg","14":"first","15":"instock","16":"taxable","17":"shipping-taxable","18":"purchasable","19":"product-type-variable","20":"has-default-attributes"},"acf":[],"_links":{"self":[{"href":"https:\/\/www.teehaus-janssen.de\/shop\/wp-json\/wp\/v2\/product\/7312","targetHints":{"allow":["GET"]}}],"collection":[{"href":"https:\/\/www.teehaus-janssen.de\/shop\/wp-json\/wp\/v2\/product"}],"about":[{"href":"https:\/\/www.teehaus-janssen.de\/shop\/wp-json\/wp\/v2\/types\/product"}],"wp:featuredmedia":[{"embeddable":true,"href":"https:\/\/www.teehaus-janssen.de\/shop\/wp-json\/wp\/v2\/media\/7313"}],"wp:attachment":[{"href":"https:\/\/www.teehaus-janssen.de\/shop\/wp-json\/wp\/v2\/media?parent=7312"}],"wp:term":[{"taxonomy":"product_brand","embeddable":true,"href":"https:\/\/www.teehaus-janssen.de\/shop\/wp-json\/wp\/v2\/product_brand?post=7312"},{"taxonomy":"product_cat","embeddable":true,"href":"https:\/\/www.teehaus-janssen.de\/shop\/wp-json\/wp\/v2\/product_cat?post=7312"},{"taxonomy":"product_tag","embeddable":true,"href":"https:\/\/www.teehaus-janssen.de\/shop\/wp-json\/wp\/v2\/product_tag?post=7312"}],"curies":[{"name":"wp","href":"https:\/\/api.w.org\/{rel}","templated":true}]}}