{"id":7237,"date":"2019-02-11T17:24:36","date_gmt":"2019-02-11T16:24:36","guid":{"rendered":"https:\/\/www.teehaus-janssen.de\/product\/2221-sylter-eierpunsch-schwarzer-tee\/"},"modified":"2025-09-30T09:39:11","modified_gmt":"2025-09-30T07:39:11","slug":"2221-sylter-eierpunsch-schwarzer-tee","status":"publish","type":"product","link":"https:\/\/www.teehaus-janssen.de\/shop\/produkt\/2221-sylter-eierpunsch-schwarzer-tee\/","title":{"rendered":"2221 &#8211; SYLTER EIERPUNSCH &#8211; SCHWARZER TEE"},"content":{"rendered":"<p style=\"font-size: 14px;font-family: Arial, Verdana, Helvetica\"><span style=\"font-size: 13px\"><span style=\"font-size: 13px\"><span style=\"font-size: 13px;font-family: arial, verdana, helvetica\"><span style=\"font-size: 14px\"><strong style=\"font-size: 14px\">Herkunft:\u00a0<\/strong>\u200berntefrische TEEhaus-Mischung.<\/span><\/span><\/span><\/span><\/p>\n<p style=\"font-size: 14px;font-family: Arial, Verdana, Helvetica\"><span style=\"font-size: 13px\"><span style=\"font-size: 13px\"><span style=\"font-size: 13px;font-family: arial, verdana, helvetica\"><span style=\"font-size: 14px\"><strong style=\"font-size: 14px\">Erl\u00e4uterung:\u00a0<\/strong>\u200bNilgiri-, Ceylon-, Darjeeling-Blend, Bl\u00fcten, aromatisiert.<\/span><\/span><\/span><\/span><\/p>\n<p style=\"font-size: 14px;font-family: Arial, Verdana, Helvetica\"><strong style=\"font-size: 14px;font-family: arial, verdana, helvetica\">Zutaten:\u00a0<\/strong><span style=\"font-size: 14px;font-family: arial, verdana, helvetica\">\u200bNilgiri-, Ceylon-, Darjeelingtee, Sonnenblumenbl\u00fcten, nat\u00fcrliches Aroma, Eierlik\u00f6raroma (GLUTENhaltig).<br \/>\n<\/span><\/p>\n<p style=\"font-size: 14px;font-family: Arial, Verdana, Helvetica\"><span style=\"font-size: 13px\"><span style=\"font-size: 13px\"><span style=\"font-size: 13px;font-family: arial, verdana, helvetica\"><span style=\"font-size: 14px\"><strong style=\"font-size: 14px\">\u200bEierpunsch-duftig, dunkelgolden, belebend.<\/strong><\/span><\/span><\/span><\/span><\/p>\n<p>&nbsp;<\/p>\n<p>&nbsp;<\/p>\n<p>&nbsp;<\/p>\n","protected":false},"excerpt":{"rendered":"<p><strong>Herkunft:\u00a0<\/strong>\u200berntefrische TEEhaus-Mischung.<\/p>\n<p><strong>Erl\u00e4uterung:\u00a0<\/strong>\u200bNilgiri-, Ceylon-, Darjeeling-Blend, Bl\u00fcten, aromatisiert.<\/p>\n<p><strong>Zutaten:\u00a0<\/strong>\u200bNilgiri-, Ceylon-, Darjeelingtee, Sonnenblumenbl\u00fcten, nat\u00fcrliches Aroma, Eierlik\u00f6raroma (GLUTENhaltig).<\/p>\n<p><strong>\u200bEierpunsch-duftig, dunkelgolden, belebend.<\/strong><\/p>\n","protected":false},"featured_media":7238,"template":"","meta":{"_acf_changed":false},"product_brand":[],"product_cat":[307],"product_tag":[],"class_list":{"0":"post-7237","1":"product","2":"type-product","3":"status-publish","4":"has-post-thumbnail","6":"product_cat-2200-2223-schwarzer-tee-aromatisiert","7":"pa_menge-50-g","8":"pa_menge-100-g","9":"pa_menge-125-g","10":"pa_menge-250-g","11":"pa_menge-500-g","12":"pa_menge-1-kg","14":"first","15":"instock","16":"taxable","17":"shipping-taxable","18":"purchasable","19":"product-type-variable","20":"has-default-attributes"},"acf":[],"_links":{"self":[{"href":"https:\/\/www.teehaus-janssen.de\/shop\/wp-json\/wp\/v2\/product\/7237","targetHints":{"allow":["GET"]}}],"collection":[{"href":"https:\/\/www.teehaus-janssen.de\/shop\/wp-json\/wp\/v2\/product"}],"about":[{"href":"https:\/\/www.teehaus-janssen.de\/shop\/wp-json\/wp\/v2\/types\/product"}],"wp:featuredmedia":[{"embeddable":true,"href":"https:\/\/www.teehaus-janssen.de\/shop\/wp-json\/wp\/v2\/media\/7238"}],"wp:attachment":[{"href":"https:\/\/www.teehaus-janssen.de\/shop\/wp-json\/wp\/v2\/media?parent=7237"}],"wp:term":[{"taxonomy":"product_brand","embeddable":true,"href":"https:\/\/www.teehaus-janssen.de\/shop\/wp-json\/wp\/v2\/product_brand?post=7237"},{"taxonomy":"product_cat","embeddable":true,"href":"https:\/\/www.teehaus-janssen.de\/shop\/wp-json\/wp\/v2\/product_cat?post=7237"},{"taxonomy":"product_tag","embeddable":true,"href":"https:\/\/www.teehaus-janssen.de\/shop\/wp-json\/wp\/v2\/product_tag?post=7237"}],"curies":[{"name":"wp","href":"https:\/\/api.w.org\/{rel}","templated":true}]}}