{"id":7197,"date":"2019-02-11T17:24:34","date_gmt":"2019-02-11T16:24:34","guid":{"rendered":"https:\/\/www.teehaus-janssen.de\/product\/2216-erdbeer-orangentraum-schwarzer-tee\/"},"modified":"2025-09-30T09:37:57","modified_gmt":"2025-09-30T07:37:57","slug":"2216-erdbeer-orangentraum-schwarzer-tee","status":"publish","type":"product","link":"https:\/\/www.teehaus-janssen.de\/shop\/produkt\/2216-erdbeer-orangentraum-schwarzer-tee\/","title":{"rendered":"2216 &#8211; ERDBEER-ORANGENTRAUM -SCHWARZER TEE"},"content":{"rendered":"<p><b><span style=\"font-size: medium\">Herkunft: <\/span><\/b><span style=\"font-family: arial,verdana,helvetica\"><span style=\"font-size: 14px\">erntefrische TEEhaus-Mischung.<\/span><\/span><\/p>\n<p><span style=\"font-size: small\"><span style=\"font-family: arial,verdana,helvetica\"><span style=\"font-size: 14px\"><strong>Erl\u00e4uterung: <\/strong>\u200bIndien-, Ceylon-, China-, Schwarzer und Gr\u00fcner Tee, Fr\u00fcchte, aromatisiert.<\/span><\/span><\/span><\/p>\n<p><span style=\"font-size: small\"><span style=\"font-family: arial,verdana,helvetica\"><span style=\"font-size: 14px\"><strong>Zutaten: <\/strong>\u200bIndien, Ceylon, China, Wei\u00dfer und Gr\u00fcner Tee, Orange, Erdbeere, nat\u00fcrliches Aroma. Landwirtschaftlicher Bioanteil\u00a0<\/span><\/span><\/span><\/p>\n<p><span style=\"font-size: small\"><span style=\"font-family: arial,verdana,helvetica\"><span style=\"font-size: 14px\"><strong>Erdbeer-orangig, dunkelgolden, belebend.<\/strong><\/span><\/span><\/span><\/p>\n<p>&nbsp;<\/p>\n","protected":false},"excerpt":{"rendered":"<p><span style=\"font-size: small\"><b><span style=\"font-family: arial,verdana,helvetica\"><span style=\"font-size: 14px\">\u200b<\/span><\/span><\/b><\/span><\/p>\n<p><b><span style=\"font-size: medium\">Herkunft: <\/span><\/b><span style=\"font-family: arial,verdana,helvetica\"><span style=\"font-size: 14px\">erntefrische TEEhaus-Mischung.<\/span><\/span><\/p>\n<p><span style=\"font-size: small\"><span style=\"font-family: arial,verdana,helvetica\"><span style=\"font-size: 14px\"><strong>Erl\u00e4uterung: <\/strong>\u200bIndien-, Ceylon-, China-, Schwarzer und Gr\u00fcner Tee, Fr\u00fcchte, aromatisiert.<\/span><\/span><\/span><\/p>\n<p><span style=\"font-size: small\"><span style=\"font-family: arial,verdana,helvetica\"><span style=\"font-size: 14px\"><strong>Zutaten: <\/strong>\u200bIndien, Ceylon, China, Wei\u00dfer und Gr\u00fcner Tee, Orange, Erdbeere, nat\u00fcrliches Aroma. Landwirtschaftlicher\u00a0<\/span><\/span><\/span><\/p>\n<p><span style=\"font-size: small\"><span style=\"font-family: arial,verdana,helvetica\"><span style=\"font-size: 14px\"><strong>Erdbeer-orangig, dunkelgolden, belebend.<\/strong><\/span><\/span><\/span><\/p>\n<p>&nbsp;<\/p>\n","protected":false},"featured_media":7198,"template":"","meta":{"_acf_changed":false},"product_brand":[],"product_cat":[307],"product_tag":[],"class_list":{"0":"post-7197","1":"product","2":"type-product","3":"status-publish","4":"has-post-thumbnail","6":"product_cat-2200-2223-schwarzer-tee-aromatisiert","7":"pa_menge-50-g","8":"pa_menge-100-g","9":"pa_menge-125-g","10":"pa_menge-250-g","11":"pa_menge-500-g","12":"pa_menge-1-kg","14":"first","15":"instock","16":"taxable","17":"shipping-taxable","18":"purchasable","19":"product-type-variable","20":"has-default-attributes"},"acf":[],"_links":{"self":[{"href":"https:\/\/www.teehaus-janssen.de\/shop\/wp-json\/wp\/v2\/product\/7197","targetHints":{"allow":["GET"]}}],"collection":[{"href":"https:\/\/www.teehaus-janssen.de\/shop\/wp-json\/wp\/v2\/product"}],"about":[{"href":"https:\/\/www.teehaus-janssen.de\/shop\/wp-json\/wp\/v2\/types\/product"}],"wp:featuredmedia":[{"embeddable":true,"href":"https:\/\/www.teehaus-janssen.de\/shop\/wp-json\/wp\/v2\/media\/7198"}],"wp:attachment":[{"href":"https:\/\/www.teehaus-janssen.de\/shop\/wp-json\/wp\/v2\/media?parent=7197"}],"wp:term":[{"taxonomy":"product_brand","embeddable":true,"href":"https:\/\/www.teehaus-janssen.de\/shop\/wp-json\/wp\/v2\/product_brand?post=7197"},{"taxonomy":"product_cat","embeddable":true,"href":"https:\/\/www.teehaus-janssen.de\/shop\/wp-json\/wp\/v2\/product_cat?post=7197"},{"taxonomy":"product_tag","embeddable":true,"href":"https:\/\/www.teehaus-janssen.de\/shop\/wp-json\/wp\/v2\/product_tag?post=7197"}],"curies":[{"name":"wp","href":"https:\/\/api.w.org\/{rel}","templated":true}]}}