{"id":7116,"date":"2019-02-11T17:24:32","date_gmt":"2019-02-11T16:24:32","guid":{"rendered":"https:\/\/www.teehaus-janssen.de\/product\/2206-sanddorntraum-schwarzer-tee\/"},"modified":"2025-09-30T09:36:06","modified_gmt":"2025-09-30T07:36:06","slug":"2206-sanddorntraum-schwarzer-tee","status":"publish","type":"product","link":"https:\/\/www.teehaus-janssen.de\/shop\/produkt\/2206-sanddorntraum-schwarzer-tee\/","title":{"rendered":"2206 &#8211; SANDDORNTRAUM &#8211; SCHWARZER TEE"},"content":{"rendered":"<p style=\"font-size: 14px;font-family: Arial, Verdana, Helvetica\"><span style=\"font-size: 14px;font-family: arial, verdana, helvetica\"><strong style=\"font-size: 14px\">Herkunft: <\/strong>erntefrische TEEhaus-Mischung.<\/span><\/p>\n<p><span style=\"font-size: 14px\"><span style=\"font-size: 14px;font-family: arial, verdana, helvetica\"><strong style=\"font-size: 14px\">Erl\u00e4uterung:\u00a0<\/strong>Die Sanddornbeere pur enth\u00e4lt neben den Provitaminen A, B6, K und C aufgrund des Zusammenwirkens von Mikroorganismen auf der \u00e4u\u00dferen Fruchth\u00fclle auch Vitamin B12. Geeignet zur Herstellung von Teemischungen, Marmeladen, Br\u00e4nden. Sie wird auch &#8222;Zitrone des Nordens&#8220; genannt und hat seit alten Zeiten dazu beigetragen, die auf Vitamin-C-Mangel beruhende Seuche Skorbut\u00a0zu bek\u00e4mpfen.<\/span><\/span><\/p>\n<p style=\"font-size: 14px;font-family: Arial, Verdana, Helvetica\"><strong style=\"font-size: 14px;font-family: arial, verdana, helvetica\">Zutaten:\u00a0<\/strong><span style=\"font-size: 14px;font-family: arial, verdana, helvetica\">\u200bNilgiri-<\/span><span style=\"font-size: 14px;font-family: arial, verdana, helvetica\">, Ceylon-<\/span><span style=\"font-size: 14px;font-family: arial, verdana, helvetica\">, Darjeeling-<\/span><span style=\"font-size: 14px;font-family: arial, verdana, helvetica\">Blend, Sanddornbeeren<\/span><span style=\"font-size: 14px;font-family: arial, verdana, helvetica\"> 8 %, nat\u00fcrliches Aroma.\u00a0<\/span><\/p>\n<p style=\"font-size: 14px;font-family: Arial, Verdana, Helvetica\"><strong style=\"font-size: 14px;font-family: arial, verdana, helvetica\">\u200bSanddornduftig fruchtig, dunkelgolden, belebend.<br \/>\n<\/strong><\/p>\n<p style=\"font-size: 11px;font-family: 'Lucida Sans Unicode', 'Lucida Sans', Verdana, Helvetica\">\n","protected":false},"excerpt":{"rendered":"<p style=\"font-size: 14px;font-family: Arial, Verdana, Helvetica\"><span style=\"font-size: 14px;font-family: arial, verdana, helvetica\"><strong style=\"font-size: 14px\">Herkunft: <\/strong>erntefrische TEEhaus-Mischung.<\/span><\/p>\n<p><span style=\"font-size: 14px\"><span style=\"font-size: 14px;font-family: arial, verdana, helvetica\"><strong style=\"font-size: 14px\">Erl\u00e4uterung:\u00a0<\/strong>Die Sanddornbeere pur enth\u00e4lt neben den Provitaminen A, B6, K und C aufgrund des Zusammenwirkens von Mikroorganismen auf der \u00e4u\u00dferen Fruchth\u00fclle auch Vitamin B12. Geeignet zur Herstellung von Teemischungen, Marmeladen, Br\u00e4nden. Sie wird auch &#8222;Zitrone des Nordens&#8220; genannt und hat seit alten Zeiten dazu beigetragen, die auf Vitamin-C-Mangel beruhende Seuche Skorbut\u00a0zu bek\u00e4mpfen.<\/span><\/span><\/p>\n<p style=\"font-size: 14px;font-family: Arial, Verdana, Helvetica\"><strong style=\"font-size: 14px;font-family: arial, verdana, helvetica\">Zutaten:\u00a0<\/strong><span style=\"font-size: 14px;font-family: arial, verdana, helvetica\">\u200bNilgiri-<\/span><span style=\"font-size: 14px;font-family: arial, verdana, helvetica\">, Ceylon-<\/span><span style=\"font-size: 14px;font-family: arial, verdana, helvetica\">, Darjeeling-<\/span><span style=\"font-size: 14px;font-family: arial, verdana, helvetica\">Blend, Sanddornbeeren<\/span><span style=\"font-size: 14px;font-family: arial, verdana, helvetica\"> 8 %, nat\u00fcrliches Aroma.\u00a0<\/span><\/p>\n<p style=\"font-size: 14px;font-family: Arial, Verdana, Helvetica\"><strong style=\"font-size: 14px;font-family: arial, verdana, helvetica\">\u200bSanddornduftig fruchtig, dunkelgolden, belebend.<\/strong><\/p>\n","protected":false},"featured_media":7117,"template":"","meta":{"_acf_changed":false},"product_brand":[],"product_cat":[307],"product_tag":[],"class_list":{"0":"post-7116","1":"product","2":"type-product","3":"status-publish","4":"has-post-thumbnail","6":"product_cat-2200-2223-schwarzer-tee-aromatisiert","7":"pa_menge-50-g","8":"pa_menge-100-g","9":"pa_menge-125-g","10":"pa_menge-250-g","11":"pa_menge-500-g","12":"pa_menge-1-kg","14":"first","15":"instock","16":"taxable","17":"shipping-taxable","18":"purchasable","19":"product-type-variable","20":"has-default-attributes"},"acf":[],"_links":{"self":[{"href":"https:\/\/www.teehaus-janssen.de\/shop\/wp-json\/wp\/v2\/product\/7116","targetHints":{"allow":["GET"]}}],"collection":[{"href":"https:\/\/www.teehaus-janssen.de\/shop\/wp-json\/wp\/v2\/product"}],"about":[{"href":"https:\/\/www.teehaus-janssen.de\/shop\/wp-json\/wp\/v2\/types\/product"}],"wp:featuredmedia":[{"embeddable":true,"href":"https:\/\/www.teehaus-janssen.de\/shop\/wp-json\/wp\/v2\/media\/7117"}],"wp:attachment":[{"href":"https:\/\/www.teehaus-janssen.de\/shop\/wp-json\/wp\/v2\/media?parent=7116"}],"wp:term":[{"taxonomy":"product_brand","embeddable":true,"href":"https:\/\/www.teehaus-janssen.de\/shop\/wp-json\/wp\/v2\/product_brand?post=7116"},{"taxonomy":"product_cat","embeddable":true,"href":"https:\/\/www.teehaus-janssen.de\/shop\/wp-json\/wp\/v2\/product_cat?post=7116"},{"taxonomy":"product_tag","embeddable":true,"href":"https:\/\/www.teehaus-janssen.de\/shop\/wp-json\/wp\/v2\/product_tag?post=7116"}],"curies":[{"name":"wp","href":"https:\/\/api.w.org\/{rel}","templated":true}]}}